{"id":33633,"date":"2022-05-19T12:20:27","date_gmt":"2022-05-19T09:20:27","guid":{"rendered":"https:\/\/ddt.lv\/lv\/product\/nakts-gaismina-05w-230v-ip20-balts-zext\/"},"modified":"2026-04-08T14:32:12","modified_gmt":"2026-04-08T11:32:12","slug":"nakts-gaismina-05w-230v-ip20-balts-zext","status":"publish","type":"product","link":"https:\/\/ddt.lv\/lv\/product\/nakts-gaismina-05w-230v-ip20-balts-zext\/","title":{"rendered":"Nakts gaismi\u0146a 0,5W 230V IP20 balts ZEXT"},"content":{"rendered":"<p>LED naktslampas nodro\u0161ina diskr\u0113tu, pat\u012bkamu gaismu un dro\u0161\u012bbas saj\u016btu. Tie tiek darbin\u0101ti ar 230 V spriegumu tie\u0161i no elektr\u012bbas kontaktligzdas. Pateicoties ieb\u016bv\u0113tajam kr\u0113slas sensoram, tie autom\u0101tiski iesl\u0113dzas, kad telpa k\u013c\u016bst tum\u0161a, t\u0101d\u0113j\u0101di nodro\u0161inot dro\u0161u p\u0101rvieto\u0161anos pa m\u0101ju nakt\u012b.<\/p>\n<p>S\u012bk\u0101ku inform\u0101ciju par preci skatieties tehniskaj\u0101 aprakst\u0101.<\/p>","protected":false},"excerpt":{"rendered":"<p>LED naktslampas nodro\u0161ina diskr\u0113tu, pat\u012bkamu gaismu un dro\u0161\u012bbas saj\u016btu. Tie tiek darbin\u0101ti ar 230 V spriegumu tie\u0161i no elektr\u012bbas kontaktligzdas. Pateicoties ieb\u016bv\u0113tajam kr\u0113slas sensoram, tie autom\u0101tiski iesl\u0113dzas, kad telpa k\u013c\u016bst tum\u0161a, t\u0101d\u0113j\u0101di nodro\u0161inot dro\u0161u p\u0101rvieto\u0161anos pa m\u0101ju nakt\u012b. S\u012bk\u0101ku inform\u0101ciju par preci skatieties tehniskaj\u0101 aprakst\u0101.<\/p>\n","protected":false},"featured_media":33673,"comment_status":"closed","ping_status":"closed","template":"","meta":{"inline_featured_image":false},"product_cat":[1293],"product_tag":[],"yst_prominent_words":[],"class_list":{"0":"post-33633","1":"product","2":"type-product","3":"status-publish","4":"has-post-thumbnail","6":"product_cat-naktslampas","8":"first","9":"outofstock","10":"taxable","11":"shipping-taxable","12":"purchasable","13":"product-type-simple"},"jetpack_sharing_enabled":true,"_links":{"self":[{"href":"https:\/\/ddt.lv\/lv\/wp-json\/wp\/v2\/product\/33633"}],"collection":[{"href":"https:\/\/ddt.lv\/lv\/wp-json\/wp\/v2\/product"}],"about":[{"href":"https:\/\/ddt.lv\/lv\/wp-json\/wp\/v2\/types\/product"}],"replies":[{"embeddable":true,"href":"https:\/\/ddt.lv\/lv\/wp-json\/wp\/v2\/comments?post=33633"}],"wp:featuredmedia":[{"embeddable":true,"href":"https:\/\/ddt.lv\/lv\/wp-json\/wp\/v2\/media\/33673"}],"wp:attachment":[{"href":"https:\/\/ddt.lv\/lv\/wp-json\/wp\/v2\/media?parent=33633"}],"wp:term":[{"taxonomy":"product_cat","embeddable":true,"href":"https:\/\/ddt.lv\/lv\/wp-json\/wp\/v2\/product_cat?post=33633"},{"taxonomy":"product_tag","embeddable":true,"href":"https:\/\/ddt.lv\/lv\/wp-json\/wp\/v2\/product_tag?post=33633"},{"taxonomy":"yst_prominent_words","embeddable":true,"href":"https:\/\/ddt.lv\/lv\/wp-json\/wp\/v2\/yst_prominent_words?post=33633"}],"curies":[{"name":"wp","href":"https:\/\/api.w.org\/{rel}","templated":true}]}}