{"id":33627,"date":"2022-05-19T12:00:18","date_gmt":"2022-05-19T09:00:18","guid":{"rendered":"https:\/\/ddt.lv\/lv\/product\/multimetrs-digitals-dmm-ar-auto-diapaz-noteiksanu-1x9v-emos\/"},"modified":"2026-04-06T11:05:53","modified_gmt":"2026-04-06T08:05:53","slug":"multimetrs-digitals-dmm-ar-auto-diapaz-noteiksanu-1x9v-emos","status":"publish","type":"product","link":"https:\/\/ddt.lv\/lv\/product\/multimetrs-digitals-dmm-ar-auto-diapaz-noteiksanu-1x9v-emos\/","title":{"rendered":"Multimetrs digit\u0101ls DMM ar auto.diapaz.noteik\u0161anu 1x9V EMOS"},"content":{"rendered":"<p>Multimetrs ar uzlabot\u0101m funkcij\u0101m, profesion\u0101lai un hobiju intens\u012bvai lieto\u0161anai, elektroiek\u0101rt\u0101m un jauna elektrot\u012bkla uztur\u0113\u0161anai un izb\u016bvei. Ier\u012bcei ir ar\u012b visas standarta m\u0113r\u012b\u0161anas un citas uzlabot\u0101s funkcijas, ko var veikt ar m\u0113r\u012b\u0161anas uzga\u013ciem, turkl\u0101t tas \u013cauj fiks\u0113t m\u0113r\u012bjumus v\u0113l\u0101kai izv\u0113rt\u0113\u0161anai.<\/p>","protected":false},"excerpt":{"rendered":"<p>Multimetrs ar uzlabot\u0101m funkcij\u0101m, profesion\u0101lai un hobiju intens\u012bvai lieto\u0161anai, elektroiek\u0101rt\u0101m un jauna elektrot\u012bkla uztur\u0113\u0161anai un izb\u016bvei. Ier\u012bcei ir ar\u012b visas standarta m\u0113r\u012b\u0161anas un citas uzlabot\u0101s funkcijas, ko var veikt ar m\u0113r\u012b\u0161anas uzga\u013ciem, turkl\u0101t tas \u013cauj fiks\u0113t m\u0113r\u012bjumus v\u0113l\u0101kai izv\u0113rt\u0113\u0161anai.<\/p>\n","protected":false},"featured_media":33649,"comment_status":"closed","ping_status":"closed","template":"","meta":{"inline_featured_image":false},"product_cat":[1504],"product_tag":[],"yst_prominent_words":[],"class_list":{"0":"post-33627","1":"product","2":"type-product","3":"status-publish","4":"has-post-thumbnail","6":"product_cat-multimetri-un-testeri-merinstrumenti","8":"first","9":"outofstock","10":"taxable","11":"shipping-taxable","12":"purchasable","13":"product-type-simple"},"jetpack_sharing_enabled":true,"_links":{"self":[{"href":"https:\/\/ddt.lv\/lv\/wp-json\/wp\/v2\/product\/33627"}],"collection":[{"href":"https:\/\/ddt.lv\/lv\/wp-json\/wp\/v2\/product"}],"about":[{"href":"https:\/\/ddt.lv\/lv\/wp-json\/wp\/v2\/types\/product"}],"replies":[{"embeddable":true,"href":"https:\/\/ddt.lv\/lv\/wp-json\/wp\/v2\/comments?post=33627"}],"wp:featuredmedia":[{"embeddable":true,"href":"https:\/\/ddt.lv\/lv\/wp-json\/wp\/v2\/media\/33649"}],"wp:attachment":[{"href":"https:\/\/ddt.lv\/lv\/wp-json\/wp\/v2\/media?parent=33627"}],"wp:term":[{"taxonomy":"product_cat","embeddable":true,"href":"https:\/\/ddt.lv\/lv\/wp-json\/wp\/v2\/product_cat?post=33627"},{"taxonomy":"product_tag","embeddable":true,"href":"https:\/\/ddt.lv\/lv\/wp-json\/wp\/v2\/product_tag?post=33627"},{"taxonomy":"yst_prominent_words","embeddable":true,"href":"https:\/\/ddt.lv\/lv\/wp-json\/wp\/v2\/yst_prominent_words?post=33627"}],"curies":[{"name":"wp","href":"https:\/\/api.w.org\/{rel}","templated":true}]}}