{"id":33626,"date":"2022-05-19T12:00:18","date_gmt":"2022-05-19T09:00:18","guid":{"rendered":"https:\/\/ddt.lv\/lv\/product\/multimetrs-digitals-dmm-ar-man-diapaz-sledzi-3xaaa-emos\/"},"modified":"2026-04-06T11:05:53","modified_gmt":"2026-04-06T08:05:53","slug":"multimetrs-digitals-dmm-ar-man-diapaz-sledzi-3xaaa-emos","status":"publish","type":"product","link":"https:\/\/ddt.lv\/lv\/product\/multimetrs-digitals-dmm-ar-man-diapaz-sledzi-3xaaa-emos\/","title":{"rendered":"Multimetrs digit\u0101ls DMM ar man.diapaz.sl\u0113dzi 3xAAA EMOS"},"content":{"rendered":"<p>Vienk\u0101r\u0161s multimetrs hobija vajadz\u012bb\u0101m ikdienas elektroiek\u0101rtu apkopei un jauna elektrot\u012bkla izb\u016bvei. Papildus pamata m\u0113r\u012b\u0161anas funkcijai, ko var veikt ar visiem m\u0113r\u012b\u0161anas uzga\u013ciem, ier\u012bce pied\u0101v\u0101 ar\u012b da\u017eas uzlabotas m\u0113r\u012b\u0161anas funkcijas.<\/p>","protected":false},"excerpt":{"rendered":"<p>Vienk\u0101r\u0161s multimetrs hobija vajadz\u012bb\u0101m ikdienas elektroiek\u0101rtu apkopei un jauna elektrot\u012bkla izb\u016bvei. Papildus pamata m\u0113r\u012b\u0161anas funkcijai, ko var veikt ar visiem m\u0113r\u012b\u0161anas uzga\u013ciem, ier\u012bce pied\u0101v\u0101 ar\u012b da\u017eas uzlabotas m\u0113r\u012b\u0161anas funkcijas.<\/p>\n","protected":false},"featured_media":33646,"comment_status":"closed","ping_status":"closed","template":"","meta":{"inline_featured_image":false},"product_cat":[1504],"product_tag":[],"yst_prominent_words":[],"class_list":{"0":"post-33626","1":"product","2":"type-product","3":"status-publish","4":"has-post-thumbnail","6":"product_cat-multimetri-un-testeri-merinstrumenti","8":"first","9":"instock","10":"taxable","11":"shipping-taxable","12":"purchasable","13":"product-type-simple"},"jetpack_sharing_enabled":true,"_links":{"self":[{"href":"https:\/\/ddt.lv\/lv\/wp-json\/wp\/v2\/product\/33626"}],"collection":[{"href":"https:\/\/ddt.lv\/lv\/wp-json\/wp\/v2\/product"}],"about":[{"href":"https:\/\/ddt.lv\/lv\/wp-json\/wp\/v2\/types\/product"}],"replies":[{"embeddable":true,"href":"https:\/\/ddt.lv\/lv\/wp-json\/wp\/v2\/comments?post=33626"}],"wp:featuredmedia":[{"embeddable":true,"href":"https:\/\/ddt.lv\/lv\/wp-json\/wp\/v2\/media\/33646"}],"wp:attachment":[{"href":"https:\/\/ddt.lv\/lv\/wp-json\/wp\/v2\/media?parent=33626"}],"wp:term":[{"taxonomy":"product_cat","embeddable":true,"href":"https:\/\/ddt.lv\/lv\/wp-json\/wp\/v2\/product_cat?post=33626"},{"taxonomy":"product_tag","embeddable":true,"href":"https:\/\/ddt.lv\/lv\/wp-json\/wp\/v2\/product_tag?post=33626"},{"taxonomy":"yst_prominent_words","embeddable":true,"href":"https:\/\/ddt.lv\/lv\/wp-json\/wp\/v2\/yst_prominent_words?post=33626"}],"curies":[{"name":"wp","href":"https:\/\/api.w.org\/{rel}","templated":true}]}}