{"id":33625,"date":"2022-05-19T12:00:16","date_gmt":"2022-05-19T09:00:16","guid":{"rendered":"https:\/\/ddt.lv\/lv\/product\/velo-lukturu-komplekts-2gab-led-90lm-35m-micro-usb-b-lad\/"},"modified":"2026-04-13T10:05:53","modified_gmt":"2026-04-13T07:05:53","slug":"velo-lukturu-komplekts-2gab-led-90lm-35m-micro-usb-b-lad","status":"publish","type":"product","link":"https:\/\/ddt.lv\/lv\/product\/velo-lukturu-komplekts-2gab-led-90lm-35m-micro-usb-b-lad\/","title":{"rendered":"Velo lukturu komplekts 2gab LED 90lm 35m micro USB B l\u0101d."},"content":{"rendered":"<p>Velo LED lukturu komplekts, kas sast\u0101v no 2 lukturiem &#8211; priek\u0161\u0113j\u0101 un aizmugr\u0113j\u0101 luktura. Uzl\u0101d\u0113jams ar\u00a0 komplekt\u0101 iek\u013cautu micro USB l\u0101d\u0113t\u0101ju. Main\u0101ma gaismas intensit\u0101te &#8211; LED 100% &#8211; 90 lm\/2 stundas, LED 50% &#8211; 20 lm\/5 stundas.<\/p>","protected":false},"excerpt":{"rendered":"<p>Velo LED lukturu komplekts, kas sast\u0101v no 2 lukturiem &#8211; priek\u0161\u0113j\u0101 un aizmugr\u0113j\u0101 luktura. Uzl\u0101d\u0113jams ar\u00a0 komplekt\u0101 iek\u013cautu micro USB l\u0101d\u0113t\u0101ju. Main\u0101ma gaismas intensit\u0101te &#8211; LED 100% &#8211; 90 lm\/2 stundas, LED 50% &#8211; 20 lm\/5 stundas.<\/p>\n","protected":false},"featured_media":33636,"comment_status":"closed","ping_status":"closed","template":"","meta":{"inline_featured_image":false},"product_cat":[1328],"product_tag":[],"yst_prominent_words":[],"class_list":{"0":"post-33625","1":"product","2":"type-product","3":"status-publish","4":"has-post-thumbnail","6":"product_cat-velo-lukturi","8":"first","9":"instock","10":"taxable","11":"shipping-taxable","12":"purchasable","13":"product-type-simple"},"jetpack_sharing_enabled":true,"_links":{"self":[{"href":"https:\/\/ddt.lv\/lv\/wp-json\/wp\/v2\/product\/33625"}],"collection":[{"href":"https:\/\/ddt.lv\/lv\/wp-json\/wp\/v2\/product"}],"about":[{"href":"https:\/\/ddt.lv\/lv\/wp-json\/wp\/v2\/types\/product"}],"replies":[{"embeddable":true,"href":"https:\/\/ddt.lv\/lv\/wp-json\/wp\/v2\/comments?post=33625"}],"wp:featuredmedia":[{"embeddable":true,"href":"https:\/\/ddt.lv\/lv\/wp-json\/wp\/v2\/media\/33636"}],"wp:attachment":[{"href":"https:\/\/ddt.lv\/lv\/wp-json\/wp\/v2\/media?parent=33625"}],"wp:term":[{"taxonomy":"product_cat","embeddable":true,"href":"https:\/\/ddt.lv\/lv\/wp-json\/wp\/v2\/product_cat?post=33625"},{"taxonomy":"product_tag","embeddable":true,"href":"https:\/\/ddt.lv\/lv\/wp-json\/wp\/v2\/product_tag?post=33625"},{"taxonomy":"yst_prominent_words","embeddable":true,"href":"https:\/\/ddt.lv\/lv\/wp-json\/wp\/v2\/yst_prominent_words?post=33625"}],"curies":[{"name":"wp","href":"https:\/\/api.w.org\/{rel}","templated":true}]}}