{"id":33601,"date":"2022-05-17T21:40:26","date_gmt":"2022-05-17T18:40:26","guid":{"rendered":"https:\/\/ddt.lv\/lv\/product\/maizes-krasns-top-edition-1200g-unold-2\/"},"modified":"2026-04-08T14:45:25","modified_gmt":"2026-04-08T11:45:25","slug":"maizes-krasns-top-edition-1200g-unold-2","status":"publish","type":"product","link":"https:\/\/ddt.lv\/lv\/product\/maizes-krasns-top-edition-1200g-unold\/","title":{"rendered":"Maizes kr\u0101sns BIG 1500g 850W melna UNOLD"},"content":{"rendered":"<p>Gai\u0161s, vid\u0113js vai tum\u0161s \u2013 BPA nesaturo\u0161s maizes cep\u0113js BACKMEISTER\u00ae Big Black pied\u0101v\u0101 v\u0113lamo apbr\u016bnin\u0101\u0161anas pak\u0101pi un v\u0113lamo maizes izm\u0113ru: \u00a0vari izv\u0113l\u0113ties vienu no 3 izm\u0113riem, maizes kukul\u012b\u0161us &#8211; 1000, 1250 vai 1500g. Un ar to da\u017e\u0101d\u012bba nebeidzas! 15 iepriek\u0161 iestat\u012btas programmas ir m\u0101jas daudzveid\u012bbas pamat\u0101. Piem. bezglut\u0113na maizei, iev\u0101r\u012bjumam\/marmel\u0101dei, k\u016bkai, makaronu m\u012bklai, jogurtam. Jaud\u012bgais un iztur\u012bgais motors lieliski sajauc visas sast\u0101vda\u013cas lielaj\u0101 iz\u0146emamaj\u0101 maizes veidn\u0113 (ar keramikas nepiedego\u0161o p\u0101rkl\u0101jumu) un div\u0101m l\u0101psti\u0146\u0101m. Divi lieli logi \u013cauj sekot l\u012bdzi programmu norisei.<\/p>\n<p>Taimera poga \u013cauj iepriek\u0161 iestat\u012bt atlikto startu l\u012bdz 15 stund\u0101m \u2013 un str\u0101vas padeves p\u0101rtraukuma gad\u012bjum\u0101 programmas statuss tiek saglab\u0101ts apm\u0113ram 15 min\u016btes un turpin\u0101s ar izv\u0113l\u0113to programmu p\u0113c str\u0101vas padeves atjauno\u0161anas. Lietot\u0101jam draudz\u012bgais, apgaismotais LCD displejs \u013cauj izv\u0113l\u0113ties maizes izm\u0113ru un apbr\u016bnin\u0101\u0161anas pak\u0101pi \u2013 un pat gatavojot smagu maizes m\u012bklu, maizes cep\u0113ja BACKMEISTER\u00ae Big Black nesl\u012bdo\u0161\u0101s k\u0101jas nodro\u0161ina dro\u0161u stat\u012bvu. Vis\u0101 komplekt\u0101 ietilpst m\u0113rtrauks un karote, 2 m\u012bc\u012b\u0161anas l\u0101psti\u0146as, iz\u0146emama maizes veidne un lieto\u0161anas instrukcija ar daudz\u0101m recept\u0113m.<\/p>\n<p>Lejupl\u0101d\u0113jamaj\u0101 pdf lieto\u0161anas instrukcij\u0101 atrad\u012bsiet vair\u0101kas receptes gardas maizes pagatavo\u0161anai.<\/p>","protected":false},"excerpt":{"rendered":"<p>Gai\u0161s, vid\u0113js vai tum\u0161s \u2013 BPA nesaturo\u0161s maizes cep\u0113js BACKMEISTER\u00ae Big Black pied\u0101v\u0101 v\u0113lamo apbr\u016bnin\u0101\u0161anas pak\u0101pi un v\u0113lamo maizes izm\u0113ru: \u00a0vari izv\u0113l\u0113ties vienu no 3 izm\u0113riem, maizes kukul\u012b\u0161us &#8211; 1000, 1250 vai 1500g. Un ar to da\u017e\u0101d\u012bba nebeidzas! 15 iepriek\u0161 iestat\u012btas programmas ir m\u0101jas daudzveid\u012bbas pamat\u0101. Piem. bezglut\u0113na maizei, iev\u0101r\u012bjumam\/marmel\u0101dei, k\u016bkai, makaronu m\u012bklai, jogurtam. Jaud\u012bgais [&hellip;]<\/p>\n","protected":false},"featured_media":33611,"comment_status":"closed","ping_status":"closed","template":"","meta":{"inline_featured_image":false},"product_cat":[536],"product_tag":[],"yst_prominent_words":[],"class_list":{"0":"post-33601","1":"product","2":"type-product","3":"status-publish","4":"has-post-thumbnail","6":"product_cat-elektriskas-krasnis","8":"first","9":"outofstock","10":"taxable","11":"shipping-taxable","12":"purchasable","13":"product-type-simple"},"jetpack_sharing_enabled":true,"_links":{"self":[{"href":"https:\/\/ddt.lv\/lv\/wp-json\/wp\/v2\/product\/33601"}],"collection":[{"href":"https:\/\/ddt.lv\/lv\/wp-json\/wp\/v2\/product"}],"about":[{"href":"https:\/\/ddt.lv\/lv\/wp-json\/wp\/v2\/types\/product"}],"replies":[{"embeddable":true,"href":"https:\/\/ddt.lv\/lv\/wp-json\/wp\/v2\/comments?post=33601"}],"wp:featuredmedia":[{"embeddable":true,"href":"https:\/\/ddt.lv\/lv\/wp-json\/wp\/v2\/media\/33611"}],"wp:attachment":[{"href":"https:\/\/ddt.lv\/lv\/wp-json\/wp\/v2\/media?parent=33601"}],"wp:term":[{"taxonomy":"product_cat","embeddable":true,"href":"https:\/\/ddt.lv\/lv\/wp-json\/wp\/v2\/product_cat?post=33601"},{"taxonomy":"product_tag","embeddable":true,"href":"https:\/\/ddt.lv\/lv\/wp-json\/wp\/v2\/product_tag?post=33601"},{"taxonomy":"yst_prominent_words","embeddable":true,"href":"https:\/\/ddt.lv\/lv\/wp-json\/wp\/v2\/yst_prominent_words?post=33601"}],"curies":[{"name":"wp","href":"https:\/\/api.w.org\/{rel}","templated":true}]}}