{"id":33600,"date":"2022-05-17T21:40:26","date_gmt":"2022-05-17T18:40:26","guid":{"rendered":"https:\/\/ddt.lv\/lv\/product\/maizes-krasns-top-edition-1200g-unold\/"},"modified":"2026-04-08T14:45:25","modified_gmt":"2026-04-08T11:45:25","slug":"maizes-krasns-top-edition-1200g-unold","status":"publish","type":"product","link":"https:\/\/ddt.lv\/lv\/product\/maizes-krasns-top-edition-1200g-unold-2\/","title":{"rendered":"Maizes kr\u0101sns BIG 1500g 850W balta UNOLD"},"content":{"rendered":"<p>Ar BPA nesaturo\u0161o maizes kr\u0101sni Unold Backmeister Big White maize praktiski uzcepas pati. Stil\u012bgaj\u0101, ar neuzkarsto\u0161u korpusu apr\u012bkotaj\u0101 maizes cep\u0161anas kr\u0101sni\u0146\u0101 iesp\u0113jams pagatavot no 1000 l\u012bdz 1500 gramus smagu kukul\u012bti, vari izv\u0113l\u0113ties vienu no 3 izm\u0113riem maizes kukul\u012b\u0161us &#8211; 1000, 1250 vai 1500g. Ar 15 cep\u0161anas programm\u0101m, no kur\u0101m viena &#8211; speci\u0101la programma bezglut\u0113na maizei. T\u0101 k\u0101 maizes cep\u0161anas trauks un m\u012bklas mais\u012bt\u0101js &#8211; abi p\u0101rkl\u0101ti ar nepiedego\u0161u p\u0101rkl\u0101jumu, tos ir pavisam viegli ar\u012b nomazg\u0101t. Programmas izv\u0113le, izmantojot lietot\u0101jam viegli saprotamu, izgaismotu LCD displeju. Taimera poga, kuru var ieprogramm\u0113t l\u012bdz pat 15 stund\u0101m un garozi\u0146as br\u016bnuma pak\u0101pes izv\u0113le &#8211; divas \u013coti praktiskas \u0161\u012bs maizes kr\u0101sns funkcijas. Kad beidzas cep\u0161anas process, maizes kr\u0101sni\u0146a autom\u0101tiski p\u0101rsl\u0113dzas sild\u012b\u0161anas re\u017e\u012bm\u0101, kas ilgst l\u012bdz pat 60 min\u016bt\u0113m. \u012aslaic\u012bga elektr\u012bbas padeves p\u0101rtraukuma gad\u012bjum\u0101 maizes kr\u0101sni\u0146a turpin\u0101s darbu autom\u0101tiski, ja elektr\u012bba tiks atjaunota 15 min\u016b\u0161u laik\u0101.<\/p>\n<p>Lejupl\u0101d\u0113jamaj\u0101 pdf lieto\u0161anas instrukcij\u0101 atrad\u012bsiet vair\u0101kas receptes gardas maizes pagatavo\u0161anai.<\/p>","protected":false},"excerpt":{"rendered":"<p>Ar BPA nesaturo\u0161o maizes kr\u0101sni Unold Backmeister Big White maize praktiski uzcepas pati. Stil\u012bgaj\u0101, ar neuzkarsto\u0161u korpusu apr\u012bkotaj\u0101 maizes cep\u0161anas kr\u0101sni\u0146\u0101 iesp\u0113jams pagatavot no 1000 l\u012bdz 1500 gramus smagu kukul\u012bti, vari izv\u0113l\u0113ties vienu no 3 izm\u0113riem maizes kukul\u012b\u0161us &#8211; 1000, 1250 vai 1500g. Ar 15 cep\u0161anas programm\u0101m, no kur\u0101m viena &#8211; speci\u0101la programma bezglut\u0113na maizei. [&hellip;]<\/p>\n","protected":false},"featured_media":33618,"comment_status":"closed","ping_status":"closed","template":"","meta":{"inline_featured_image":false},"product_cat":[536],"product_tag":[],"yst_prominent_words":[],"class_list":{"0":"post-33600","1":"product","2":"type-product","3":"status-publish","4":"has-post-thumbnail","6":"product_cat-elektriskas-krasnis","8":"first","9":"outofstock","10":"taxable","11":"shipping-taxable","12":"purchasable","13":"product-type-simple"},"jetpack_sharing_enabled":true,"_links":{"self":[{"href":"https:\/\/ddt.lv\/lv\/wp-json\/wp\/v2\/product\/33600"}],"collection":[{"href":"https:\/\/ddt.lv\/lv\/wp-json\/wp\/v2\/product"}],"about":[{"href":"https:\/\/ddt.lv\/lv\/wp-json\/wp\/v2\/types\/product"}],"replies":[{"embeddable":true,"href":"https:\/\/ddt.lv\/lv\/wp-json\/wp\/v2\/comments?post=33600"}],"wp:featuredmedia":[{"embeddable":true,"href":"https:\/\/ddt.lv\/lv\/wp-json\/wp\/v2\/media\/33618"}],"wp:attachment":[{"href":"https:\/\/ddt.lv\/lv\/wp-json\/wp\/v2\/media?parent=33600"}],"wp:term":[{"taxonomy":"product_cat","embeddable":true,"href":"https:\/\/ddt.lv\/lv\/wp-json\/wp\/v2\/product_cat?post=33600"},{"taxonomy":"product_tag","embeddable":true,"href":"https:\/\/ddt.lv\/lv\/wp-json\/wp\/v2\/product_tag?post=33600"},{"taxonomy":"yst_prominent_words","embeddable":true,"href":"https:\/\/ddt.lv\/lv\/wp-json\/wp\/v2\/yst_prominent_words?post=33600"}],"curies":[{"name":"wp","href":"https:\/\/api.w.org\/{rel}","templated":true}]}}