{"id":33599,"date":"2022-05-17T21:40:25","date_gmt":"2022-05-17T18:40:25","guid":{"rendered":"https:\/\/ddt.lv\/lv\/product\/kartsta-gaisa-friteris-aerogrils-air-fryer-xl-1400w-5l-unold\/"},"modified":"2026-04-08T14:41:40","modified_gmt":"2026-04-08T11:41:40","slug":"kartsta-gaisa-friteris-aerogrils-air-fryer-xl-1400w-5l-unold","status":"publish","type":"product","link":"https:\/\/ddt.lv\/lv\/product\/kartsta-gaisa-friteris-aerogrils-air-fryer-xl-1400w-5l-unold\/","title":{"rendered":"Kartst\u0101 gaisa friteris-aerogrils AIR FRYER XL 1400W 5L UNOLD"},"content":{"rendered":"<p>Lieliska gar\u0161a bez sirdsapzi\u0146as p\u0101rmetumiem. T\u0101da b\u016bs J\u016bsu iecien\u012bt\u0101ko gardumu pagatavo\u0161ana ar aerogrilu Unold XL. Ar zemu tauku saturu &#8211; pateicoties iesp\u0113jai gatavot izmantojot par 75 % maz\u0101k e\u013c\u013cas k\u0101 parastaj\u0101 friter\u012b, pagatavotais \u0113diens izdodas gar\u0161\u012bgs, krauk\u0161\u0137\u012bgs un ar zemu tauku saturu. XL ietilp\u012bba &#8211; ar \u012bpa\u0161i lielo XL ietilp\u012bbu 5,01 vien\u0101 reiz\u0113 iesp\u0113jams pagatavot 0.5kg frit\u0113tu kartupel\u012b\u0161u. Temperat\u016bras izv\u0113le no + 80 \u00b0 C l\u012bdz + 200 \u00b0 C. Pagatavojiet \u0113dienu \u0101tr\u0101k, vesel\u012bgi un krauk\u0161\u0137\u012bgu. Funkcionalit\u0101te &#8211; apr\u012bkots ar regul\u0113jamu laiku un temperat\u016bru.<\/p>","protected":false},"excerpt":{"rendered":"<p>Lieliska gar\u0161a bez sirdsapzi\u0146as p\u0101rmetumiem. T\u0101da b\u016bs J\u016bsu iecien\u012bt\u0101ko gardumu pagatavo\u0161ana ar aerogrilu Unold XL. Ar zemu tauku saturu &#8211; pateicoties iesp\u0113jai gatavot izmantojot par 75 % maz\u0101k e\u013c\u013cas k\u0101 parastaj\u0101 friter\u012b, pagatavotais \u0113diens izdodas gar\u0161\u012bgs, krauk\u0161\u0137\u012bgs un ar zemu tauku saturu. XL ietilp\u012bba &#8211; ar \u012bpa\u0161i lielo XL ietilp\u012bbu 5,01 vien\u0101 reiz\u0113 iesp\u0113jams pagatavot [&hellip;]<\/p>\n","protected":false},"featured_media":33607,"comment_status":"closed","ping_status":"closed","template":"","meta":{"inline_featured_image":false},"product_cat":[525],"product_tag":[],"yst_prominent_words":[],"class_list":{"0":"post-33599","1":"product","2":"type-product","3":"status-publish","4":"has-post-thumbnail","6":"product_cat-taukvaresrisufritesanas-katl","8":"first","9":"outofstock","10":"taxable","11":"shipping-taxable","12":"purchasable","13":"product-type-simple"},"jetpack_sharing_enabled":true,"_links":{"self":[{"href":"https:\/\/ddt.lv\/lv\/wp-json\/wp\/v2\/product\/33599"}],"collection":[{"href":"https:\/\/ddt.lv\/lv\/wp-json\/wp\/v2\/product"}],"about":[{"href":"https:\/\/ddt.lv\/lv\/wp-json\/wp\/v2\/types\/product"}],"replies":[{"embeddable":true,"href":"https:\/\/ddt.lv\/lv\/wp-json\/wp\/v2\/comments?post=33599"}],"wp:featuredmedia":[{"embeddable":true,"href":"https:\/\/ddt.lv\/lv\/wp-json\/wp\/v2\/media\/33607"}],"wp:attachment":[{"href":"https:\/\/ddt.lv\/lv\/wp-json\/wp\/v2\/media?parent=33599"}],"wp:term":[{"taxonomy":"product_cat","embeddable":true,"href":"https:\/\/ddt.lv\/lv\/wp-json\/wp\/v2\/product_cat?post=33599"},{"taxonomy":"product_tag","embeddable":true,"href":"https:\/\/ddt.lv\/lv\/wp-json\/wp\/v2\/product_tag?post=33599"},{"taxonomy":"yst_prominent_words","embeddable":true,"href":"https:\/\/ddt.lv\/lv\/wp-json\/wp\/v2\/yst_prominent_words?post=33599"}],"curies":[{"name":"wp","href":"https:\/\/api.w.org\/{rel}","templated":true}]}}