{"id":33572,"date":"2022-05-17T07:10:28","date_gmt":"2022-05-17T04:10:28","guid":{"rendered":"https:\/\/ddt.lv\/lv\/product\/33572\/"},"modified":"2026-04-08T14:31:24","modified_gmt":"2026-04-08T11:31:24","slug":"33572","status":"publish","type":"product","link":"https:\/\/ddt.lv\/lv\/product\/vafelu-panna-heart-2v-unold\/","title":{"rendered":"Vafe\u013cu panna Heart 2v UNOLD"},"content":{"rendered":"<p><\/p>\n<div dir=\"auto\">Vasaras ball\u012bte skol\u0101 vai b\u0113rnud\u0101rz\u0101? Un k\u0101 ar vafel\u0113m? \u0160\u0101dos pas\u0101kumos dubult\u0101 sirsni\u0146u vafe\u013cu panna Unold b\u016bs \u012bpa\u0161i noder\u012bga! Elegant\u0101, ner\u016bs\u0113jo\u0161\u0101 t\u0113rauda korpusa vafe\u013cu panna cep divas gardas sirds formu vafeles vienlaic\u012bgi un, pateicoties pannas iek\u0161\u0113jam nepiedego\u0161am p\u0101rkl\u0101jumam, nekas nepiedeg un nepiel\u012bp. Temperat\u016bras regul\u0113\u0161anas funkcija \u013cauj pagatavot tie\u0161i J\u016bsu gaumei atbilsto\u0161i br\u016bnas un krauk\u0161\u0137\u012bgas vafeles. Pateicoties termoizol\u0113tam rokturim, vafe\u013cu pannu var vienk\u0101r\u0161i atv\u0113rt, nelietojot virtuves cimdu. Praktiski: dubult\u0101 sirsni\u0146u vafe\u013cu panna apr\u012bkota ar vietu vada uzglab\u0101\u0161anai ier\u012bces apak\u0161\u0101, un, pateicoties t\u0101s pl\u0101najam dizainam, to var novietot skap\u012b ar\u012b vertik\u0101li, t\u0101dej\u0101di neaiz\u0146emot daudz vietas.<\/div>\n<div dir=\"auto\">Lejupl\u0101d\u0113jamaj\u0101 pdf lieto\u0161anas instrukcij\u0101 atrad\u012bsiet vair\u0101kas receptes gardu vafe\u013cu pagatavo\u0161anai.<\/div>\n<div dir=\"auto\"><\/div>\n<p><\/p>","protected":false},"excerpt":{"rendered":"<p>Vasaras ball\u012bte skol\u0101 vai b\u0113rnud\u0101rz\u0101? Un k\u0101 ar vafel\u0113m? \u0160\u0101dos pas\u0101kumos dubult\u0101 sirsni\u0146u vafe\u013cu panna Unold b\u016bs \u012bpa\u0161i noder\u012bga! Elegant\u0101, ner\u016bs\u0113jo\u0161\u0101 t\u0113rauda korpusa vafe\u013cu panna cep divas gardas sirds formu vafeles vienlaic\u012bgi un, pateicoties pannas iek\u0161\u0113jam nepiedego\u0161am p\u0101rkl\u0101jumam, nekas nepiedeg un nepiel\u012bp. Temperat\u016bras regul\u0113\u0161anas funkcija \u013cauj pagatavot tie\u0161i J\u016bsu gaumei atbilsto\u0161i br\u016bnas un krauk\u0161\u0137\u012bgas vafeles. [&hellip;]<\/p>\n","protected":false},"featured_media":33574,"comment_status":"closed","ping_status":"closed","template":"","meta":{"inline_featured_image":false},"product_cat":[532],"product_tag":[],"yst_prominent_words":[],"class_list":{"0":"post-33572","1":"product","2":"type-product","3":"status-publish","4":"has-post-thumbnail","6":"product_cat-vafelu-pankuku-pannas","8":"first","9":"instock","10":"taxable","11":"shipping-taxable","12":"purchasable","13":"product-type-simple"},"jetpack_sharing_enabled":true,"_links":{"self":[{"href":"https:\/\/ddt.lv\/lv\/wp-json\/wp\/v2\/product\/33572"}],"collection":[{"href":"https:\/\/ddt.lv\/lv\/wp-json\/wp\/v2\/product"}],"about":[{"href":"https:\/\/ddt.lv\/lv\/wp-json\/wp\/v2\/types\/product"}],"replies":[{"embeddable":true,"href":"https:\/\/ddt.lv\/lv\/wp-json\/wp\/v2\/comments?post=33572"}],"wp:featuredmedia":[{"embeddable":true,"href":"https:\/\/ddt.lv\/lv\/wp-json\/wp\/v2\/media\/33574"}],"wp:attachment":[{"href":"https:\/\/ddt.lv\/lv\/wp-json\/wp\/v2\/media?parent=33572"}],"wp:term":[{"taxonomy":"product_cat","embeddable":true,"href":"https:\/\/ddt.lv\/lv\/wp-json\/wp\/v2\/product_cat?post=33572"},{"taxonomy":"product_tag","embeddable":true,"href":"https:\/\/ddt.lv\/lv\/wp-json\/wp\/v2\/product_tag?post=33572"},{"taxonomy":"yst_prominent_words","embeddable":true,"href":"https:\/\/ddt.lv\/lv\/wp-json\/wp\/v2\/yst_prominent_words?post=33572"}],"curies":[{"name":"wp","href":"https:\/\/api.w.org\/{rel}","templated":true}]}}