{"id":33570,"date":"2022-05-17T07:10:27","date_gmt":"2022-05-17T04:10:27","guid":{"rendered":"https:\/\/ddt.lv\/lv\/product\/citrusauglu-suluspiede-power-juicy-300w-balta-unold\/"},"modified":"2026-04-08T14:41:52","modified_gmt":"2026-04-08T11:41:52","slug":"citrusauglu-suluspiede-power-juicy-300w-balta-unold","status":"publish","type":"product","link":"https:\/\/ddt.lv\/lv\/product\/citrusauglu-suluspiede-power-juicy-300w-balta-unold\/","title":{"rendered":"Citrusaug\u013cu suluspiede Power Juicy, citrus juicer 300W  balta UNOLD"},"content":{"rendered":"<p><span class=\"JLqJ4b ChMk0b\" data-language-for-alternatives=\"lv\" data-language-to-translate-into=\"de\" data-phrase-index=\"0\" data-number-of-phrases=\"2\"><span class=\"Q4iAWc\">Beidzot citrusaug\u013cu prese, kas padara citrusaug\u013cu spie\u0161anu patiesi jautru: Power Juicy citrusaug\u013cu spiedes\u00a0 sviru var darbin\u0101t ar nelielu piep\u016bli, un tas padara spie\u0161anu par b\u0113rnu sp\u0113li.<\/span><\/span> <span class=\"JLqJ4b ChMk0b\" data-language-for-alternatives=\"lv\" data-language-to-translate-into=\"de\" data-phrase-index=\"1\" data-number-of-phrases=\"2\"><span class=\"Q4iAWc\">Lai izspiestu aug\u013cu sulu, Power Juicy ir divi da\u017e\u0101da izm\u0113ra sulas spie\u0161anas konusi: lieliem un maziem citrusaug\u013ciem.<\/span><\/span><\/p>","protected":false},"excerpt":{"rendered":"<p>Beidzot citrusaug\u013cu prese, kas padara citrusaug\u013cu spie\u0161anu patiesi jautru: Power Juicy citrusaug\u013cu spiedes\u00a0 sviru var darbin\u0101t ar nelielu piep\u016bli, un tas padara spie\u0161anu par b\u0113rnu sp\u0113li. Lai izspiestu aug\u013cu sulu, Power Juicy ir divi da\u017e\u0101da izm\u0113ra sulas spie\u0161anas konusi: lieliem un maziem citrusaug\u013ciem.<\/p>\n","protected":false},"featured_media":33578,"comment_status":"closed","ping_status":"closed","template":"","meta":{"inline_featured_image":false},"product_cat":[535],"product_tag":[],"yst_prominent_words":[],"class_list":{"0":"post-33570","1":"product","2":"type-product","3":"status-publish","4":"has-post-thumbnail","6":"product_cat-blenderimikserisulasspiedes","8":"first","9":"instock","10":"taxable","11":"shipping-taxable","12":"purchasable","13":"product-type-simple"},"jetpack_sharing_enabled":true,"_links":{"self":[{"href":"https:\/\/ddt.lv\/lv\/wp-json\/wp\/v2\/product\/33570"}],"collection":[{"href":"https:\/\/ddt.lv\/lv\/wp-json\/wp\/v2\/product"}],"about":[{"href":"https:\/\/ddt.lv\/lv\/wp-json\/wp\/v2\/types\/product"}],"replies":[{"embeddable":true,"href":"https:\/\/ddt.lv\/lv\/wp-json\/wp\/v2\/comments?post=33570"}],"wp:featuredmedia":[{"embeddable":true,"href":"https:\/\/ddt.lv\/lv\/wp-json\/wp\/v2\/media\/33578"}],"wp:attachment":[{"href":"https:\/\/ddt.lv\/lv\/wp-json\/wp\/v2\/media?parent=33570"}],"wp:term":[{"taxonomy":"product_cat","embeddable":true,"href":"https:\/\/ddt.lv\/lv\/wp-json\/wp\/v2\/product_cat?post=33570"},{"taxonomy":"product_tag","embeddable":true,"href":"https:\/\/ddt.lv\/lv\/wp-json\/wp\/v2\/product_tag?post=33570"},{"taxonomy":"yst_prominent_words","embeddable":true,"href":"https:\/\/ddt.lv\/lv\/wp-json\/wp\/v2\/yst_prominent_words?post=33570"}],"curies":[{"name":"wp","href":"https:\/\/api.w.org\/{rel}","templated":true}]}}