{"id":33569,"date":"2022-05-17T07:10:27","date_gmt":"2022-05-17T04:10:27","guid":{"rendered":"https:\/\/ddt.lv\/lv\/product\/elektriska-tejkanna-ar-regulejamu-temperaturu-1-5l-unold-2\/"},"modified":"2026-04-06T10:51:55","modified_gmt":"2026-04-06T07:51:55","slug":"elektriska-tejkanna-ar-regulejamu-temperaturu-1-5l-unold-2","status":"publish","type":"product","link":"https:\/\/ddt.lv\/lv\/product\/elektriska-tejkanna-ar-regulejamu-temperaturu-1-5l-unold-2\/","title":{"rendered":"Elektrisk\u0101 t\u0113jkanna TERMO 1.5l UNOLD"},"content":{"rendered":"<p>KETTLE Thermo \u013cauj ne tikai \u0101tri uzv\u0101r\u012bt apm. 1,5 l \u016bdens. T\u0113jkanna ar dubultsienu vakuuma izol\u0101ciju kalpo ar\u012b k\u0101 jauka termo karafe: \u016bdens temperat\u016bra 70\u00b0C tiek notur\u0113ta aptuveni 2 stundas, un ar\u012b p\u0113c 4 stund\u0101m \u016bdens temperat\u016bra joproj\u0101m ir 60\u00b0C! Ide\u0101las temperat\u016bras, piem. baltajai vai za\u013cajai t\u0113jai. No\u0146emam\u0101s, bezvadu t\u0113jkannas \u0101rpuse paliek tikai remdena v\u0113s\u0101s piesk\u0101riena apdares d\u0113\u013c. T\u0101p\u0113c nav apdeguma riska. Aizsardz\u012bba pret v\u0101r\u012b\u0161anu un autom\u0101tisk\u0101 aptur\u0113\u0161ana nodro\u0161ina dro\u0161u darb\u012bbu. Un 360\u00b0 rot\u0113jo\u0161ais savienojums uzlabo elast\u012bbu.<\/p>\n<p>Komforts ir galvenais t\u0113jkannas Thermo jaut\u0101jums: v\u0101ku ar dro\u0161\u012bbas sl\u0113dzeni var atv\u0113rt, nospie\u017eot atv\u0113r\u0161anas pogu. Liel\u0101 atvere un sl\u0113ptais sildelements nodro\u0161ina vieglu t\u012br\u012b\u0161anu. IESL\u0112G\u0160ANAS\/IZSL\u0112G\u0160ANAS sl\u0113dzis ar ieb\u016bv\u0113to funkciju kontrollampi\u0146u signaliz\u0113: tiks uzv\u0101r\u012bts \u016bdens! T\u0113jai, \u0161\u0137\u012bsto\u0161\u0101m uzkod\u0101m pusdien\u0101s vai svaigi pagatavotai filtra kafijai. Un, ja nav nepiecie\u0161ams karstais \u016bdens, ier\u012bci var viegli uzglab\u0101t, jo pamatn\u0113 ir 70 cm kabelis.<\/p>","protected":false},"excerpt":{"rendered":"<p>KETTLE Thermo \u013cauj ne tikai \u0101tri uzv\u0101r\u012bt apm. 1,5 l \u016bdens. T\u0113jkanna ar dubultsienu vakuuma izol\u0101ciju kalpo ar\u012b k\u0101 jauka termo karafe: \u016bdens temperat\u016bra 70\u00b0C tiek notur\u0113ta aptuveni 2 stundas, un ar\u012b p\u0113c 4 stund\u0101m \u016bdens temperat\u016bra joproj\u0101m ir 60\u00b0C! Ide\u0101las temperat\u016bras, piem. baltajai vai za\u013cajai t\u0113jai. No\u0146emam\u0101s, bezvadu t\u0113jkannas \u0101rpuse paliek tikai remdena v\u0113s\u0101s [&hellip;]<\/p>\n","protected":false},"featured_media":33591,"comment_status":"closed","ping_status":"closed","template":"","meta":{"inline_featured_image":false},"product_cat":[772,523],"product_tag":[],"yst_prominent_words":[],"class_list":{"0":"post-33569","1":"product","2":"type-product","3":"status-publish","4":"has-post-thumbnail","6":"product_cat-atlaides","7":"product_cat-tejkannas-kafijas-automati","9":"first","10":"instock","11":"sale","12":"taxable","13":"shipping-taxable","14":"purchasable","15":"product-type-simple"},"jetpack_sharing_enabled":true,"_links":{"self":[{"href":"https:\/\/ddt.lv\/lv\/wp-json\/wp\/v2\/product\/33569"}],"collection":[{"href":"https:\/\/ddt.lv\/lv\/wp-json\/wp\/v2\/product"}],"about":[{"href":"https:\/\/ddt.lv\/lv\/wp-json\/wp\/v2\/types\/product"}],"replies":[{"embeddable":true,"href":"https:\/\/ddt.lv\/lv\/wp-json\/wp\/v2\/comments?post=33569"}],"wp:featuredmedia":[{"embeddable":true,"href":"https:\/\/ddt.lv\/lv\/wp-json\/wp\/v2\/media\/33591"}],"wp:attachment":[{"href":"https:\/\/ddt.lv\/lv\/wp-json\/wp\/v2\/media?parent=33569"}],"wp:term":[{"taxonomy":"product_cat","embeddable":true,"href":"https:\/\/ddt.lv\/lv\/wp-json\/wp\/v2\/product_cat?post=33569"},{"taxonomy":"product_tag","embeddable":true,"href":"https:\/\/ddt.lv\/lv\/wp-json\/wp\/v2\/product_tag?post=33569"},{"taxonomy":"yst_prominent_words","embeddable":true,"href":"https:\/\/ddt.lv\/lv\/wp-json\/wp\/v2\/yst_prominent_words?post=33569"}],"curies":[{"name":"wp","href":"https:\/\/api.w.org\/{rel}","templated":true}]}}