{"id":33568,"date":"2022-05-17T07:10:26","date_gmt":"2022-05-17T04:10:26","guid":{"rendered":"https:\/\/ddt.lv\/lv\/product\/elektriska-tejkanna-steel-digital-1-5l-ner-ter-melna-unold\/"},"modified":"2026-04-06T10:51:34","modified_gmt":"2026-04-06T07:51:34","slug":"elektriska-tejkanna-steel-digital-1-5l-ner-ter-melna-unold","status":"publish","type":"product","link":"https:\/\/ddt.lv\/lv\/product\/elektriska-tejkanna-steel-digital-1-5l-ner-ter-melna-unold\/","title":{"rendered":"Elektrisk\u0101 t\u0113jkanna STEEL DIGITAL 1.5l ner.t\u0113r. melna UNOLD"},"content":{"rendered":"<p>Sildiet vai v\u0101riet \u016bdeni ar t\u0113jkannu Steel Digital. \u016adens tiek uzkars\u0113ts l\u012bdz iestat\u012btajai temperat\u016brai.\u00a0 J\u016bs varat ieg\u016bt karstu \u016bdeni l\u012bdz v\u0101r\u012b\u0161an\u0101s temperat\u016brai, k\u0101 v\u0113laties.\u00a0 Temperat\u016bru var iestat\u012bt uz 40 \u00b0C, 80 \u00b0C, 90 \u00b0C un 100 \u00b0C.\u00a0 R\u016bpn\u012bcas noklus\u0113juma temperat\u016bra ir 100\u00b0C.\u00a0 Siltuma uztur\u0113\u0161ana. \u016adens tiek uztur\u0113ts silts p\u0113c uzsild\u012b\u0161anas l\u012bdz vajadz\u012bgajai temperat\u016brai.\u00a0 Sild\u012b\u0161anas temperat\u016bru var izv\u0113l\u0113ties no 40 \u00b0C, 80 \u00b0C l\u012bdz 90 \u00b0C.<\/p>","protected":false},"excerpt":{"rendered":"<p>Sildiet vai v\u0101riet \u016bdeni ar t\u0113jkannu Steel Digital. \u016adens tiek uzkars\u0113ts l\u012bdz iestat\u012btajai temperat\u016brai.\u00a0 J\u016bs varat ieg\u016bt karstu \u016bdeni l\u012bdz v\u0101r\u012b\u0161an\u0101s temperat\u016brai, k\u0101 v\u0113laties.\u00a0 Temperat\u016bru var iestat\u012bt uz 40 \u00b0C, 80 \u00b0C, 90 \u00b0C un 100 \u00b0C.\u00a0 R\u016bpn\u012bcas noklus\u0113juma temperat\u016bra ir 100\u00b0C.\u00a0 Siltuma uztur\u0113\u0161ana. \u016adens tiek uztur\u0113ts silts p\u0113c uzsild\u012b\u0161anas l\u012bdz vajadz\u012bgajai temperat\u016brai.\u00a0 Sild\u012b\u0161anas temperat\u016bru [&hellip;]<\/p>\n","protected":false},"featured_media":33597,"comment_status":"closed","ping_status":"closed","template":"","meta":{"inline_featured_image":false},"product_cat":[772,523],"product_tag":[],"yst_prominent_words":[],"class_list":{"0":"post-33568","1":"product","2":"type-product","3":"status-publish","4":"has-post-thumbnail","6":"product_cat-atlaides","7":"product_cat-tejkannas-kafijas-automati","9":"first","10":"outofstock","11":"sale","12":"taxable","13":"shipping-taxable","14":"purchasable","15":"product-type-simple"},"jetpack_sharing_enabled":true,"_links":{"self":[{"href":"https:\/\/ddt.lv\/lv\/wp-json\/wp\/v2\/product\/33568"}],"collection":[{"href":"https:\/\/ddt.lv\/lv\/wp-json\/wp\/v2\/product"}],"about":[{"href":"https:\/\/ddt.lv\/lv\/wp-json\/wp\/v2\/types\/product"}],"replies":[{"embeddable":true,"href":"https:\/\/ddt.lv\/lv\/wp-json\/wp\/v2\/comments?post=33568"}],"wp:featuredmedia":[{"embeddable":true,"href":"https:\/\/ddt.lv\/lv\/wp-json\/wp\/v2\/media\/33597"}],"wp:attachment":[{"href":"https:\/\/ddt.lv\/lv\/wp-json\/wp\/v2\/media?parent=33568"}],"wp:term":[{"taxonomy":"product_cat","embeddable":true,"href":"https:\/\/ddt.lv\/lv\/wp-json\/wp\/v2\/product_cat?post=33568"},{"taxonomy":"product_tag","embeddable":true,"href":"https:\/\/ddt.lv\/lv\/wp-json\/wp\/v2\/product_tag?post=33568"},{"taxonomy":"yst_prominent_words","embeddable":true,"href":"https:\/\/ddt.lv\/lv\/wp-json\/wp\/v2\/yst_prominent_words?post=33568"}],"curies":[{"name":"wp","href":"https:\/\/api.w.org\/{rel}","templated":true}]}}