{"id":33524,"date":"2022-05-10T10:40:20","date_gmt":"2022-05-10T07:40:20","guid":{"rendered":"https:\/\/ddt.lv\/lv\/product\/33524\/"},"modified":"2026-04-08T14:31:36","modified_gmt":"2026-04-08T11:31:36","slug":"33524","status":"publish","type":"product","link":"https:\/\/ddt.lv\/lv\/product\/led-glso-clear-e27-8w-240v-810lm-2700k-inesa-spuldze-bl\/","title":{"rendered":"LED GLSO Clear E27 8W 240V 810lm 2700K INESA spuldze BL"},"content":{"rendered":"<p>INESA LED spuldze LED spuldzes liel\u0101 priek\u0161roc\u012bba sal\u012bdzin\u0101jum\u0101 ar tradicion\u0101laj\u0101m ener\u0123ijas taup\u012b\u0161anas spuldz\u0113m ir t\u0101, ka t\u0101 iedegas piln\u0101 spo\u017eum\u0101 uzreiz p\u0113c iesl\u0113g\u0161anas, vienlaikus pat\u0113r\u0113jot v\u0113l maz\u0101k ener\u0123ijas! Ieteicamais lietojums: dz\u012bvojamo telpu apgaismojuma nomai\u0146a gan visp\u0101r\u0113jam, gan lok\u0101lajam apgaismojumam. Piem\u0113ram: griestu gaismek\u013ci, lustras, padzi\u013cin\u0101tas rozetes, sienas sviras gaismek\u013ci. Citas pielietojuma jomas: skapja apgaismojums, skatlogu apgaismojums, skatlogu apgaismojums, sienas skapja apgaismojums utt.<\/p>","protected":false},"excerpt":{"rendered":"<p>INESA LED spuldze LED spuldzes liel\u0101 priek\u0161roc\u012bba sal\u012bdzin\u0101jum\u0101 ar tradicion\u0101laj\u0101m ener\u0123ijas taup\u012b\u0161anas spuldz\u0113m ir t\u0101, ka t\u0101 iedegas piln\u0101 spo\u017eum\u0101 uzreiz p\u0113c iesl\u0113g\u0161anas, vienlaikus pat\u0113r\u0113jot v\u0113l maz\u0101k ener\u0123ijas! Ieteicamais lietojums: dz\u012bvojamo telpu apgaismojuma nomai\u0146a gan visp\u0101r\u0113jam, gan lok\u0101lajam apgaismojumam. Piem\u0113ram: griestu gaismek\u013ci, lustras, padzi\u013cin\u0101tas rozetes, sienas sviras gaismek\u013ci. Citas pielietojuma jomas: skapja apgaismojums, skatlogu apgaismojums, [&hellip;]<\/p>\n","protected":false},"featured_media":33527,"comment_status":"closed","ping_status":"closed","template":"","meta":{"inline_featured_image":false},"product_cat":[850],"product_tag":[],"yst_prominent_words":[],"class_list":{"0":"post-33524","1":"product","2":"type-product","3":"status-publish","4":"has-post-thumbnail","6":"product_cat-e27-spuldzes","8":"first","9":"instock","10":"taxable","11":"shipping-taxable","12":"purchasable","13":"product-type-simple"},"jetpack_sharing_enabled":true,"_links":{"self":[{"href":"https:\/\/ddt.lv\/lv\/wp-json\/wp\/v2\/product\/33524"}],"collection":[{"href":"https:\/\/ddt.lv\/lv\/wp-json\/wp\/v2\/product"}],"about":[{"href":"https:\/\/ddt.lv\/lv\/wp-json\/wp\/v2\/types\/product"}],"replies":[{"embeddable":true,"href":"https:\/\/ddt.lv\/lv\/wp-json\/wp\/v2\/comments?post=33524"}],"wp:featuredmedia":[{"embeddable":true,"href":"https:\/\/ddt.lv\/lv\/wp-json\/wp\/v2\/media\/33527"}],"wp:attachment":[{"href":"https:\/\/ddt.lv\/lv\/wp-json\/wp\/v2\/media?parent=33524"}],"wp:term":[{"taxonomy":"product_cat","embeddable":true,"href":"https:\/\/ddt.lv\/lv\/wp-json\/wp\/v2\/product_cat?post=33524"},{"taxonomy":"product_tag","embeddable":true,"href":"https:\/\/ddt.lv\/lv\/wp-json\/wp\/v2\/product_tag?post=33524"},{"taxonomy":"yst_prominent_words","embeddable":true,"href":"https:\/\/ddt.lv\/lv\/wp-json\/wp\/v2\/yst_prominent_words?post=33524"}],"curies":[{"name":"wp","href":"https:\/\/api.w.org\/{rel}","templated":true}]}}