{"id":33428,"date":"2022-04-12T11:30:36","date_gmt":"2022-04-12T08:30:36","guid":{"rendered":"https:\/\/ddt.lv\/lv\/product\/parvalks-laptopam-nb-sleeve-15-6-primo-black-21248-trust\/"},"modified":"2026-04-08T14:40:36","modified_gmt":"2026-04-08T11:40:36","slug":"parvalks-laptopam-nb-sleeve-15-6-primo-black-21248-trust","status":"publish","type":"product","link":"https:\/\/ddt.lv\/lv\/product\/parvalks-laptopam-nb-sleeve-15-6-primo-black-21248-trust\/","title":{"rendered":"P\u0101rvalks laptopam NB SLEEVE 15.6&#8243; PRIMO BLACK 21248 TRUST"},"content":{"rendered":"<p>M\u012bksts futr\u0101lis kl\u0113pjdatoriem, ultragr\u0101mat\u0101m un MacBook datoriem ar izm\u0113ru l\u012bdz 15,6 coll\u0101m (290 \u00d7 410 mm).<br \/>\nTriecienu absorb\u0113jo\u0161s un pa\u0161atjaunojo\u0161s neopr\u0113ns maksim\u0101lai elast\u012bbai un iztur\u012bbai.<br \/>\nAizsarg\u0101 ier\u012bci no skr\u0101p\u0113jumiem un triecieniem.<br \/>\nViegli lietojams, atverot aug\u0161pus\u0113 un divus garus<br \/>\nSlaids ar r\u0101v\u0113jsl\u0113dz\u0113ju.<br \/>\nPl\u0101ns dizains: viegli iek\u013caujas som\u0101 .<br \/>\nM\u012bksts un viegls.<\/p>\n<p><\/p>","protected":false},"excerpt":{"rendered":"<p>M\u012bksts futr\u0101lis kl\u0113pjdatoriem, ultragr\u0101mat\u0101m un MacBook datoriem ar izm\u0113ru l\u012bdz 15,6 coll\u0101m (290 \u00d7 410 mm). Triecienu absorb\u0113jo\u0161s un pa\u0161atjaunojo\u0161s neopr\u0113ns maksim\u0101lai elast\u012bbai un iztur\u012bbai. Aizsarg\u0101 ier\u012bci no skr\u0101p\u0113jumiem un triecieniem. Viegli lietojams, atverot aug\u0161pus\u0113 un divus garus Slaids ar r\u0101v\u0113jsl\u0113dz\u0113ju. Pl\u0101ns dizains: viegli iek\u013caujas som\u0101 . M\u012bksts un viegls.<\/p>\n","protected":false},"featured_media":33431,"comment_status":"closed","ping_status":"closed","template":"","meta":{"inline_featured_image":false},"product_cat":[1118],"product_tag":[],"yst_prominent_words":[],"class_list":{"0":"post-33428","1":"product","2":"type-product","3":"status-publish","4":"has-post-thumbnail","6":"product_cat-datoru-piederumi","8":"first","9":"instock","10":"taxable","11":"shipping-taxable","12":"purchasable","13":"product-type-simple"},"jetpack_sharing_enabled":true,"_links":{"self":[{"href":"https:\/\/ddt.lv\/lv\/wp-json\/wp\/v2\/product\/33428"}],"collection":[{"href":"https:\/\/ddt.lv\/lv\/wp-json\/wp\/v2\/product"}],"about":[{"href":"https:\/\/ddt.lv\/lv\/wp-json\/wp\/v2\/types\/product"}],"replies":[{"embeddable":true,"href":"https:\/\/ddt.lv\/lv\/wp-json\/wp\/v2\/comments?post=33428"}],"wp:featuredmedia":[{"embeddable":true,"href":"https:\/\/ddt.lv\/lv\/wp-json\/wp\/v2\/media\/33431"}],"wp:attachment":[{"href":"https:\/\/ddt.lv\/lv\/wp-json\/wp\/v2\/media?parent=33428"}],"wp:term":[{"taxonomy":"product_cat","embeddable":true,"href":"https:\/\/ddt.lv\/lv\/wp-json\/wp\/v2\/product_cat?post=33428"},{"taxonomy":"product_tag","embeddable":true,"href":"https:\/\/ddt.lv\/lv\/wp-json\/wp\/v2\/product_tag?post=33428"},{"taxonomy":"yst_prominent_words","embeddable":true,"href":"https:\/\/ddt.lv\/lv\/wp-json\/wp\/v2\/yst_prominent_words?post=33428"}],"curies":[{"name":"wp","href":"https:\/\/api.w.org\/{rel}","templated":true}]}}