{"id":33426,"date":"2022-04-12T11:30:35","date_gmt":"2022-04-12T08:30:35","guid":{"rendered":"https:\/\/ddt.lv\/lv\/product\/gaze-butans-450g-810ml-rex\/"},"modified":"2026-04-08T14:37:20","modified_gmt":"2026-04-08T11:37:20","slug":"gaze-butans-450g-810ml-rex","status":"publish","type":"product","link":"https:\/\/ddt.lv\/lv\/product\/gaze-butans-450g-810ml-rex\/","title":{"rendered":"G\u0101ze but\u0101ns 450g 810ml REX"},"content":{"rendered":"<p>Dro\u0161\u012bbas v\u0101rsts \u013cauj darbin\u0101t REX gaz ier\u012bces ar tradicion\u0101lo REX gaz skr\u016bv\u0113jamo v\u0101ci\u0146u, Easy Clic un Easy Clic Plus aizdari.<br \/>\nK\u0101rtrid\u017es ar sp\u0113c\u012bgu but\u0101na\/prop\u0101na g\u0101zes mais\u012bjumu attiec\u012bb\u0101 80\/20 no REX.<br \/>\nV\u0101rstu kasetnes var viegli iz\u0146emt no ier\u012bces, pat ja t\u0101s nav piln\u012bb\u0101 iztuk\u0161otas.<br \/>\nDiametrs: apm. 11 cm, augstums: apm. 14 cm.<br \/>\nSaturs vien\u0101 k\u0101rtrid\u017e\u0101: 450 g.<\/p>","protected":false},"excerpt":{"rendered":"<p>Dro\u0161\u012bbas v\u0101rsts \u013cauj darbin\u0101t REX gaz ier\u012bces ar tradicion\u0101lo REX gaz skr\u016bv\u0113jamo v\u0101ci\u0146u, Easy Clic un Easy Clic Plus aizdari. K\u0101rtrid\u017es ar sp\u0113c\u012bgu but\u0101na\/prop\u0101na g\u0101zes mais\u012bjumu attiec\u012bb\u0101 80\/20 no REX. V\u0101rstu kasetnes var viegli iz\u0146emt no ier\u012bces, pat ja t\u0101s nav piln\u012bb\u0101 iztuk\u0161otas. Diametrs: apm. 11 cm, augstums: apm. 14 cm. Saturs vien\u0101 k\u0101rtrid\u017e\u0101: 450 [&hellip;]<\/p>\n","protected":false},"featured_media":33436,"comment_status":"closed","ping_status":"closed","template":"","meta":{"inline_featured_image":false},"product_cat":[1584,772,917],"product_tag":[],"yst_prominent_words":[],"class_list":{"0":"post-33426","1":"product","2":"type-product","3":"status-publish","4":"has-post-thumbnail","6":"product_cat-grilli-gazes-plitinas-degli","7":"product_cat-atlaides","8":"product_cat-gazes-baloni-plitinas-degli","10":"first","11":"instock","12":"sale","13":"taxable","14":"shipping-taxable","15":"purchasable","16":"product-type-simple"},"jetpack_sharing_enabled":true,"_links":{"self":[{"href":"https:\/\/ddt.lv\/lv\/wp-json\/wp\/v2\/product\/33426"}],"collection":[{"href":"https:\/\/ddt.lv\/lv\/wp-json\/wp\/v2\/product"}],"about":[{"href":"https:\/\/ddt.lv\/lv\/wp-json\/wp\/v2\/types\/product"}],"replies":[{"embeddable":true,"href":"https:\/\/ddt.lv\/lv\/wp-json\/wp\/v2\/comments?post=33426"}],"wp:featuredmedia":[{"embeddable":true,"href":"https:\/\/ddt.lv\/lv\/wp-json\/wp\/v2\/media\/33436"}],"wp:attachment":[{"href":"https:\/\/ddt.lv\/lv\/wp-json\/wp\/v2\/media?parent=33426"}],"wp:term":[{"taxonomy":"product_cat","embeddable":true,"href":"https:\/\/ddt.lv\/lv\/wp-json\/wp\/v2\/product_cat?post=33426"},{"taxonomy":"product_tag","embeddable":true,"href":"https:\/\/ddt.lv\/lv\/wp-json\/wp\/v2\/product_tag?post=33426"},{"taxonomy":"yst_prominent_words","embeddable":true,"href":"https:\/\/ddt.lv\/lv\/wp-json\/wp\/v2\/yst_prominent_words?post=33426"}],"curies":[{"name":"wp","href":"https:\/\/api.w.org\/{rel}","templated":true}]}}