{"id":33425,"date":"2022-04-12T11:30:34","date_gmt":"2022-04-12T08:30:34","guid":{"rendered":"https:\/\/ddt.lv\/lv\/product\/gaze-butans-190g-rapidgaz\/"},"modified":"2026-04-05T11:55:21","modified_gmt":"2026-04-05T08:55:21","slug":"gaze-butans-190g-rapidgaz","status":"publish","type":"product","link":"https:\/\/ddt.lv\/lv\/product\/gaze-butans-190g-rapidgaz\/","title":{"rendered":"G\u0101zes balons, G\u0101ze but\u0101ns 190g RAPIDGAZ pl\u012bti\u0146ai 35544"},"content":{"rendered":"<p>Univers\u0101ls k\u0101rtrid\u017es kr\u0101sn\u012bm, deg\u013ciem, lamp\u0101m.<\/p>\n<p>K\u0101rtrid\u017e\u0101 ir 90% but\u0101na, 10% prop\u0101na.<br \/>\nPild\u012bts saska\u0146\u0101 ar Eiropas standartu EN 417.<\/p>","protected":false},"excerpt":{"rendered":"<p>Univers\u0101ls k\u0101rtrid\u017es kr\u0101sn\u012bm, deg\u013ciem, lamp\u0101m. K\u0101rtrid\u017e\u0101 ir 90% but\u0101na, 10% prop\u0101na. Pild\u012bts saska\u0146\u0101 ar Eiropas standartu EN 417.<\/p>\n","protected":false},"featured_media":33440,"comment_status":"closed","ping_status":"closed","template":"","meta":{"inline_featured_image":false},"product_cat":[1584,772,917],"product_tag":[],"yst_prominent_words":[],"class_list":{"0":"post-33425","1":"product","2":"type-product","3":"status-publish","4":"has-post-thumbnail","6":"product_cat-grilli-gazes-plitinas-degli","7":"product_cat-atlaides","8":"product_cat-gazes-baloni-plitinas-degli","10":"first","11":"instock","12":"sale","13":"taxable","14":"shipping-taxable","15":"purchasable","16":"product-type-simple"},"jetpack_sharing_enabled":true,"_links":{"self":[{"href":"https:\/\/ddt.lv\/lv\/wp-json\/wp\/v2\/product\/33425"}],"collection":[{"href":"https:\/\/ddt.lv\/lv\/wp-json\/wp\/v2\/product"}],"about":[{"href":"https:\/\/ddt.lv\/lv\/wp-json\/wp\/v2\/types\/product"}],"replies":[{"embeddable":true,"href":"https:\/\/ddt.lv\/lv\/wp-json\/wp\/v2\/comments?post=33425"}],"wp:featuredmedia":[{"embeddable":true,"href":"https:\/\/ddt.lv\/lv\/wp-json\/wp\/v2\/media\/33440"}],"wp:attachment":[{"href":"https:\/\/ddt.lv\/lv\/wp-json\/wp\/v2\/media?parent=33425"}],"wp:term":[{"taxonomy":"product_cat","embeddable":true,"href":"https:\/\/ddt.lv\/lv\/wp-json\/wp\/v2\/product_cat?post=33425"},{"taxonomy":"product_tag","embeddable":true,"href":"https:\/\/ddt.lv\/lv\/wp-json\/wp\/v2\/product_tag?post=33425"},{"taxonomy":"yst_prominent_words","embeddable":true,"href":"https:\/\/ddt.lv\/lv\/wp-json\/wp\/v2\/yst_prominent_words?post=33425"}],"curies":[{"name":"wp","href":"https:\/\/api.w.org\/{rel}","templated":true}]}}