{"id":33423,"date":"2022-04-12T11:30:32","date_gmt":"2022-04-12T08:30:32","guid":{"rendered":"https:\/\/ddt.lv\/lv\/product\/led-ball-e14-7-3w-230v-806lm-4000k-spuldze-emos\/"},"modified":"2026-04-01T00:22:06","modified_gmt":"2026-03-31T21:22:06","slug":"led-ball-e14-7-3w-230v-806lm-4000k-spuldze-emos","status":"publish","type":"product","link":"https:\/\/ddt.lv\/lv\/product\/led-ball-e14-7-3w-230v-806lm-4000k-spuldze-emos\/","title":{"rendered":"LED BALL E14 7.3W 230V 806lm 4000K spuldze EMOS"},"content":{"rendered":"<p>EMOS ZQ1231 LED spuldze no pirm\u0101 acu uzmetiena ir unik\u0101la ar savu mazo korpusa strukt\u016bru. T\u0101 ir apr\u012bkota ar E14 ligzdu, kas visbie\u017e\u0101k iederas sienas gaismek\u013cos, lustr\u0101s un lamp\u0101s. Spuldzes izm\u0113rs ir maz\u0101ks par standarta spuldzes izm\u0113ru (nav tik liela k\u0101 plat\u0101s spuldzes), t\u0101p\u0113c m\u0113s \u0161o tipu d\u0113v\u0113jam par Mini Globe. Neskatoties uz mazajiem izm\u0113riem, tas sasniedz \u012bpa\u0161i augstu gaismas efektivit\u0101ti 101 lm\/W, kas nemazina t\u0101 kalpo\u0161anas laiku. Lai p\u0113c iesp\u0113jas ilg\u0101k saglab\u0101tu 100% apgaismojuma intensit\u0101ti, tas ir apr\u012bkots ar m\u016bsdien\u012bgu baro\u0161anas bloku un \u013coti labu dzes\u0113\u0161anu.<\/p>\n<p>Pateicoties E14 ligzdai, j\u016bs varat ieskr\u016bv\u0113t EMQ ZQ1231 spuldzi gandr\u012bz vis\u0101s j\u016bsu m\u0101jas lamp\u0101s. Papildus lielajai gaismas pl\u016bsmai (806 lm) tas j\u016bs iepriecin\u0101s ar\u012b ar savu zemo pat\u0113ri\u0146u (tikai 8 W) un \u012bpa\u0161i ilgu kalpo\u0161anas laiku &#8211; 30 000 stundu.<\/p>","protected":false},"excerpt":{"rendered":"<p>EMOS ZQ1231 LED spuldze no pirm\u0101 acu uzmetiena ir unik\u0101la ar savu mazo korpusa strukt\u016bru. T\u0101 ir apr\u012bkota ar E14 ligzdu, kas visbie\u017e\u0101k iederas sienas gaismek\u013cos, lustr\u0101s un lamp\u0101s. Spuldzes izm\u0113rs ir maz\u0101ks par standarta spuldzes izm\u0113ru (nav tik liela k\u0101 plat\u0101s spuldzes), t\u0101p\u0113c m\u0113s \u0161o tipu d\u0113v\u0113jam par Mini Globe. Neskatoties uz mazajiem izm\u0113riem, [&hellip;]<\/p>\n","protected":false},"featured_media":33445,"comment_status":"closed","ping_status":"closed","template":"","meta":{"inline_featured_image":false},"product_cat":[851],"product_tag":[],"yst_prominent_words":[],"class_list":{"0":"post-33423","1":"product","2":"type-product","3":"status-publish","4":"has-post-thumbnail","6":"product_cat-e14-spuldzes","8":"first","9":"instock","10":"taxable","11":"shipping-taxable","12":"purchasable","13":"product-type-simple"},"jetpack_sharing_enabled":true,"_links":{"self":[{"href":"https:\/\/ddt.lv\/lv\/wp-json\/wp\/v2\/product\/33423"}],"collection":[{"href":"https:\/\/ddt.lv\/lv\/wp-json\/wp\/v2\/product"}],"about":[{"href":"https:\/\/ddt.lv\/lv\/wp-json\/wp\/v2\/types\/product"}],"replies":[{"embeddable":true,"href":"https:\/\/ddt.lv\/lv\/wp-json\/wp\/v2\/comments?post=33423"}],"wp:featuredmedia":[{"embeddable":true,"href":"https:\/\/ddt.lv\/lv\/wp-json\/wp\/v2\/media\/33445"}],"wp:attachment":[{"href":"https:\/\/ddt.lv\/lv\/wp-json\/wp\/v2\/media?parent=33423"}],"wp:term":[{"taxonomy":"product_cat","embeddable":true,"href":"https:\/\/ddt.lv\/lv\/wp-json\/wp\/v2\/product_cat?post=33423"},{"taxonomy":"product_tag","embeddable":true,"href":"https:\/\/ddt.lv\/lv\/wp-json\/wp\/v2\/product_tag?post=33423"},{"taxonomy":"yst_prominent_words","embeddable":true,"href":"https:\/\/ddt.lv\/lv\/wp-json\/wp\/v2\/yst_prominent_words?post=33423"}],"curies":[{"name":"wp","href":"https:\/\/api.w.org\/{rel}","templated":true}]}}