{"id":33422,"date":"2022-04-12T11:30:31","date_gmt":"2022-04-12T08:30:31","guid":{"rendered":"https:\/\/ddt.lv\/lv\/product\/fho-f54w-fpp-plant-t5-1150mm-luminiscenta-spuldze-sylvania\/"},"modified":"2026-04-13T10:02:02","modified_gmt":"2026-04-13T07:02:02","slug":"fho-f54w-fpp-plant-t5-1150mm-luminiscenta-spuldze-sylvania","status":"publish","type":"product","link":"https:\/\/ddt.lv\/lv\/product\/fho-f54w-fpp-plant-t5-1150mm-luminiscenta-spuldze-sylvania\/","title":{"rendered":"FHO F54W FPP Plant T5 1150mm luminiscent\u0101 spuldze  ARCADIA Sylvania"},"content":{"rendered":"<p>Arcadia T5 Plant Pro lampas ir ide\u0101ls risin\u0101jums j\u016bsu iest\u0101d\u012btajam tropiskajam akv\u0101rijam.<\/p>\n<p>    Lieliska augu aug\u0161ana.<br \/>\n    Uzlabo zivju un augu kr\u0101sas.<br \/>\n    Apmierina augu sugas ar liel\u0101ku gaismas nepiecie\u0161am\u012bbu, piem. Lilaeopsis.<\/p>\n<p><\/p>","protected":false},"excerpt":{"rendered":"<p>Arcadia T5 Plant Pro lampas ir ide\u0101ls risin\u0101jums j\u016bsu iest\u0101d\u012btajam tropiskajam akv\u0101rijam. Lieliska augu aug\u0161ana. Uzlabo zivju un augu kr\u0101sas. Apmierina augu sugas ar liel\u0101ku gaismas nepiecie\u0161am\u012bbu, piem. Lilaeopsis.<\/p>\n","protected":false},"featured_media":33447,"comment_status":"closed","ping_status":"closed","template":"","meta":{"inline_featured_image":false},"product_cat":[885],"product_tag":[],"yst_prominent_words":[],"class_list":{"0":"post-33422","1":"product","2":"type-product","3":"status-publish","4":"has-post-thumbnail","6":"product_cat-grolux-augu-un-akvariju-spuldzes","8":"first","9":"instock","10":"taxable","11":"shipping-taxable","12":"purchasable","13":"product-type-simple"},"jetpack_sharing_enabled":true,"_links":{"self":[{"href":"https:\/\/ddt.lv\/lv\/wp-json\/wp\/v2\/product\/33422"}],"collection":[{"href":"https:\/\/ddt.lv\/lv\/wp-json\/wp\/v2\/product"}],"about":[{"href":"https:\/\/ddt.lv\/lv\/wp-json\/wp\/v2\/types\/product"}],"replies":[{"embeddable":true,"href":"https:\/\/ddt.lv\/lv\/wp-json\/wp\/v2\/comments?post=33422"}],"wp:featuredmedia":[{"embeddable":true,"href":"https:\/\/ddt.lv\/lv\/wp-json\/wp\/v2\/media\/33447"}],"wp:attachment":[{"href":"https:\/\/ddt.lv\/lv\/wp-json\/wp\/v2\/media?parent=33422"}],"wp:term":[{"taxonomy":"product_cat","embeddable":true,"href":"https:\/\/ddt.lv\/lv\/wp-json\/wp\/v2\/product_cat?post=33422"},{"taxonomy":"product_tag","embeddable":true,"href":"https:\/\/ddt.lv\/lv\/wp-json\/wp\/v2\/product_tag?post=33422"},{"taxonomy":"yst_prominent_words","embeddable":true,"href":"https:\/\/ddt.lv\/lv\/wp-json\/wp\/v2\/yst_prominent_words?post=33422"}],"curies":[{"name":"wp","href":"https:\/\/api.w.org\/{rel}","templated":true}]}}