{"id":33421,"date":"2022-04-12T11:30:30","date_gmt":"2022-04-12T08:30:30","guid":{"rendered":"https:\/\/ddt.lv\/lv\/product\/fho-f54w-ff-freshwater-t5-6600k-1150mm-luminiscenta-spuldze-sylvania\/"},"modified":"2026-04-08T14:41:51","modified_gmt":"2026-04-08T11:41:51","slug":"fho-f54w-ff-freshwater-t5-6600k-1150mm-luminiscenta-spuldze-sylvania","status":"publish","type":"product","link":"https:\/\/ddt.lv\/lv\/product\/fho-f54w-ff-freshwater-t5-6600k-1150mm-luminiscenta-spuldze-sylvania\/","title":{"rendered":"FHO F54W FF Freshwater T5 6600K 1150mm luminiscent\u0101 spuldze ARCADIA Sylvania"},"content":{"rendered":"<p>Freshwater Pro T5 lampai ir augst\u0101k\u0101 kr\u0101su temperat\u016bra no vis\u0101m Arcadia sald\u016bdens akv\u0101rija T5 lamp\u0101m ar 6600K un neitr\u0101l\u0101kais kr\u0101su atveidojums.<\/p>\n<p>Lampas spektr\u0101l\u0101 jauda ir piel\u0101gota t\u0101, lai t\u0101 \u013coti atg\u0101din\u0101tu dienas gaismu, vienlaikus uzlabojot \u016bdens augu za\u013cumus.<\/p>\n<p>    \u012apa\u0161i augsta jauda.<br \/>\n    Spilgti balta gaisma ar maigi za\u013cu nokr\u0101su.<br \/>\n    Lielisks kr\u0101su atveidojums<br \/>\n    Uzlabo augu bag\u0101t\u012bgo za\u013cumu saturu.<br \/>\n    Atbalsta \u016bdens augu dz\u012bvi.<\/p>\n<p><\/p>","protected":false},"excerpt":{"rendered":"<p>Freshwater Pro T5 lampai ir augst\u0101k\u0101 kr\u0101su temperat\u016bra no vis\u0101m Arcadia sald\u016bdens akv\u0101rija T5 lamp\u0101m ar 6600K un neitr\u0101l\u0101kais kr\u0101su atveidojums. Lampas spektr\u0101l\u0101 jauda ir piel\u0101gota t\u0101, lai t\u0101 \u013coti atg\u0101din\u0101tu dienas gaismu, vienlaikus uzlabojot \u016bdens augu za\u013cumus. \u012apa\u0161i augsta jauda. Spilgti balta gaisma ar maigi za\u013cu nokr\u0101su. Lielisks kr\u0101su atveidojums Uzlabo augu bag\u0101t\u012bgo za\u013cumu [&hellip;]<\/p>\n","protected":false},"featured_media":33448,"comment_status":"closed","ping_status":"closed","template":"","meta":{"inline_featured_image":false},"product_cat":[886],"product_tag":[],"yst_prominent_words":[],"class_list":{"0":"post-33421","1":"product","2":"type-product","3":"status-publish","4":"has-post-thumbnail","6":"product_cat-aquastar-augu-un-akvariju-spuldzes","8":"first","9":"instock","10":"taxable","11":"shipping-taxable","12":"purchasable","13":"product-type-simple"},"jetpack_sharing_enabled":true,"_links":{"self":[{"href":"https:\/\/ddt.lv\/lv\/wp-json\/wp\/v2\/product\/33421"}],"collection":[{"href":"https:\/\/ddt.lv\/lv\/wp-json\/wp\/v2\/product"}],"about":[{"href":"https:\/\/ddt.lv\/lv\/wp-json\/wp\/v2\/types\/product"}],"replies":[{"embeddable":true,"href":"https:\/\/ddt.lv\/lv\/wp-json\/wp\/v2\/comments?post=33421"}],"wp:featuredmedia":[{"embeddable":true,"href":"https:\/\/ddt.lv\/lv\/wp-json\/wp\/v2\/media\/33448"}],"wp:attachment":[{"href":"https:\/\/ddt.lv\/lv\/wp-json\/wp\/v2\/media?parent=33421"}],"wp:term":[{"taxonomy":"product_cat","embeddable":true,"href":"https:\/\/ddt.lv\/lv\/wp-json\/wp\/v2\/product_cat?post=33421"},{"taxonomy":"product_tag","embeddable":true,"href":"https:\/\/ddt.lv\/lv\/wp-json\/wp\/v2\/product_tag?post=33421"},{"taxonomy":"yst_prominent_words","embeddable":true,"href":"https:\/\/ddt.lv\/lv\/wp-json\/wp\/v2\/yst_prominent_words?post=33421"}],"curies":[{"name":"wp","href":"https:\/\/api.w.org\/{rel}","templated":true}]}}