{"id":33420,"date":"2022-04-12T11:30:29","date_gmt":"2022-04-12T08:30:29","guid":{"rendered":"https:\/\/ddt.lv\/lv\/product\/led-iebuvejams-gaismeklis-inset-trend-ip44-gu10-450lm-5w-4k-lumiance-sylvania\/"},"modified":"2026-04-08T14:41:51","modified_gmt":"2026-04-08T11:41:51","slug":"led-iebuvejams-gaismeklis-inset-trend-ip44-gu10-450lm-5w-4k-lumiance-sylvania","status":"publish","type":"product","link":"https:\/\/ddt.lv\/lv\/product\/led-iebuvejams-gaismeklis-inset-trend-ip44-gu10-450lm-5w-4k-lumiance-sylvania\/","title":{"rendered":"LED ieb\u016bv\u0113jams gaismeklis INSET TREND IP44 GU10 450lm 5W 4K Lumiance Sylvania"},"content":{"rendered":"<p>LED.<br \/>\nV\u0101ci\u0146\u0161\/b\u0101ze GU10.<br \/>\nKorpuss Alum\u012bnijs.<br \/>\nVide iek\u0161telp\u0101s<br \/>\nArmat\u016bras gaismas pl\u016bsma (lm) 450.<br \/>\nGaismek\u013cu efektivit\u0101te (lm\/W) 76.<br \/>\nKr\u0101su temperat\u016bra (K) 4000.<br \/>\nGaismas kr\u0101sa Neitr\u0101li balta.<br \/>\nCRI (Ra) 80.<br \/>\nStara le\u0146\u0137is (\u00b0) 40.<br \/>\nKop\u0113jais ener\u0123ijas pat\u0113ri\u0146\u0161 (W) 5.<br \/>\nT\u012bkla spriegums (V) 220-240V.<br \/>\nVad\u012bbas meh\u0101nisma tips Elektroniskais balasts.<br \/>\nNepiecie\u0161ams transformators.<br \/>\nKorpusa kr\u0101sa Balta.<br \/>\nIP reitings IP44.<br \/>\nDifuzora apdare Caursp\u012bd\u012bga.<br \/>\nProdukta nomin\u0101lais garums (mm) 95.<br \/>\nProdukta nomin\u0101lais platums (mm) 95.<br \/>\nProdukta nomin\u0101lais augstums (mm) 100.<br \/>\nProdukta nomin\u0101lais diametrs (mm) 51.<br \/>\nIzgriezuma izm\u0113ri (W x G mm vai diametrs mm) 75.<br \/>\nSvars (kg) 0,21.<br \/>\nPadzi\u013cin\u0101juma dzi\u013cums (mm) 140.<\/p>\n<p><\/p>","protected":false},"excerpt":{"rendered":"<p>LED. V\u0101ci\u0146\u0161\/b\u0101ze GU10. Korpuss Alum\u012bnijs. Vide iek\u0161telp\u0101s Armat\u016bras gaismas pl\u016bsma (lm) 450. Gaismek\u013cu efektivit\u0101te (lm\/W) 76. Kr\u0101su temperat\u016bra (K) 4000. Gaismas kr\u0101sa Neitr\u0101li balta. CRI (Ra) 80. Stara le\u0146\u0137is (\u00b0) 40. Kop\u0113jais ener\u0123ijas pat\u0113ri\u0146\u0161 (W) 5. T\u012bkla spriegums (V) 220-240V. Vad\u012bbas meh\u0101nisma tips Elektroniskais balasts. Nepiecie\u0161ams transformators. Korpusa kr\u0101sa Balta. IP reitings IP44. Difuzora apdare [&hellip;]<\/p>\n","protected":false},"featured_media":33449,"comment_status":"closed","ping_status":"closed","template":"","meta":{"inline_featured_image":false},"product_cat":[772,894],"product_tag":[],"yst_prominent_words":[],"class_list":{"0":"post-33420","1":"product","2":"type-product","3":"status-publish","4":"has-post-thumbnail","6":"product_cat-atlaides","7":"product_cat-led-iebuvejamie-gaismekli","9":"first","10":"instock","11":"sale","12":"taxable","13":"shipping-taxable","14":"purchasable","15":"product-type-simple"},"jetpack_sharing_enabled":true,"_links":{"self":[{"href":"https:\/\/ddt.lv\/lv\/wp-json\/wp\/v2\/product\/33420"}],"collection":[{"href":"https:\/\/ddt.lv\/lv\/wp-json\/wp\/v2\/product"}],"about":[{"href":"https:\/\/ddt.lv\/lv\/wp-json\/wp\/v2\/types\/product"}],"replies":[{"embeddable":true,"href":"https:\/\/ddt.lv\/lv\/wp-json\/wp\/v2\/comments?post=33420"}],"wp:featuredmedia":[{"embeddable":true,"href":"https:\/\/ddt.lv\/lv\/wp-json\/wp\/v2\/media\/33449"}],"wp:attachment":[{"href":"https:\/\/ddt.lv\/lv\/wp-json\/wp\/v2\/media?parent=33420"}],"wp:term":[{"taxonomy":"product_cat","embeddable":true,"href":"https:\/\/ddt.lv\/lv\/wp-json\/wp\/v2\/product_cat?post=33420"},{"taxonomy":"product_tag","embeddable":true,"href":"https:\/\/ddt.lv\/lv\/wp-json\/wp\/v2\/product_tag?post=33420"},{"taxonomy":"yst_prominent_words","embeddable":true,"href":"https:\/\/ddt.lv\/lv\/wp-json\/wp\/v2\/yst_prominent_words?post=33420"}],"curies":[{"name":"wp","href":"https:\/\/api.w.org\/{rel}","templated":true}]}}