{"id":33393,"date":"2022-04-08T12:20:20","date_gmt":"2022-04-08T09:20:20","guid":{"rendered":"https:\/\/ddt.lv\/lv\/product\/led-pipe-gaismeklis-7w-630lm-3000k-ip20-600mm-balts-sylvania\/"},"modified":"2026-04-06T11:02:10","modified_gmt":"2026-04-06T08:02:10","slug":"led-pipe-gaismeklis-7w-630lm-3000k-ip20-600mm-balts-sylvania","status":"publish","type":"product","link":"https:\/\/ddt.lv\/lv\/product\/led-pipe-gaismeklis-7w-630lm-3000k-ip20-600mm-balts-sylvania\/","title":{"rendered":"LED PIPE Gaismeklis 7W 630Lm 3000K IP20 600mm balts SYLVANIA"},"content":{"rendered":"<p>LED T5 nomai\u0146as l\u012bstes agismeklis, bez\u0161uvju savieno\u0161ana (l\u012bdz 10 M), Ide\u0101li piem\u0113rots tie\u0161am apgaismojumam, piem\u0113ram, zem skapja vai virtuv\u0113s, 150 gr\u0101du stara le\u0146\u0137is, ietver sl\u0113dzi, ietver 0,30 m atdal\u012btu kabeli, baltu polikarbon\u0101ta korpusu, ietver standarta un noliecamos kron\u0161teinus.<\/p>\n<p><\/p>","protected":false},"excerpt":{"rendered":"<p>LED T5 nomai\u0146as l\u012bstes agismeklis, bez\u0161uvju savieno\u0161ana (l\u012bdz 10 M), Ide\u0101li piem\u0113rots tie\u0161am apgaismojumam, piem\u0113ram, zem skapja vai virtuv\u0113s, 150 gr\u0101du stara le\u0146\u0137is, ietver sl\u0113dzi, ietver 0,30 m atdal\u012btu kabeli, baltu polikarbon\u0101ta korpusu, ietver standarta un noliecamos kron\u0161teinus.<\/p>\n","protected":false},"featured_media":33395,"comment_status":"closed","ping_status":"closed","template":"","meta":{"inline_featured_image":false},"product_cat":[772,904],"product_tag":[],"yst_prominent_words":[],"class_list":{"0":"post-33393","1":"product","2":"type-product","3":"status-publish","4":"has-post-thumbnail","6":"product_cat-atlaides","7":"product_cat-led-batten-tipa-gaismekli","9":"first","10":"instock","11":"sale","12":"taxable","13":"shipping-taxable","14":"purchasable","15":"product-type-simple"},"jetpack_sharing_enabled":true,"_links":{"self":[{"href":"https:\/\/ddt.lv\/lv\/wp-json\/wp\/v2\/product\/33393"}],"collection":[{"href":"https:\/\/ddt.lv\/lv\/wp-json\/wp\/v2\/product"}],"about":[{"href":"https:\/\/ddt.lv\/lv\/wp-json\/wp\/v2\/types\/product"}],"replies":[{"embeddable":true,"href":"https:\/\/ddt.lv\/lv\/wp-json\/wp\/v2\/comments?post=33393"}],"wp:featuredmedia":[{"embeddable":true,"href":"https:\/\/ddt.lv\/lv\/wp-json\/wp\/v2\/media\/33395"}],"wp:attachment":[{"href":"https:\/\/ddt.lv\/lv\/wp-json\/wp\/v2\/media?parent=33393"}],"wp:term":[{"taxonomy":"product_cat","embeddable":true,"href":"https:\/\/ddt.lv\/lv\/wp-json\/wp\/v2\/product_cat?post=33393"},{"taxonomy":"product_tag","embeddable":true,"href":"https:\/\/ddt.lv\/lv\/wp-json\/wp\/v2\/product_tag?post=33393"},{"taxonomy":"yst_prominent_words","embeddable":true,"href":"https:\/\/ddt.lv\/lv\/wp-json\/wp\/v2\/yst_prominent_words?post=33393"}],"curies":[{"name":"wp","href":"https:\/\/api.w.org\/{rel}","templated":true}]}}