{"id":33391,"date":"2022-04-08T12:20:19","date_gmt":"2022-04-08T09:20:19","guid":{"rendered":"https:\/\/ddt.lv\/lv\/product\/led-stick-frost-e27-5w-240v-500lm-4000k-spuldze-sylvania\/"},"modified":"2026-04-22T08:46:58","modified_gmt":"2026-04-22T05:46:58","slug":"led-stick-frost-e27-5w-240v-500lm-4000k-spuldze-sylvania","status":"publish","type":"product","link":"https:\/\/ddt.lv\/lv\/product\/led-stick-frost-e27-5w-240v-500lm-4000k-spuldze-sylvania\/","title":{"rendered":"LED Stick Frost E27 5W 240V 500lm 4000K spuldze Sylvania"},"content":{"rendered":"<p>\u2022 Spilgts, visaptvero\u0161s apgaismojuma risin\u0101jums dz\u012bvojam\u0101m istab\u0101m, sienas gaismek\u013ciem, griestu gaismek\u013ciem, kompaktiem un dekorat\u012bviem gaismek\u013ciem \u2022 \u0100tra un vienk\u0101r\u0161a kompaktas luminiscences, halog\u0113na vai kv\u0113lspuldzes nomai\u0146a \u2022 15 000H vid\u0113jais nomin\u0101lais kalpo\u0161anas laiks \u2022 85% ener\u0123ijas ietaup\u012bjums sal\u012bdzin\u0101jum\u0101 ar kv\u0113lspuldzi \u2022 Kalpo par 50% ilg\u0101k un pat\u0113r\u0113 par 45% maz\u0101k ener\u0123ijas, sal\u012bdzinot ar kompaktaj\u0101m luminiscences spuldz\u0113m \u2022 A+ ener\u0123ijas reitings \u2022Daudzvirzienu gaismas sadal\u012bjums \u2022 Neaptum\u0161ojams<\/p>","protected":false},"excerpt":{"rendered":"<p>\u2022 Spilgts, visaptvero\u0161s apgaismojuma risin\u0101jums dz\u012bvojam\u0101m istab\u0101m, sienas gaismek\u013ciem, griestu gaismek\u013ciem, kompaktiem un dekorat\u012bviem gaismek\u013ciem \u2022 \u0100tra un vienk\u0101r\u0161a kompaktas luminiscences, halog\u0113na vai kv\u0113lspuldzes nomai\u0146a \u2022 15 000H vid\u0113jais nomin\u0101lais kalpo\u0161anas laiks \u2022 85% ener\u0123ijas ietaup\u012bjums sal\u012bdzin\u0101jum\u0101 ar kv\u0113lspuldzi \u2022 Kalpo par 50% ilg\u0101k un pat\u0113r\u0113 par 45% maz\u0101k ener\u0123ijas, sal\u012bdzinot ar kompaktaj\u0101m luminiscences spuldz\u0113m [&hellip;]<\/p>\n","protected":false},"featured_media":33398,"comment_status":"closed","ping_status":"closed","template":"","meta":{"inline_featured_image":false},"product_cat":[772,850],"product_tag":[],"yst_prominent_words":[],"class_list":{"0":"post-33391","1":"product","2":"type-product","3":"status-publish","4":"has-post-thumbnail","6":"product_cat-atlaides","7":"product_cat-e27-spuldzes","9":"first","10":"instock","11":"sale","12":"taxable","13":"shipping-taxable","14":"purchasable","15":"product-type-simple"},"jetpack_sharing_enabled":true,"_links":{"self":[{"href":"https:\/\/ddt.lv\/lv\/wp-json\/wp\/v2\/product\/33391"}],"collection":[{"href":"https:\/\/ddt.lv\/lv\/wp-json\/wp\/v2\/product"}],"about":[{"href":"https:\/\/ddt.lv\/lv\/wp-json\/wp\/v2\/types\/product"}],"replies":[{"embeddable":true,"href":"https:\/\/ddt.lv\/lv\/wp-json\/wp\/v2\/comments?post=33391"}],"wp:featuredmedia":[{"embeddable":true,"href":"https:\/\/ddt.lv\/lv\/wp-json\/wp\/v2\/media\/33398"}],"wp:attachment":[{"href":"https:\/\/ddt.lv\/lv\/wp-json\/wp\/v2\/media?parent=33391"}],"wp:term":[{"taxonomy":"product_cat","embeddable":true,"href":"https:\/\/ddt.lv\/lv\/wp-json\/wp\/v2\/product_cat?post=33391"},{"taxonomy":"product_tag","embeddable":true,"href":"https:\/\/ddt.lv\/lv\/wp-json\/wp\/v2\/product_tag?post=33391"},{"taxonomy":"yst_prominent_words","embeddable":true,"href":"https:\/\/ddt.lv\/lv\/wp-json\/wp\/v2\/yst_prominent_words?post=33391"}],"curies":[{"name":"wp","href":"https:\/\/api.w.org\/{rel}","templated":true}]}}