{"id":33390,"date":"2022-04-08T12:20:18","date_gmt":"2022-04-08T09:20:18","guid":{"rendered":"https:\/\/ddt.lv\/lv\/product\/refled-superia-gu10-4-5w-36-360lm-es50-4000k-dim-5gab-iepakojuma-sylvania\/"},"modified":"2026-04-08T14:41:50","modified_gmt":"2026-04-08T11:41:50","slug":"refled-superia-gu10-4-5w-36-360lm-es50-4000k-dim-5gab-iepakojuma-sylvania","status":"publish","type":"product","link":"https:\/\/ddt.lv\/lv\/product\/refled-superia-gu10-4-5w-36-360lm-es50-4000k-dim-5gab-iepakojuma-sylvania\/","title":{"rendered":"RefLED Superia GU10 4.5W 36&#8217; 360lm ES50 4000K DIM 5gab.iepakojum\u0101 SYLVANIA"},"content":{"rendered":"<p>\u2022 Augst\u0101k\u0101s kvalit\u0101tes profesion\u0101lais LED GU10 kl\u0101sts ar t\u0101du pa\u0161u izskatu un saj\u016btu k\u0101 tradicion\u0101lajai halog\u0113na GU10 lampai<br \/>\n\u2022 Atjauno pretgaismas efektu, kas l\u012bdz\u012bgs halog\u0113na dihromiskaj\u0101m lamp\u0101m<br \/>\n\u2022 Pilna stikla dizains \u2013 tas noz\u012bm\u0113, ka starp lampu un armat\u016bru nav pretrun\u012bgas kr\u0101sas<br \/>\n\u2022 \u013boti ilgs kalpo\u0161anas laiks l\u012bdz 25 000 stund\u0101m<br \/>\n\u2022 COOLFIT funkcionalit\u0101te \u2013 nodro\u0161ina aizsardz\u012bbu pret p\u0101rkar\u0161anu un p\u0101rkar\u0161anu<br \/>\n\u2022 Augsti p\u0101rsl\u0113g\u0161anas cikli: &gt;100 000<br \/>\n\u2022 Augsta kr\u0101su atveide: CRI80<br \/>\n\u2022 Aptum\u0161ojams uz apstiprin\u0101tiem dimmeriem.<\/p>","protected":false},"excerpt":{"rendered":"<p>\u2022 Augst\u0101k\u0101s kvalit\u0101tes profesion\u0101lais LED GU10 kl\u0101sts ar t\u0101du pa\u0161u izskatu un saj\u016btu k\u0101 tradicion\u0101lajai halog\u0113na GU10 lampai \u2022 Atjauno pretgaismas efektu, kas l\u012bdz\u012bgs halog\u0113na dihromiskaj\u0101m lamp\u0101m \u2022 Pilna stikla dizains \u2013 tas noz\u012bm\u0113, ka starp lampu un armat\u016bru nav pretrun\u012bgas kr\u0101sas \u2022 \u013boti ilgs kalpo\u0161anas laiks l\u012bdz 25 000 stund\u0101m \u2022 COOLFIT funkcionalit\u0101te \u2013 [&hellip;]<\/p>\n","protected":false},"featured_media":33403,"comment_status":"closed","ping_status":"closed","template":"","meta":{"inline_featured_image":false},"product_cat":[772,852],"product_tag":[],"yst_prominent_words":[],"class_list":{"0":"post-33390","1":"product","2":"type-product","3":"status-publish","4":"has-post-thumbnail","6":"product_cat-atlaides","7":"product_cat-gu10-spuldzes","9":"first","10":"outofstock","11":"sale","12":"taxable","13":"shipping-taxable","14":"purchasable","15":"product-type-simple"},"jetpack_sharing_enabled":true,"_links":{"self":[{"href":"https:\/\/ddt.lv\/lv\/wp-json\/wp\/v2\/product\/33390"}],"collection":[{"href":"https:\/\/ddt.lv\/lv\/wp-json\/wp\/v2\/product"}],"about":[{"href":"https:\/\/ddt.lv\/lv\/wp-json\/wp\/v2\/types\/product"}],"replies":[{"embeddable":true,"href":"https:\/\/ddt.lv\/lv\/wp-json\/wp\/v2\/comments?post=33390"}],"wp:featuredmedia":[{"embeddable":true,"href":"https:\/\/ddt.lv\/lv\/wp-json\/wp\/v2\/media\/33403"}],"wp:attachment":[{"href":"https:\/\/ddt.lv\/lv\/wp-json\/wp\/v2\/media?parent=33390"}],"wp:term":[{"taxonomy":"product_cat","embeddable":true,"href":"https:\/\/ddt.lv\/lv\/wp-json\/wp\/v2\/product_cat?post=33390"},{"taxonomy":"product_tag","embeddable":true,"href":"https:\/\/ddt.lv\/lv\/wp-json\/wp\/v2\/product_tag?post=33390"},{"taxonomy":"yst_prominent_words","embeddable":true,"href":"https:\/\/ddt.lv\/lv\/wp-json\/wp\/v2\/yst_prominent_words?post=33390"}],"curies":[{"name":"wp","href":"https:\/\/api.w.org\/{rel}","templated":true}]}}