{"id":33388,"date":"2022-04-08T12:20:18","date_gmt":"2022-04-08T09:20:18","guid":{"rendered":"https:\/\/ddt.lv\/lv\/product\/led-spuldze-t8-10w-3000k-1000lm-ip20-sylvania\/"},"modified":"2026-04-08T14:41:50","modified_gmt":"2026-04-08T11:41:50","slug":"led-spuldze-t8-10w-3000k-1000lm-ip20-sylvania","status":"publish","type":"product","link":"https:\/\/ddt.lv\/lv\/product\/led-spuldze-t8-10w-3000k-1000lm-ip20-sylvania\/","title":{"rendered":"LED spuldze T8 10W 3000K 1000lm IP20 SYLVANIA"},"content":{"rendered":"<p>\u2022 Energoefekt\u012bvs un pieejamu LED T8 risin\u0101jums, lai aizst\u0101tu parast\u0101s dienasgaismas T8 spuldzes \u2022 Visvirziena 320\u00b0 vienm\u0113r\u012bgs gaismas sadal\u012bjums, pateicoties stikla caurules konstrukcijas konstrukcijai, t\u0101ds pats k\u0101 tradicion\u0101laj\u0101m dienasgaismas T8 lamp\u0101m \u2022 Augsta l\u016bmena pakete \u2013 1000 lm \u2022 Augsta l\u016bmena efektivit\u0101te \u2013 100 lm\/W \u2022 Ener\u0123ijas reitings &#8211; A+ \u2022 P\u0101rsl\u0113g\u0161anas cikli &#8211; 200 000X \u2022 Vid\u0113jais kalpo\u0161anas laiks 40 000 stundu kalpo\u0161anas laiks (L70 F50) \u2022 Plats staru k\u016b\u013ca le\u0146\u0137is &#8211; 220\u00b0 \u2022 Augsts jaudas koeficients &#8211; 0,90 \u2022 Piem\u0113rots visp\u0101r\u0113jam apgaismojumam birojos, lielveikalos, univers\u0101lveikalos, dzelzce\u013ca stacij\u0101s, benz\u012bn\u0101 stacijas, autost\u0101vvietas un aplik\u0101cijas bez apkopes \u2022 Piem\u0113rotas darbam ar elektromagn\u0113tiskajiem p\u0101rnesumiem un tie\u0161ai elektrot\u012bkla darb\u012bbai (220-240V).<\/p>","protected":false},"excerpt":{"rendered":"<p>\u2022 Energoefekt\u012bvs un pieejamu LED T8 risin\u0101jums, lai aizst\u0101tu parast\u0101s dienasgaismas T8 spuldzes \u2022 Visvirziena 320\u00b0 vienm\u0113r\u012bgs gaismas sadal\u012bjums, pateicoties stikla caurules konstrukcijas konstrukcijai, t\u0101ds pats k\u0101 tradicion\u0101laj\u0101m dienasgaismas T8 lamp\u0101m \u2022 Augsta l\u016bmena pakete \u2013 1000 lm \u2022 Augsta l\u016bmena efektivit\u0101te \u2013 100 lm\/W \u2022 Ener\u0123ijas reitings &#8211; A+ \u2022 P\u0101rsl\u0113g\u0161anas cikli &#8211; 200 [&hellip;]<\/p>\n","protected":false},"featured_media":33400,"comment_status":"closed","ping_status":"closed","template":"","meta":{"inline_featured_image":false},"product_cat":[1122],"product_tag":[],"yst_prominent_words":[],"class_list":{"0":"post-33388","1":"product","2":"type-product","3":"status-publish","4":"has-post-thumbnail","6":"product_cat-t8-spuldzes","8":"first","9":"instock","10":"taxable","11":"shipping-taxable","12":"purchasable","13":"product-type-simple"},"jetpack_sharing_enabled":true,"_links":{"self":[{"href":"https:\/\/ddt.lv\/lv\/wp-json\/wp\/v2\/product\/33388"}],"collection":[{"href":"https:\/\/ddt.lv\/lv\/wp-json\/wp\/v2\/product"}],"about":[{"href":"https:\/\/ddt.lv\/lv\/wp-json\/wp\/v2\/types\/product"}],"replies":[{"embeddable":true,"href":"https:\/\/ddt.lv\/lv\/wp-json\/wp\/v2\/comments?post=33388"}],"wp:featuredmedia":[{"embeddable":true,"href":"https:\/\/ddt.lv\/lv\/wp-json\/wp\/v2\/media\/33400"}],"wp:attachment":[{"href":"https:\/\/ddt.lv\/lv\/wp-json\/wp\/v2\/media?parent=33388"}],"wp:term":[{"taxonomy":"product_cat","embeddable":true,"href":"https:\/\/ddt.lv\/lv\/wp-json\/wp\/v2\/product_cat?post=33388"},{"taxonomy":"product_tag","embeddable":true,"href":"https:\/\/ddt.lv\/lv\/wp-json\/wp\/v2\/product_tag?post=33388"},{"taxonomy":"yst_prominent_words","embeddable":true,"href":"https:\/\/ddt.lv\/lv\/wp-json\/wp\/v2\/yst_prominent_words?post=33388"}],"curies":[{"name":"wp","href":"https:\/\/api.w.org\/{rel}","templated":true}]}}