{"id":33383,"date":"2022-04-08T12:20:15","date_gmt":"2022-04-08T09:20:15","guid":{"rendered":"https:\/\/ddt.lv\/lv\/product\/led-gls-a60-frosted-e27-5-5w-230v-470lm-6500k-spuldze-sylvania\/"},"modified":"2026-04-06T11:02:08","modified_gmt":"2026-04-06T08:02:08","slug":"led-gls-a60-frosted-e27-5-5w-230v-470lm-6500k-spuldze-sylvania","status":"publish","type":"product","link":"https:\/\/ddt.lv\/lv\/product\/led-gls-a60-frosted-e27-5-5w-230v-470lm-6500k-spuldze-sylvania\/","title":{"rendered":"LED GLS A60 frosted E27 5.5W 230V 470lm 6500K spuldze Sylvania"},"content":{"rendered":"<p>Kompakts un elegants dizains<br \/>\n\u2022 Piem\u0113rots halog\u0113nu, kv\u0113lspuld\u017eu un kompakto dienasgaismas GLS spuld\u017eu nomai\u0146a<br \/>\n\u2022 T\u016bl\u012bt\u0113ja gaisma, nospie\u017eot sl\u0113dzi<br \/>\n\u2022 Vienm\u0113r\u012bgs gaismas sadal\u012bjums<br \/>\n\u2022 Laba kr\u0101su atveide (CRI 80)<br \/>\n\u2022 Lieliski piem\u0113rots viesn\u012bc\u0101m, restor\u0101niem, vestibiliem, koridoriem, k\u0101p\u0146u telp\u0101m, uz\u0146em\u0161anas zon\u0101m<br \/>\n\u2022 Zem\u0101kas uztur\u0113\u0161anas izmaksas<br \/>\n\u2022 A+ ener\u0123ijas reitings<\/p>","protected":false},"excerpt":{"rendered":"<p>Kompakts un elegants dizains \u2022 Piem\u0113rots halog\u0113nu, kv\u0113lspuld\u017eu un kompakto dienasgaismas GLS spuld\u017eu nomai\u0146a \u2022 T\u016bl\u012bt\u0113ja gaisma, nospie\u017eot sl\u0113dzi \u2022 Vienm\u0113r\u012bgs gaismas sadal\u012bjums \u2022 Laba kr\u0101su atveide (CRI 80) \u2022 Lieliski piem\u0113rots viesn\u012bc\u0101m, restor\u0101niem, vestibiliem, koridoriem, k\u0101p\u0146u telp\u0101m, uz\u0146em\u0161anas zon\u0101m \u2022 Zem\u0101kas uztur\u0113\u0161anas izmaksas \u2022 A+ ener\u0123ijas reitings<\/p>\n","protected":false},"featured_media":33406,"comment_status":"closed","ping_status":"closed","template":"","meta":{"inline_featured_image":false},"product_cat":[772,850],"product_tag":[],"yst_prominent_words":[],"class_list":{"0":"post-33383","1":"product","2":"type-product","3":"status-publish","4":"has-post-thumbnail","6":"product_cat-atlaides","7":"product_cat-e27-spuldzes","9":"first","10":"instock","11":"sale","12":"taxable","13":"shipping-taxable","14":"purchasable","15":"product-type-simple"},"jetpack_sharing_enabled":true,"_links":{"self":[{"href":"https:\/\/ddt.lv\/lv\/wp-json\/wp\/v2\/product\/33383"}],"collection":[{"href":"https:\/\/ddt.lv\/lv\/wp-json\/wp\/v2\/product"}],"about":[{"href":"https:\/\/ddt.lv\/lv\/wp-json\/wp\/v2\/types\/product"}],"replies":[{"embeddable":true,"href":"https:\/\/ddt.lv\/lv\/wp-json\/wp\/v2\/comments?post=33383"}],"wp:featuredmedia":[{"embeddable":true,"href":"https:\/\/ddt.lv\/lv\/wp-json\/wp\/v2\/media\/33406"}],"wp:attachment":[{"href":"https:\/\/ddt.lv\/lv\/wp-json\/wp\/v2\/media?parent=33383"}],"wp:term":[{"taxonomy":"product_cat","embeddable":true,"href":"https:\/\/ddt.lv\/lv\/wp-json\/wp\/v2\/product_cat?post=33383"},{"taxonomy":"product_tag","embeddable":true,"href":"https:\/\/ddt.lv\/lv\/wp-json\/wp\/v2\/product_tag?post=33383"},{"taxonomy":"yst_prominent_words","embeddable":true,"href":"https:\/\/ddt.lv\/lv\/wp-json\/wp\/v2\/yst_prominent_words?post=33383"}],"curies":[{"name":"wp","href":"https:\/\/api.w.org\/{rel}","templated":true}]}}