{"id":33356,"date":"2022-04-07T14:50:26","date_gmt":"2022-04-07T11:50:26","guid":{"rendered":"https:\/\/ddt.lv\/lv\/product\/led-globe-retro-g80-clear-e27-6w-240v-640lm-2700k-spuldze-sylvania\/"},"modified":"2026-04-08T14:41:49","modified_gmt":"2026-04-08T11:41:49","slug":"led-globe-retro-g80-clear-e27-6w-240v-640lm-2700k-spuldze-sylvania","status":"publish","type":"product","link":"https:\/\/ddt.lv\/lv\/product\/led-globe-retro-g80-clear-e27-6w-240v-640lm-2700k-spuldze-sylvania\/","title":{"rendered":"LED GLOBE Retro G80 Clear E27 6W 240V 640lm 2700K spuldze Sylvania"},"content":{"rendered":"<p>\u2022 Lieliski piem\u0113rots dekorat\u012bvam un visp\u0101r\u0113jam apgaismojumam un rada siltu gaisotni, kas ir l\u012bdz\u012bga tradicion\u0101laj\u0101m lamp\u0101m<br \/>\n\u2022 T\u0101ds pats izskats, izm\u0113rs un funkcionalit\u0101te k\u0101 kv\u0113lspuldz\u0113m<br \/>\n\u2022 Daudzvirzienu gaismas sadale<br \/>\n\u2022 A++ ener\u0123ijas reitings<br \/>\n\u2022 Piem\u0113rota kv\u0113lspuld\u017eu un halog\u0113nu spuld\u017eu nomai\u0146a<br \/>\n\u2022 Nodro\u0161ina t\u0101du pa\u0161u dzirksto\u0161\u0101s gaismas efektu k\u0101 kv\u0113lspuldze<br \/>\n\u2022 Izm\u0113ri identisks kv\u0113lspuldz\u0113m \u2013 der visiem \u0137erme\u0146iem<\/p>","protected":false},"excerpt":{"rendered":"<p>\u2022 Lieliski piem\u0113rots dekorat\u012bvam un visp\u0101r\u0113jam apgaismojumam un rada siltu gaisotni, kas ir l\u012bdz\u012bga tradicion\u0101laj\u0101m lamp\u0101m \u2022 T\u0101ds pats izskats, izm\u0113rs un funkcionalit\u0101te k\u0101 kv\u0113lspuldz\u0113m \u2022 Daudzvirzienu gaismas sadale \u2022 A++ ener\u0123ijas reitings \u2022 Piem\u0113rota kv\u0113lspuld\u017eu un halog\u0113nu spuld\u017eu nomai\u0146a \u2022 Nodro\u0161ina t\u0101du pa\u0161u dzirksto\u0161\u0101s gaismas efektu k\u0101 kv\u0113lspuldze \u2022 Izm\u0113ri identisks kv\u0113lspuldz\u0113m \u2013 der [&hellip;]<\/p>\n","protected":false},"featured_media":33365,"comment_status":"closed","ping_status":"closed","template":"","meta":{"inline_featured_image":false},"product_cat":[850],"product_tag":[],"yst_prominent_words":[],"class_list":{"0":"post-33356","1":"product","2":"type-product","3":"status-publish","4":"has-post-thumbnail","6":"product_cat-e27-spuldzes","8":"first","9":"instock","10":"taxable","11":"shipping-taxable","12":"purchasable","13":"product-type-simple"},"jetpack_sharing_enabled":true,"_links":{"self":[{"href":"https:\/\/ddt.lv\/lv\/wp-json\/wp\/v2\/product\/33356"}],"collection":[{"href":"https:\/\/ddt.lv\/lv\/wp-json\/wp\/v2\/product"}],"about":[{"href":"https:\/\/ddt.lv\/lv\/wp-json\/wp\/v2\/types\/product"}],"replies":[{"embeddable":true,"href":"https:\/\/ddt.lv\/lv\/wp-json\/wp\/v2\/comments?post=33356"}],"wp:featuredmedia":[{"embeddable":true,"href":"https:\/\/ddt.lv\/lv\/wp-json\/wp\/v2\/media\/33365"}],"wp:attachment":[{"href":"https:\/\/ddt.lv\/lv\/wp-json\/wp\/v2\/media?parent=33356"}],"wp:term":[{"taxonomy":"product_cat","embeddable":true,"href":"https:\/\/ddt.lv\/lv\/wp-json\/wp\/v2\/product_cat?post=33356"},{"taxonomy":"product_tag","embeddable":true,"href":"https:\/\/ddt.lv\/lv\/wp-json\/wp\/v2\/product_tag?post=33356"},{"taxonomy":"yst_prominent_words","embeddable":true,"href":"https:\/\/ddt.lv\/lv\/wp-json\/wp\/v2\/yst_prominent_words?post=33356"}],"curies":[{"name":"wp","href":"https:\/\/api.w.org\/{rel}","templated":true}]}}