{"id":33355,"date":"2022-04-07T14:50:25","date_gmt":"2022-04-07T11:50:25","guid":{"rendered":"https:\/\/ddt.lv\/lv\/product\/linx-se-7w-840-2g7-kompakta-luminiscenta-spuldze-sylvania\/"},"modified":"2026-04-08T14:41:48","modified_gmt":"2026-04-08T11:41:48","slug":"linx-se-7w-840-2g7-kompakta-luminiscenta-spuldze-sylvania","status":"publish","type":"product","link":"https:\/\/ddt.lv\/lv\/product\/linx-se-7w-840-2g7-kompakta-luminiscenta-spuldze-sylvania\/","title":{"rendered":"LINX-SE 7W\/840 2G7 kompakt\u0101 luminiscent\u0101 spuldze Sylvania"},"content":{"rendered":"<p>- Kompakta lampi\u0146a ar vienotam tap\u0101m, &#8211; Piem\u0113rota darbam ar elektronisko vad\u012bbas ier\u012bci (SE versija), &#8211; Izmanto\u0161anai ar magn\u0113tisko balastu (S versija), &#8211; Aptum\u0161ojams ar piem\u0113rotu balastu, &#8211; Lielisks kr\u0101su atveidojums, &#8211; Piem\u0113rots av\u0101rijas apgaismojumam.<\/p>","protected":false},"excerpt":{"rendered":"<p>&#8211; Kompakta lampi\u0146a ar vienotam tap\u0101m, &#8211; Piem\u0113rota darbam ar elektronisko vad\u012bbas ier\u012bci (SE versija), &#8211; Izmanto\u0161anai ar magn\u0113tisko balastu (S versija), &#8211; Aptum\u0161ojams ar piem\u0113rotu balastu, &#8211; Lielisks kr\u0101su atveidojums, &#8211; Piem\u0113rots av\u0101rijas apgaismojumam.<\/p>\n","protected":false},"featured_media":33366,"comment_status":"closed","ping_status":"closed","template":"","meta":{"inline_featured_image":false},"product_cat":[866],"product_tag":[],"yst_prominent_words":[],"class_list":{"0":"post-33355","1":"product","2":"type-product","3":"status-publish","4":"has-post-thumbnail","6":"product_cat-2g7-spuldzes-cf-kompaktas-spuldzes-luminiscentas-spuldzes-spuldzes","8":"first","9":"outofstock","10":"taxable","11":"shipping-taxable","12":"purchasable","13":"product-type-simple"},"jetpack_sharing_enabled":true,"_links":{"self":[{"href":"https:\/\/ddt.lv\/lv\/wp-json\/wp\/v2\/product\/33355"}],"collection":[{"href":"https:\/\/ddt.lv\/lv\/wp-json\/wp\/v2\/product"}],"about":[{"href":"https:\/\/ddt.lv\/lv\/wp-json\/wp\/v2\/types\/product"}],"replies":[{"embeddable":true,"href":"https:\/\/ddt.lv\/lv\/wp-json\/wp\/v2\/comments?post=33355"}],"wp:featuredmedia":[{"embeddable":true,"href":"https:\/\/ddt.lv\/lv\/wp-json\/wp\/v2\/media\/33366"}],"wp:attachment":[{"href":"https:\/\/ddt.lv\/lv\/wp-json\/wp\/v2\/media?parent=33355"}],"wp:term":[{"taxonomy":"product_cat","embeddable":true,"href":"https:\/\/ddt.lv\/lv\/wp-json\/wp\/v2\/product_cat?post=33355"},{"taxonomy":"product_tag","embeddable":true,"href":"https:\/\/ddt.lv\/lv\/wp-json\/wp\/v2\/product_tag?post=33355"},{"taxonomy":"yst_prominent_words","embeddable":true,"href":"https:\/\/ddt.lv\/lv\/wp-json\/wp\/v2\/yst_prominent_words?post=33355"}],"curies":[{"name":"wp","href":"https:\/\/api.w.org\/{rel}","templated":true}]}}