{"id":33351,"date":"2022-04-07T14:40:27","date_gmt":"2022-04-07T11:40:27","guid":{"rendered":"https:\/\/ddt.lv\/lv\/product\/eco-halogenspuldze-a55-e27-70w-1200lm-2800k-230v-sylvania\/"},"modified":"2026-04-01T00:22:08","modified_gmt":"2026-03-31T21:22:08","slug":"eco-halogenspuldze-a55-e27-70w-1200lm-2800k-230v-sylvania","status":"publish","type":"product","link":"https:\/\/ddt.lv\/lv\/product\/eco-halogenspuldze-a55-e27-70w-1200lm-2800k-230v-sylvania\/","title":{"rendered":"ECO halogenspuldze A55 E27 70W 1200lm 2800K 230V Sylvania"},"content":{"rendered":"<p>Halog\u0113ns.<br \/>\nTips Classic Eco GLS A55.<br \/>\nV\u0101ci\u0146\u0161\/b\u0101ze E27.<br \/>\nGaismas pl\u016bsma (lm) 1190.<br \/>\nKr\u0101su temperat\u016bra (K) 2800.<br \/>\nCRI (Ra) 100.<br \/>\nJauda (W) 70.<br \/>\nEkvivalents vats (W) 92.<br \/>\nVid\u0113jais kalpo\u0161anas laiks (nomin\u0101ls) (h) 2000.<\/p>","protected":false},"excerpt":{"rendered":"<p>Halog\u0113ns. Tips Classic Eco GLS A55. V\u0101ci\u0146\u0161\/b\u0101ze E27. Gaismas pl\u016bsma (lm) 1190. Kr\u0101su temperat\u016bra (K) 2800. CRI (Ra) 100. Jauda (W) 70. Ekvivalents vats (W) 92. Vid\u0113jais kalpo\u0161anas laiks (nomin\u0101ls) (h) 2000.<\/p>\n","protected":false},"featured_media":33370,"comment_status":"closed","ping_status":"closed","template":"","meta":{"inline_featured_image":false},"product_cat":[1365],"product_tag":[],"yst_prominent_words":[],"class_list":{"0":"post-33351","1":"product","2":"type-product","3":"status-publish","4":"has-post-thumbnail","6":"product_cat-eco-halogen-spuldzes","8":"first","9":"outofstock","10":"taxable","11":"shipping-taxable","12":"purchasable","13":"product-type-simple"},"jetpack_sharing_enabled":true,"_links":{"self":[{"href":"https:\/\/ddt.lv\/lv\/wp-json\/wp\/v2\/product\/33351"}],"collection":[{"href":"https:\/\/ddt.lv\/lv\/wp-json\/wp\/v2\/product"}],"about":[{"href":"https:\/\/ddt.lv\/lv\/wp-json\/wp\/v2\/types\/product"}],"replies":[{"embeddable":true,"href":"https:\/\/ddt.lv\/lv\/wp-json\/wp\/v2\/comments?post=33351"}],"wp:featuredmedia":[{"embeddable":true,"href":"https:\/\/ddt.lv\/lv\/wp-json\/wp\/v2\/media\/33370"}],"wp:attachment":[{"href":"https:\/\/ddt.lv\/lv\/wp-json\/wp\/v2\/media?parent=33351"}],"wp:term":[{"taxonomy":"product_cat","embeddable":true,"href":"https:\/\/ddt.lv\/lv\/wp-json\/wp\/v2\/product_cat?post=33351"},{"taxonomy":"product_tag","embeddable":true,"href":"https:\/\/ddt.lv\/lv\/wp-json\/wp\/v2\/product_tag?post=33351"},{"taxonomy":"yst_prominent_words","embeddable":true,"href":"https:\/\/ddt.lv\/lv\/wp-json\/wp\/v2\/yst_prominent_words?post=33351"}],"curies":[{"name":"wp","href":"https:\/\/api.w.org\/{rel}","templated":true}]}}