{"id":33350,"date":"2022-04-07T14:40:27","date_gmt":"2022-04-07T11:40:27","guid":{"rendered":"https:\/\/ddt.lv\/lv\/product\/fho-f24w-t5-aqua-classic-549mm-luminiscenta-spuldze-sylvania\/"},"modified":"2026-04-08T14:41:48","modified_gmt":"2026-04-08T11:41:48","slug":"fho-f24w-t5-aqua-classic-549mm-luminiscenta-spuldze-sylvania","status":"publish","type":"product","link":"https:\/\/ddt.lv\/lv\/product\/fho-f24w-t5-aqua-classic-549mm-luminiscenta-spuldze-sylvania\/","title":{"rendered":"FHO F24W\/T5 AQUA CLASSIC 549mm luminiscent\u0101 spuldze Sylvania"},"content":{"rendered":"<p>Labi sabalans\u0113ts spektrs visu veidu sald\u016bdens akv\u0101rijiem. Kr\u0101su temperat\u016bra 5000K. Sald\u016bdens akv\u0101rijam.<\/p>","protected":false},"excerpt":{"rendered":"<p>Labi sabalans\u0113ts spektrs visu veidu sald\u016bdens akv\u0101rijiem. Kr\u0101su temperat\u016bra 5000K. Sald\u016bdens akv\u0101rijam.<\/p>\n","protected":false},"featured_media":33368,"comment_status":"closed","ping_status":"closed","template":"","meta":{"inline_featured_image":false},"product_cat":[772,886],"product_tag":[],"yst_prominent_words":[],"class_list":{"0":"post-33350","1":"product","2":"type-product","3":"status-publish","4":"has-post-thumbnail","6":"product_cat-atlaides","7":"product_cat-aquastar-augu-un-akvariju-spuldzes","9":"first","10":"instock","11":"sale","12":"taxable","13":"shipping-taxable","14":"purchasable","15":"product-type-simple"},"jetpack_sharing_enabled":true,"_links":{"self":[{"href":"https:\/\/ddt.lv\/lv\/wp-json\/wp\/v2\/product\/33350"}],"collection":[{"href":"https:\/\/ddt.lv\/lv\/wp-json\/wp\/v2\/product"}],"about":[{"href":"https:\/\/ddt.lv\/lv\/wp-json\/wp\/v2\/types\/product"}],"replies":[{"embeddable":true,"href":"https:\/\/ddt.lv\/lv\/wp-json\/wp\/v2\/comments?post=33350"}],"wp:featuredmedia":[{"embeddable":true,"href":"https:\/\/ddt.lv\/lv\/wp-json\/wp\/v2\/media\/33368"}],"wp:attachment":[{"href":"https:\/\/ddt.lv\/lv\/wp-json\/wp\/v2\/media?parent=33350"}],"wp:term":[{"taxonomy":"product_cat","embeddable":true,"href":"https:\/\/ddt.lv\/lv\/wp-json\/wp\/v2\/product_cat?post=33350"},{"taxonomy":"product_tag","embeddable":true,"href":"https:\/\/ddt.lv\/lv\/wp-json\/wp\/v2\/product_tag?post=33350"},{"taxonomy":"yst_prominent_words","embeddable":true,"href":"https:\/\/ddt.lv\/lv\/wp-json\/wp\/v2\/yst_prominent_words?post=33350"}],"curies":[{"name":"wp","href":"https:\/\/api.w.org\/{rel}","templated":true}]}}