{"id":33347,"date":"2022-04-07T14:40:25","date_gmt":"2022-04-07T11:40:25","guid":{"rendered":"https:\/\/ddt.lv\/lv\/product\/f18w-12000k-t8-frost-white-luminiscenta-spuldze-sylvania\/"},"modified":"2026-04-13T10:01:58","modified_gmt":"2026-04-13T07:01:58","slug":"f18w-12000k-t8-frost-white-luminiscenta-spuldze-sylvania","status":"publish","type":"product","link":"https:\/\/ddt.lv\/lv\/product\/f18w-12000k-t8-frost-white-luminiscenta-spuldze-sylvania\/","title":{"rendered":"F18W 12000K T8 FROST WHITE luminiscent\u0101 spuldze Sylvania"},"content":{"rendered":"<p>Fluoresc\u0113jo\u0161a.<br \/>\nTips T8 Frostwhite.<br \/>\nV\u0101ci\u0146\u0161 \/ Pamatne G13.<br \/>\nDarba temperat\u016bras diapazons (\u00b0 C) -15 \u00b0 C &#8211; 40 \u00b0 C.<br \/>\nGaismas pl\u016bsma (lm) 900.<br \/>\nKr\u0101su temperat\u016bra (K) 12000.<br \/>\nCRI (Ra) 80.<br \/>\nJauda (W) 18.<br \/>\nProdukta spriegums (V) 57.<br \/>\nVid\u0113jais kalpo\u0161anas laiks (nomin\u0101ls) (h) 16000.<br \/>\nMaks. Garums no pamatnes l\u012bdz pamatnei (mm) &#8211; A 590<\/p>","protected":false},"excerpt":{"rendered":"<p>Fluoresc\u0113jo\u0161a. Tips T8 Frostwhite. V\u0101ci\u0146\u0161 \/ Pamatne G13. Darba temperat\u016bras diapazons (\u00b0 C) -15 \u00b0 C &#8211; 40 \u00b0 C. Gaismas pl\u016bsma (lm) 900. Kr\u0101su temperat\u016bra (K) 12000. CRI (Ra) 80. Jauda (W) 18. Produkta spriegums (V) 57. Vid\u0113jais kalpo\u0161anas laiks (nomin\u0101ls) (h) 16000. Maks. Garums no pamatnes l\u012bdz pamatnei (mm) &#8211; A 590<\/p>\n","protected":false},"featured_media":33374,"comment_status":"closed","ping_status":"closed","template":"","meta":{"inline_featured_image":false},"product_cat":[861],"product_tag":[],"yst_prominent_words":[],"class_list":{"0":"post-33347","1":"product","2":"type-product","3":"status-publish","4":"has-post-thumbnail","6":"product_cat-t8-spuldzes-luminiscentas-spuldzes-spuldzes","8":"first","9":"outofstock","10":"taxable","11":"shipping-taxable","12":"purchasable","13":"product-type-simple"},"jetpack_sharing_enabled":true,"_links":{"self":[{"href":"https:\/\/ddt.lv\/lv\/wp-json\/wp\/v2\/product\/33347"}],"collection":[{"href":"https:\/\/ddt.lv\/lv\/wp-json\/wp\/v2\/product"}],"about":[{"href":"https:\/\/ddt.lv\/lv\/wp-json\/wp\/v2\/types\/product"}],"replies":[{"embeddable":true,"href":"https:\/\/ddt.lv\/lv\/wp-json\/wp\/v2\/comments?post=33347"}],"wp:featuredmedia":[{"embeddable":true,"href":"https:\/\/ddt.lv\/lv\/wp-json\/wp\/v2\/media\/33374"}],"wp:attachment":[{"href":"https:\/\/ddt.lv\/lv\/wp-json\/wp\/v2\/media?parent=33347"}],"wp:term":[{"taxonomy":"product_cat","embeddable":true,"href":"https:\/\/ddt.lv\/lv\/wp-json\/wp\/v2\/product_cat?post=33347"},{"taxonomy":"product_tag","embeddable":true,"href":"https:\/\/ddt.lv\/lv\/wp-json\/wp\/v2\/product_tag?post=33347"},{"taxonomy":"yst_prominent_words","embeddable":true,"href":"https:\/\/ddt.lv\/lv\/wp-json\/wp\/v2\/yst_prominent_words?post=33347"}],"curies":[{"name":"wp","href":"https:\/\/api.w.org\/{rel}","templated":true}]}}