{"id":33247,"date":"2022-03-31T13:20:25","date_gmt":"2022-03-31T10:20:25","guid":{"rendered":"https:\/\/ddt.lv\/lv\/product\/led-pipe-gaismeklis-9w-600lm-3k-ip20-600mm-sylvania\/"},"modified":"2026-04-13T09:56:56","modified_gmt":"2026-04-13T06:56:56","slug":"led-pipe-gaismeklis-9w-600lm-3k-ip20-600mm-sylvania","status":"publish","type":"product","link":"https:\/\/ddt.lv\/lv\/product\/led-pipe-gaismeklis-9w-600lm-3k-ip20-600mm-sylvania\/","title":{"rendered":"LED PIPE Gaismeklis 9W 600Lm 3K IP20 600mm Sylvania"},"content":{"rendered":"<p>LED T5 mai\u0146as l\u012bste, augsts jaudas diapazons: vair\u0101k l\u016bmenu uz metru ar efektivit\u0101ti l\u012bdz 125 l\/vatiem, bez\u0161uvju savieno\u0161ana (l\u012bdz 10M), Ide\u0101li piem\u0113rots tie\u0161am apgaismojumam, piem\u0113ram, zem skapja vai virtuv\u0113s, 150 gr\u0101du staru le\u0146\u0137is, iek\u013cauts sl\u0113dzis, komplekt\u0101 ietilpst 0,30 m atdal\u012bts kabelis, balts polikarbon\u0101ta korpuss, standarta un noliecamie kron\u0161teini.<\/p>","protected":false},"excerpt":{"rendered":"<p>LED T5 mai\u0146as l\u012bste, augsts jaudas diapazons: vair\u0101k l\u016bmenu uz metru ar efektivit\u0101ti l\u012bdz 125 l\/vatiem, bez\u0161uvju savieno\u0161ana (l\u012bdz 10M), Ide\u0101li piem\u0113rots tie\u0161am apgaismojumam, piem\u0113ram, zem skapja vai virtuv\u0113s, 150 gr\u0101du staru le\u0146\u0137is, iek\u013cauts sl\u0113dzis, komplekt\u0101 ietilpst 0,30 m atdal\u012bts kabelis, balts polikarbon\u0101ta korpuss, standarta un noliecamie kron\u0161teini.<\/p>\n","protected":false},"featured_media":33248,"comment_status":"closed","ping_status":"closed","template":"","meta":{"inline_featured_image":false},"product_cat":[772,904],"product_tag":[],"yst_prominent_words":[],"class_list":{"0":"post-33247","1":"product","2":"type-product","3":"status-publish","4":"has-post-thumbnail","6":"product_cat-atlaides","7":"product_cat-led-batten-tipa-gaismekli","9":"first","10":"instock","11":"sale","12":"taxable","13":"shipping-taxable","14":"purchasable","15":"product-type-simple"},"jetpack_sharing_enabled":true,"_links":{"self":[{"href":"https:\/\/ddt.lv\/lv\/wp-json\/wp\/v2\/product\/33247"}],"collection":[{"href":"https:\/\/ddt.lv\/lv\/wp-json\/wp\/v2\/product"}],"about":[{"href":"https:\/\/ddt.lv\/lv\/wp-json\/wp\/v2\/types\/product"}],"replies":[{"embeddable":true,"href":"https:\/\/ddt.lv\/lv\/wp-json\/wp\/v2\/comments?post=33247"}],"wp:featuredmedia":[{"embeddable":true,"href":"https:\/\/ddt.lv\/lv\/wp-json\/wp\/v2\/media\/33248"}],"wp:attachment":[{"href":"https:\/\/ddt.lv\/lv\/wp-json\/wp\/v2\/media?parent=33247"}],"wp:term":[{"taxonomy":"product_cat","embeddable":true,"href":"https:\/\/ddt.lv\/lv\/wp-json\/wp\/v2\/product_cat?post=33247"},{"taxonomy":"product_tag","embeddable":true,"href":"https:\/\/ddt.lv\/lv\/wp-json\/wp\/v2\/product_tag?post=33247"},{"taxonomy":"yst_prominent_words","embeddable":true,"href":"https:\/\/ddt.lv\/lv\/wp-json\/wp\/v2\/yst_prominent_words?post=33247"}],"curies":[{"name":"wp","href":"https:\/\/api.w.org\/{rel}","templated":true}]}}