{"id":33245,"date":"2022-03-31T13:20:23","date_gmt":"2022-03-31T10:20:23","guid":{"rendered":"https:\/\/ddt.lv\/lv\/product\/led-gu10-6-5w-36-240v-550lm-dim-3000k-spuldze-sylvania\/"},"modified":"2026-04-08T14:41:47","modified_gmt":"2026-04-08T11:41:47","slug":"led-gu10-6-5w-36-240v-550lm-dim-3000k-spuldze-sylvania","status":"publish","type":"product","link":"https:\/\/ddt.lv\/lv\/product\/led-gu10-6-5w-36-240v-550lm-dim-3000k-spuldze-sylvania\/","title":{"rendered":"LED GU10 6.5W 36&#8242; 240V 550lm DIM 3000K spuldze Sylvania"},"content":{"rendered":"<p>\u2022 Augst\u0101k\u0101s veiktsp\u0113jas profesion\u0101ls LED GU10 kl\u0101sts ar t\u0101du pa\u0161u izskatu un saj\u016btu k\u0101 tradicion\u0101lajai halog\u0113na GU10 lampai\u2022 Atjauno pretgaismas efektu, kas l\u012bdz\u012bgs halog\u0113na dihromiskaj\u0101m lamp\u0101m\u2022 Pilna stikla dizains \u2014 tas noz\u012bm\u0113, ka starp lampu un armat\u016bru nesaskaras kr\u0101sas\u2022 \u013boti ilgs kalpo\u0161anas laiks l\u012bdz 25 000 stund\u0101m\u2022 COOLFIT funkcionalit\u0101te \u2013 nodro\u0161ina aizsardz\u012bbu pret p\u0101rkar\u0161anu un p\u0101rkar\u0161anu\u2022 Augsti p\u0101rsl\u0113g\u0161anas cikli: &gt;100 000\u2022 Augsts kr\u0101su atveidojums: CRI80\u2022 Aptum\u0161ojams uz apstiprin\u0101tiem dimmeriem.\u2022<br \/>\nV\u0101ci\u0146\u0161\/b\u0101ze GU10.<br \/>\nNomin\u0101l\u0101 gaismas pl\u016bsma noder\u012bga (lm) 550.<br \/>\nKr\u0101su temperat\u016bra (K) 3000.<br \/>\nCRI (Ra) 80.<br \/>\nStara le\u0146\u0137is (\u00b0) 36.<br \/>\nJauda (W) 6.5.<br \/>\nS\u0101kuma laiks (maks.) (s) 0,5.<br \/>\nUzsil\u0161anas laiks l\u012bdz 60% no pilnas gaismas (maks.) (s) 1.<br \/>\nProdukta spriegums (V) 230.<br \/>\nAptum\u0161ojams .kWh uz 1000 deg\u0161anas stund\u0101m 7<br \/>\nNomin\u0101l\u0101 frekvence (Hz) 50\/60Hz.<br \/>\nVid\u0113jais kalpo\u0161anas laiks (nomin\u0101ls) (h) 25 000.<\/p>","protected":false},"excerpt":{"rendered":"<p>\u2022 Augst\u0101k\u0101s veiktsp\u0113jas profesion\u0101ls LED GU10 kl\u0101sts ar t\u0101du pa\u0161u izskatu un saj\u016btu k\u0101 tradicion\u0101lajai halog\u0113na GU10 lampai\u2022 Atjauno pretgaismas efektu, kas l\u012bdz\u012bgs halog\u0113na dihromiskaj\u0101m lamp\u0101m\u2022 Pilna stikla dizains \u2014 tas noz\u012bm\u0113, ka starp lampu un armat\u016bru nesaskaras kr\u0101sas\u2022 \u013boti ilgs kalpo\u0161anas laiks l\u012bdz 25 000 stund\u0101m\u2022 COOLFIT funkcionalit\u0101te \u2013 nodro\u0161ina aizsardz\u012bbu pret p\u0101rkar\u0161anu un [&hellip;]<\/p>\n","protected":false},"featured_media":33254,"comment_status":"closed","ping_status":"closed","template":"","meta":{"inline_featured_image":false},"product_cat":[852],"product_tag":[],"yst_prominent_words":[],"class_list":{"0":"post-33245","1":"product","2":"type-product","3":"status-publish","4":"has-post-thumbnail","6":"product_cat-gu10-spuldzes","8":"first","9":"instock","10":"taxable","11":"shipping-taxable","12":"purchasable","13":"product-type-simple"},"jetpack_sharing_enabled":true,"_links":{"self":[{"href":"https:\/\/ddt.lv\/lv\/wp-json\/wp\/v2\/product\/33245"}],"collection":[{"href":"https:\/\/ddt.lv\/lv\/wp-json\/wp\/v2\/product"}],"about":[{"href":"https:\/\/ddt.lv\/lv\/wp-json\/wp\/v2\/types\/product"}],"replies":[{"embeddable":true,"href":"https:\/\/ddt.lv\/lv\/wp-json\/wp\/v2\/comments?post=33245"}],"wp:featuredmedia":[{"embeddable":true,"href":"https:\/\/ddt.lv\/lv\/wp-json\/wp\/v2\/media\/33254"}],"wp:attachment":[{"href":"https:\/\/ddt.lv\/lv\/wp-json\/wp\/v2\/media?parent=33245"}],"wp:term":[{"taxonomy":"product_cat","embeddable":true,"href":"https:\/\/ddt.lv\/lv\/wp-json\/wp\/v2\/product_cat?post=33245"},{"taxonomy":"product_tag","embeddable":true,"href":"https:\/\/ddt.lv\/lv\/wp-json\/wp\/v2\/product_tag?post=33245"},{"taxonomy":"yst_prominent_words","embeddable":true,"href":"https:\/\/ddt.lv\/lv\/wp-json\/wp\/v2\/yst_prominent_words?post=33245"}],"curies":[{"name":"wp","href":"https:\/\/api.w.org\/{rel}","templated":true}]}}