{"id":33244,"date":"2022-03-31T13:10:16","date_gmt":"2022-03-31T10:10:16","guid":{"rendered":"https:\/\/ddt.lv\/lv\/product\/led-ball-frosted-e14-6-5w-240v-470lm-dim-2000-2700k-spuldze-sylvania\/"},"modified":"2026-04-13T10:01:54","modified_gmt":"2026-04-13T07:01:54","slug":"led-ball-frosted-e14-6-5w-240v-470lm-dim-2000-2700k-spuldze-sylvania","status":"publish","type":"product","link":"https:\/\/ddt.lv\/lv\/product\/led-ball-frosted-e14-6-5w-240v-470lm-dim-2000-2700k-spuldze-sylvania\/","title":{"rendered":"LED BALL Frosted E14 6.5W 240V 470lm DIM 2000-2700K spuldze Sylvania"},"content":{"rendered":"<p>\u2022 ToLEDo\u2122 SunDim Ball atdarina kv\u0113lspuld\u017eu un halog\u0113nu spuld\u017eu pre\u010du z\u012bmju iez\u012bmes, radot silt\u0101ku gaismu, kad t\u0101s ir aptum\u0161otas. \u2022 SunDim efektu var izveidot bez jebk\u0101d\u0101m papildu vad\u012bbas ier\u012bc\u0113m, iz\u0146emot dimmeru. \u2022 Ide\u0101li piem\u0113rots viesm\u012bl\u012bbas un sadz\u012bves vajadz\u012bb\u0101m \u2022 Mat\u0113ta apdare uzlabo pak\u0101peniskas kr\u0101sas temperat\u016bras izmai\u0146as. no 2700K (100%) l\u012bdz 2000K (10%), k\u0101 ar\u012b pal\u012bdz rad\u012bt m\u0101j\u012bgu atmosf\u0113ru \u2022 A+ ener\u0123ijas klase \u2022 25 000 stundu vid\u0113jais nomin\u0101lais kalpo\u0161anas laiks \u2022 Aptum\u0161ojams ar apstiprin\u0101tiem dimmeriem \u2022 3 gadu garantija \u2022 Augsta kr\u0101su atveide \u2013 CRI80.<\/p>\n<p><\/p>","protected":false},"excerpt":{"rendered":"<p>\u2022 ToLEDo\u2122 SunDim Ball atdarina kv\u0113lspuld\u017eu un halog\u0113nu spuld\u017eu pre\u010du z\u012bmju iez\u012bmes, radot silt\u0101ku gaismu, kad t\u0101s ir aptum\u0161otas. \u2022 SunDim efektu var izveidot bez jebk\u0101d\u0101m papildu vad\u012bbas ier\u012bc\u0113m, iz\u0146emot dimmeru. \u2022 Ide\u0101li piem\u0113rots viesm\u012bl\u012bbas un sadz\u012bves vajadz\u012bb\u0101m \u2022 Mat\u0113ta apdare uzlabo pak\u0101peniskas kr\u0101sas temperat\u016bras izmai\u0146as. no 2700K (100%) l\u012bdz 2000K (10%), k\u0101 ar\u012b pal\u012bdz [&hellip;]<\/p>\n","protected":false},"featured_media":33255,"comment_status":"closed","ping_status":"closed","template":"","meta":{"inline_featured_image":false},"product_cat":[851],"product_tag":[],"yst_prominent_words":[],"class_list":{"0":"post-33244","1":"product","2":"type-product","3":"status-publish","4":"has-post-thumbnail","6":"product_cat-e14-spuldzes","8":"first","9":"instock","10":"taxable","11":"shipping-taxable","12":"purchasable","13":"product-type-simple"},"jetpack_sharing_enabled":true,"_links":{"self":[{"href":"https:\/\/ddt.lv\/lv\/wp-json\/wp\/v2\/product\/33244"}],"collection":[{"href":"https:\/\/ddt.lv\/lv\/wp-json\/wp\/v2\/product"}],"about":[{"href":"https:\/\/ddt.lv\/lv\/wp-json\/wp\/v2\/types\/product"}],"replies":[{"embeddable":true,"href":"https:\/\/ddt.lv\/lv\/wp-json\/wp\/v2\/comments?post=33244"}],"wp:featuredmedia":[{"embeddable":true,"href":"https:\/\/ddt.lv\/lv\/wp-json\/wp\/v2\/media\/33255"}],"wp:attachment":[{"href":"https:\/\/ddt.lv\/lv\/wp-json\/wp\/v2\/media?parent=33244"}],"wp:term":[{"taxonomy":"product_cat","embeddable":true,"href":"https:\/\/ddt.lv\/lv\/wp-json\/wp\/v2\/product_cat?post=33244"},{"taxonomy":"product_tag","embeddable":true,"href":"https:\/\/ddt.lv\/lv\/wp-json\/wp\/v2\/product_tag?post=33244"},{"taxonomy":"yst_prominent_words","embeddable":true,"href":"https:\/\/ddt.lv\/lv\/wp-json\/wp\/v2\/yst_prominent_words?post=33244"}],"curies":[{"name":"wp","href":"https:\/\/api.w.org\/{rel}","templated":true}]}}