{"id":33243,"date":"2022-03-31T13:10:16","date_gmt":"2022-03-31T10:10:16","guid":{"rendered":"https:\/\/ddt.lv\/lv\/product\/hi-pin-g9-eco-42w-570lm-240v-spuldze-sylvania\/"},"modified":"2026-04-01T00:22:03","modified_gmt":"2026-03-31T21:22:03","slug":"hi-pin-g9-eco-42w-570lm-240v-spuldze-sylvania","status":"publish","type":"product","link":"https:\/\/ddt.lv\/lv\/product\/hi-pin-g9-eco-42w-570lm-240v-spuldze-sylvania\/","title":{"rendered":"HI-PIN G9 ECO 42W 570lm 240V spuldze Sylvania"},"content":{"rendered":"<p>9 kapsula ar G9 pamatni, &#8211; kompakts izm\u0113rs, &#8211; ieb\u016bv\u0113ts dro\u0161in\u0101t\u0101js, &#8211; darb\u012bba bez transformatora, &#8211; 100% aptum\u0161ojama, &#8211; vid\u0113jais kalpo\u0161anas laiks 2000 stundas.<\/p>","protected":false},"excerpt":{"rendered":"<p>9 kapsula ar G9 pamatni, &#8211; kompakts izm\u0113rs, &#8211; ieb\u016bv\u0113ts dro\u0161in\u0101t\u0101js, &#8211; darb\u012bba bez transformatora, &#8211; 100% aptum\u0161ojama, &#8211; vid\u0113jais kalpo\u0161anas laiks 2000 stundas.<\/p>\n","protected":false},"featured_media":33256,"comment_status":"closed","ping_status":"closed","template":"","meta":{"inline_featured_image":false},"product_cat":[1365],"product_tag":[],"yst_prominent_words":[],"class_list":{"0":"post-33243","1":"product","2":"type-product","3":"status-publish","4":"has-post-thumbnail","6":"product_cat-eco-halogen-spuldzes","8":"first","9":"outofstock","10":"taxable","11":"shipping-taxable","12":"purchasable","13":"product-type-simple"},"jetpack_sharing_enabled":true,"_links":{"self":[{"href":"https:\/\/ddt.lv\/lv\/wp-json\/wp\/v2\/product\/33243"}],"collection":[{"href":"https:\/\/ddt.lv\/lv\/wp-json\/wp\/v2\/product"}],"about":[{"href":"https:\/\/ddt.lv\/lv\/wp-json\/wp\/v2\/types\/product"}],"replies":[{"embeddable":true,"href":"https:\/\/ddt.lv\/lv\/wp-json\/wp\/v2\/comments?post=33243"}],"wp:featuredmedia":[{"embeddable":true,"href":"https:\/\/ddt.lv\/lv\/wp-json\/wp\/v2\/media\/33256"}],"wp:attachment":[{"href":"https:\/\/ddt.lv\/lv\/wp-json\/wp\/v2\/media?parent=33243"}],"wp:term":[{"taxonomy":"product_cat","embeddable":true,"href":"https:\/\/ddt.lv\/lv\/wp-json\/wp\/v2\/product_cat?post=33243"},{"taxonomy":"product_tag","embeddable":true,"href":"https:\/\/ddt.lv\/lv\/wp-json\/wp\/v2\/product_tag?post=33243"},{"taxonomy":"yst_prominent_words","embeddable":true,"href":"https:\/\/ddt.lv\/lv\/wp-json\/wp\/v2\/yst_prominent_words?post=33243"}],"curies":[{"name":"wp","href":"https:\/\/api.w.org\/{rel}","templated":true}]}}