{"id":33232,"date":"2022-03-30T13:10:20","date_gmt":"2022-03-30T10:10:20","guid":{"rendered":"https:\/\/ddt.lv\/lv\/product\/led-lenta-silikona-5m-47-5w-24v-5000lm-4000k-ip67-sylvania\/"},"modified":"2026-04-06T11:05:39","modified_gmt":"2026-04-06T08:05:39","slug":"led-lenta-silikona-5m-47-5w-24v-5000lm-4000k-ip67-sylvania","status":"publish","type":"product","link":"https:\/\/ddt.lv\/lv\/product\/led-lenta-silikona-5m-47-5w-24v-5000lm-4000k-ip67-sylvania\/","title":{"rendered":"LED lenta silikona 5m 47.5W 24V 5000lm 4000K IP67 Sylvania"},"content":{"rendered":"<p>5 metru IP67 LED spole ar iepriek\u0161 piestiprin\u0101tu 3M l\u012bmes veidu; apr\u012bkots ar 300 gaismas diod\u0113m; 5000lm uz 5m (1000lm uz 1m); 24V; 4000K; CRI80; SDCM \u22643; komplekt\u0101 ar 1 m kabeli H05RN-F (2*0,75 mm\u00b2 kabelis).<\/p>\n<p><\/p>","protected":false},"excerpt":{"rendered":"<p>5 metru IP67 LED spole ar iepriek\u0161 piestiprin\u0101tu 3M l\u012bmes veidu; apr\u012bkots ar 300 gaismas diod\u0113m; 5000lm uz 5m (1000lm uz 1m); 24V; 4000K; CRI80; SDCM \u22643; komplekt\u0101 ar 1 m kabeli H05RN-F (2*0,75 mm\u00b2 kabelis).<\/p>\n","protected":false},"featured_media":33233,"comment_status":"closed","ping_status":"closed","template":"","meta":{"inline_featured_image":false},"product_cat":[897],"product_tag":[],"yst_prominent_words":[],"class_list":{"0":"post-33232","1":"product","2":"type-product","3":"status-publish","4":"has-post-thumbnail","6":"product_cat-led-lentas-un-piederumi","8":"first","9":"outofstock","10":"taxable","11":"shipping-taxable","12":"purchasable","13":"product-type-simple"},"jetpack_sharing_enabled":true,"_links":{"self":[{"href":"https:\/\/ddt.lv\/lv\/wp-json\/wp\/v2\/product\/33232"}],"collection":[{"href":"https:\/\/ddt.lv\/lv\/wp-json\/wp\/v2\/product"}],"about":[{"href":"https:\/\/ddt.lv\/lv\/wp-json\/wp\/v2\/types\/product"}],"replies":[{"embeddable":true,"href":"https:\/\/ddt.lv\/lv\/wp-json\/wp\/v2\/comments?post=33232"}],"wp:featuredmedia":[{"embeddable":true,"href":"https:\/\/ddt.lv\/lv\/wp-json\/wp\/v2\/media\/33233"}],"wp:attachment":[{"href":"https:\/\/ddt.lv\/lv\/wp-json\/wp\/v2\/media?parent=33232"}],"wp:term":[{"taxonomy":"product_cat","embeddable":true,"href":"https:\/\/ddt.lv\/lv\/wp-json\/wp\/v2\/product_cat?post=33232"},{"taxonomy":"product_tag","embeddable":true,"href":"https:\/\/ddt.lv\/lv\/wp-json\/wp\/v2\/product_tag?post=33232"},{"taxonomy":"yst_prominent_words","embeddable":true,"href":"https:\/\/ddt.lv\/lv\/wp-json\/wp\/v2\/yst_prominent_words?post=33232"}],"curies":[{"name":"wp","href":"https:\/\/api.w.org\/{rel}","templated":true}]}}