{"id":33231,"date":"2022-03-30T13:00:40","date_gmt":"2022-03-30T10:00:40","guid":{"rendered":"https:\/\/ddt.lv\/lv\/product\/33231\/"},"modified":"2026-04-08T14:45:32","modified_gmt":"2026-04-08T11:45:32","slug":"33231","status":"publish","type":"product","link":"https:\/\/ddt.lv\/lv\/product\/toledo-gls-a60-e27-13w-240v-1521lm-4000k-spuldze-sylvania\/","title":{"rendered":"ToLEDo GLS A60 E27 13W 240V 1521lm 4000K spuldze Sylvania"},"content":{"rendered":"<p>Kompakts un elegants dizains.<br \/>\nPiem\u0113rots halog\u0113nu, kv\u0113lspuld\u017eu un kompakto dienasgaismas spuld\u017eu nomai\u0146ai.<br \/>\nT\u016bl\u012bt\u0113ja gaisma, nospie\u017eot sl\u0113dzi.<br \/>\nVienm\u0113r\u012bgs gaismas sadal\u012bjums.<br \/>\nLaba kr\u0101su atveide (CRI 80).<br \/>\nLieliski piem\u0113rots viesn\u012bc\u0101m, restor\u0101niem, vestibiliem, koridoriem, k\u0101p\u0146u telp\u0101m, uz\u0146em\u0161anas zon\u0101m.<br \/>\nZem\u0101kas uztur\u0113\u0161anas izmaksas.<br \/>\nVid\u0113jais nomin\u0101lais kalpo\u0161anas laiks 15 000 stundu.<br \/>\nDarba temperat\u016bras diapazons (\u00b0C) -20\u00b0C &#8211; 40\u00b0C.<br \/>\nVeiktsp\u0113jas apk\u0101rt\u0113j\u0101 temperat\u016bra Tq (\u00b0C) 25.<br \/>\ngaismas plusma (lm) 1521.<br \/>\nGaismas kr\u0101sa (K) 400.<br \/>\nCRI (Ra) 80.<\/p>","protected":false},"excerpt":{"rendered":"<p>&nbsp;<\/p>\n<p>&nbsp;<\/p>\n","protected":false},"featured_media":33235,"comment_status":"closed","ping_status":"closed","template":"","meta":{"inline_featured_image":false},"product_cat":[850],"product_tag":[],"yst_prominent_words":[],"class_list":{"0":"post-33231","1":"product","2":"type-product","3":"status-publish","4":"has-post-thumbnail","6":"product_cat-e27-spuldzes","8":"first","9":"instock","10":"taxable","11":"shipping-taxable","12":"purchasable","13":"product-type-simple"},"jetpack_sharing_enabled":true,"_links":{"self":[{"href":"https:\/\/ddt.lv\/lv\/wp-json\/wp\/v2\/product\/33231"}],"collection":[{"href":"https:\/\/ddt.lv\/lv\/wp-json\/wp\/v2\/product"}],"about":[{"href":"https:\/\/ddt.lv\/lv\/wp-json\/wp\/v2\/types\/product"}],"replies":[{"embeddable":true,"href":"https:\/\/ddt.lv\/lv\/wp-json\/wp\/v2\/comments?post=33231"}],"wp:featuredmedia":[{"embeddable":true,"href":"https:\/\/ddt.lv\/lv\/wp-json\/wp\/v2\/media\/33235"}],"wp:attachment":[{"href":"https:\/\/ddt.lv\/lv\/wp-json\/wp\/v2\/media?parent=33231"}],"wp:term":[{"taxonomy":"product_cat","embeddable":true,"href":"https:\/\/ddt.lv\/lv\/wp-json\/wp\/v2\/product_cat?post=33231"},{"taxonomy":"product_tag","embeddable":true,"href":"https:\/\/ddt.lv\/lv\/wp-json\/wp\/v2\/product_tag?post=33231"},{"taxonomy":"yst_prominent_words","embeddable":true,"href":"https:\/\/ddt.lv\/lv\/wp-json\/wp\/v2\/yst_prominent_words?post=33231"}],"curies":[{"name":"wp","href":"https:\/\/api.w.org\/{rel}","templated":true}]}}