{"id":33229,"date":"2022-03-30T13:00:39","date_gmt":"2022-03-30T10:00:39","guid":{"rendered":"https:\/\/ddt.lv\/lv\/product\/toledo-gls-a60-e27-8w-240v-806lm-2700k-spuldze-sylvania\/"},"modified":"2026-04-01T00:25:35","modified_gmt":"2026-03-31T21:25:35","slug":"toledo-gls-a60-e27-8w-240v-806lm-2700k-spuldze-sylvania","status":"publish","type":"product","link":"https:\/\/ddt.lv\/lv\/product\/toledo-gls-a60-e27-8w-240v-806lm-2700k-spuldze-sylvania\/","title":{"rendered":"ToLEDo GLS A60 E27 8W 240V 806lm 2700K spuldze Sylvania"},"content":{"rendered":"<p>Kompakts un elegants dizains.<br \/>\nPiem\u0113rots halog\u0113nu, kv\u0113lspuld\u017eu un kompakto dienasgaismas spuld\u017eu nomai\u0146ai.<br \/>\nT\u016bl\u012bt\u0113ja gaisma, nospie\u017eot sl\u0113dzi.<br \/>\nVienm\u0113r\u012bgs gaismas sadal\u012bjums.<br \/>\nLaba kr\u0101su atveide (CRI 80).<br \/>\nLieliski piem\u0113rots viesn\u012bc\u0101m, restor\u0101niem, vestibiliem, koridoriem, k\u0101p\u0146u telp\u0101m, uz\u0146em\u0161anas zon\u0101m.<br \/>\nZem\u0101kas uztur\u0113\u0161anas izmaksas.<br \/>\nVid\u0113jais nomin\u0101lais kalpo\u0161anas laiks 15 000 stundu.<br \/>\nDarba temperat\u016bras diapazons (\u00b0C) -20\u00b0C &#8211; 40\u00b0C.<br \/>\nVeiktsp\u0113jas apk\u0101rt\u0113j\u0101 temperat\u016bra Tq (\u00b0C) 25.<br \/>\nGaismas pl\u016bsma (lm) 806.<br \/>\nKr\u0101su temperat\u016bra (K) 2700.<br \/>\nCRI (Ra) 80.<br \/>\nJauda (W) 8.<br \/>\nEkvivalents vats (W) 70.<br \/>\nProdukta spriegums (V) 230.<br \/>\nP\u0101rsl\u0113g\u0161anas ciklu skaits pirms priek\u0161laic\u012bgas atteices &gt;100000.<br \/>\nLampas ener\u0123ijas mar\u0137\u0113jums (klase) E.<br \/>\nNomin\u0101l\u0101 frekvence (Hz) 50\/60Hz.<br \/>\nKalpo\u0161anas laiks 15000h.<\/p>","protected":false},"excerpt":{"rendered":"<p>Kompakts un elegants dizains. Piem\u0113rots halog\u0113nu, kv\u0113lspuld\u017eu un kompakto dienasgaismas spuld\u017eu nomai\u0146ai. T\u016bl\u012bt\u0113ja gaisma, nospie\u017eot sl\u0113dzi. Vienm\u0113r\u012bgs gaismas sadal\u012bjums. Laba kr\u0101su atveide (CRI 80). Lieliski piem\u0113rots viesn\u012bc\u0101m, restor\u0101niem, vestibiliem, koridoriem, k\u0101p\u0146u telp\u0101m, uz\u0146em\u0161anas zon\u0101m. Zem\u0101kas uztur\u0113\u0161anas izmaksas. Vid\u0113jais nomin\u0101lais kalpo\u0161anas laiks 15 000 stundu. Darba temperat\u016bras diapazons (\u00b0C) -20\u00b0C &#8211; 40\u00b0C. Veiktsp\u0113jas apk\u0101rt\u0113j\u0101 temperat\u016bra Tq [&hellip;]<\/p>\n","protected":false},"featured_media":33235,"comment_status":"closed","ping_status":"closed","template":"","meta":{"inline_featured_image":false},"product_cat":[772,850],"product_tag":[],"yst_prominent_words":[],"class_list":{"0":"post-33229","1":"product","2":"type-product","3":"status-publish","4":"has-post-thumbnail","6":"product_cat-atlaides","7":"product_cat-e27-spuldzes","9":"first","10":"instock","11":"sale","12":"taxable","13":"shipping-taxable","14":"purchasable","15":"product-type-simple"},"jetpack_sharing_enabled":true,"_links":{"self":[{"href":"https:\/\/ddt.lv\/lv\/wp-json\/wp\/v2\/product\/33229"}],"collection":[{"href":"https:\/\/ddt.lv\/lv\/wp-json\/wp\/v2\/product"}],"about":[{"href":"https:\/\/ddt.lv\/lv\/wp-json\/wp\/v2\/types\/product"}],"replies":[{"embeddable":true,"href":"https:\/\/ddt.lv\/lv\/wp-json\/wp\/v2\/comments?post=33229"}],"wp:featuredmedia":[{"embeddable":true,"href":"https:\/\/ddt.lv\/lv\/wp-json\/wp\/v2\/media\/33235"}],"wp:attachment":[{"href":"https:\/\/ddt.lv\/lv\/wp-json\/wp\/v2\/media?parent=33229"}],"wp:term":[{"taxonomy":"product_cat","embeddable":true,"href":"https:\/\/ddt.lv\/lv\/wp-json\/wp\/v2\/product_cat?post=33229"},{"taxonomy":"product_tag","embeddable":true,"href":"https:\/\/ddt.lv\/lv\/wp-json\/wp\/v2\/product_tag?post=33229"},{"taxonomy":"yst_prominent_words","embeddable":true,"href":"https:\/\/ddt.lv\/lv\/wp-json\/wp\/v2\/yst_prominent_words?post=33229"}],"curies":[{"name":"wp","href":"https:\/\/api.w.org\/{rel}","templated":true}]}}