{"id":33227,"date":"2022-03-30T13:00:38","date_gmt":"2022-03-30T10:00:38","guid":{"rendered":"https:\/\/ddt.lv\/lv\/product\/33227\/"},"modified":"2026-04-08T14:45:31","modified_gmt":"2026-04-08T11:45:31","slug":"33227","status":"publish","type":"product","link":"https:\/\/ddt.lv\/lv\/product\/toledo-stck-e27-6w-240v-470lm-2700k-spuldze-sylvania\/","title":{"rendered":"ToLEDo Stck E27 6W 240V 470lm 2700K spuldze Sylvania"},"content":{"rendered":"<p>Spilgts, visaptvero\u0161s apgaismojuma risin\u0101jums dz\u012bvojam\u0101m istab\u0101m, sienas gaismek\u013ciem, griestu gaismek\u013ciem, kompaktiem un dekorat\u012bviem gaismek\u013ciem \u2022 \u0100tra un vienk\u0101r\u0161a 40W kv\u0113lspuldzes nomai\u0146a \u2022 15 000H vid\u0113jais nomin\u0101lais kalpo\u0161anas laiks \u2013 kalpo 15X ilg\u0101k nek\u0101 kv\u0113lspuldzes\/halog\u0113na lampas \u2022 87% ener\u0123ijas ietaup\u012bjumi sal\u012bdzin\u0101jum\u0101 ar kv\u0113lspuldz\u0113m \u2022 Kalpo par 50% ilg\u0101k un pat\u0113r\u0113 par 45% maz\u0101k ener\u0123ijas, sal\u012bdzinot ar kompaktaj\u0101m luminiscences spuldz\u0113m \u2022 Ener\u0123ijas reitings A+ \u2022 94 lm\/W \u2022 Daudzvirzienu gaismas sadal\u012bjums \u2022 Neregul\u0113jams.<\/p>","protected":false},"excerpt":{"rendered":"<p>Spilgts, visaptvero\u0161s apgaismojuma risin\u0101jums dz\u012bvojam\u0101m istab\u0101m, sienas gaismek\u013ciem, griestu gaismek\u013ciem, kompaktiem un dekorat\u012bviem gaismek\u013ciem \u2022 \u0100tra un vienk\u0101r\u0161a 40W kv\u0113lspuldzes nomai\u0146a \u2022 15 000H vid\u0113jais nomin\u0101lais kalpo\u0161anas laiks \u2013 kalpo 15X ilg\u0101k nek\u0101 kv\u0113lspuldzes\/halog\u0113na lampas \u2022 87% ener\u0123ijas ietaup\u012bjumi sal\u012bdzin\u0101jum\u0101 ar kv\u0113lspuldz\u0113m \u2022 Kalpo par 50% ilg\u0101k un pat\u0113r\u0113 par 45% maz\u0101k ener\u0123ijas, sal\u012bdzinot ar [&hellip;]<\/p>\n","protected":false},"featured_media":33238,"comment_status":"closed","ping_status":"closed","template":"","meta":{"inline_featured_image":false},"product_cat":[850],"product_tag":[],"yst_prominent_words":[],"class_list":{"0":"post-33227","1":"product","2":"type-product","3":"status-publish","4":"has-post-thumbnail","6":"product_cat-e27-spuldzes","8":"first","9":"instock","10":"taxable","11":"shipping-taxable","12":"purchasable","13":"product-type-simple"},"jetpack_sharing_enabled":true,"_links":{"self":[{"href":"https:\/\/ddt.lv\/lv\/wp-json\/wp\/v2\/product\/33227"}],"collection":[{"href":"https:\/\/ddt.lv\/lv\/wp-json\/wp\/v2\/product"}],"about":[{"href":"https:\/\/ddt.lv\/lv\/wp-json\/wp\/v2\/types\/product"}],"replies":[{"embeddable":true,"href":"https:\/\/ddt.lv\/lv\/wp-json\/wp\/v2\/comments?post=33227"}],"wp:featuredmedia":[{"embeddable":true,"href":"https:\/\/ddt.lv\/lv\/wp-json\/wp\/v2\/media\/33238"}],"wp:attachment":[{"href":"https:\/\/ddt.lv\/lv\/wp-json\/wp\/v2\/media?parent=33227"}],"wp:term":[{"taxonomy":"product_cat","embeddable":true,"href":"https:\/\/ddt.lv\/lv\/wp-json\/wp\/v2\/product_cat?post=33227"},{"taxonomy":"product_tag","embeddable":true,"href":"https:\/\/ddt.lv\/lv\/wp-json\/wp\/v2\/product_tag?post=33227"},{"taxonomy":"yst_prominent_words","embeddable":true,"href":"https:\/\/ddt.lv\/lv\/wp-json\/wp\/v2\/yst_prominent_words?post=33227"}],"curies":[{"name":"wp","href":"https:\/\/api.w.org\/{rel}","templated":true}]}}