{"id":33226,"date":"2022-03-30T13:00:37","date_gmt":"2022-03-30T10:00:37","guid":{"rendered":"https:\/\/ddt.lv\/lv\/product\/toledo-gls-dim-frost-b22-10w-240v-810lm-2700k-spuldze-sylvania\/"},"modified":"2026-04-08T14:45:31","modified_gmt":"2026-04-08T11:45:31","slug":"toledo-gls-dim-frost-b22-10w-240v-810lm-2700k-spuldze-sylvania","status":"publish","type":"product","link":"https:\/\/ddt.lv\/lv\/product\/toledo-gls-dim-frost-b22-10w-240v-810lm-2700k-spuldze-sylvania\/","title":{"rendered":"ToLEDo GLS DIM  Frost B22 10W 240V 810lm 2700K spuldze Sylvania"},"content":{"rendered":"<p>Kompakts un elegants dizains\u2022 Piem\u0113rots halog\u0113na, kv\u0113lspuld\u017eu un kompakto dienasgaismas GLS spuld\u017eu nomai\u0146a\u2022 T\u016bl\u012bt\u0113ja gaisma, nospie\u017eot sl\u0113dzi\u2022 Vienm\u0113r\u012bgs gaismas sadal\u012bjums\u2022 Labs kr\u0101su atveidojums (CRI 80)\u2022 Aptum\u0161ojams ar apstiprin\u0101tiem dimmeriem\u2022 Lieliski piem\u0113rots viesn\u012bc\u0101m, restor\u0101niem, vestibiliem , koridori, k\u0101p\u0146u telpas, pie\u0146em\u0161anas zonas\u2022 Zem\u0101kas uztur\u0113\u0161anas izmaksas\u2022 A+ energov\u0113rt\u0113jums.V\u0101ci\u0146\u0161\/b\u0101ze B22.<br \/>\nVeiktsp\u0113jas apk\u0101rt\u0113j\u0101 temperat\u016bra Tq (\u00b0C) 25.<br \/>\nGaismas pl\u016bsma (lm) 806.<br \/>\nKr\u0101su temperat\u016bra (K) 2700.<br \/>\nCRI (Ra) 80.<br \/>\nL\u016bmena uztur\u0113\u0161ana nomin\u0101l\u0101 m\u016b\u017ea beig\u0101s (%) 70.<br \/>\nJauda (W) 8,5.<br \/>\nEkvivalents vats (W) 60.<\/p>","protected":false},"excerpt":{"rendered":"<p>Kompakts un elegants dizains\u2022 Piem\u0113rots halog\u0113na, kv\u0113lspuld\u017eu un kompakto dienasgaismas GLS spuld\u017eu nomai\u0146a\u2022 T\u016bl\u012bt\u0113ja gaisma, nospie\u017eot sl\u0113dzi\u2022 Vienm\u0113r\u012bgs gaismas sadal\u012bjums\u2022 Labs kr\u0101su atveidojums (CRI 80)\u2022 Aptum\u0161ojams ar apstiprin\u0101tiem dimmeriem\u2022 Lieliski piem\u0113rots viesn\u012bc\u0101m, restor\u0101niem, vestibiliem , koridori, k\u0101p\u0146u telpas, pie\u0146em\u0161anas zonas\u2022 Zem\u0101kas uztur\u0113\u0161anas izmaksas\u2022 A+ energov\u0113rt\u0113jums.V\u0101ci\u0146\u0161\/b\u0101ze B22. Veiktsp\u0113jas apk\u0101rt\u0113j\u0101 temperat\u016bra Tq (\u00b0C) 25. Gaismas pl\u016bsma (lm) [&hellip;]<\/p>\n","protected":false},"featured_media":33239,"comment_status":"closed","ping_status":"closed","template":"","meta":{"inline_featured_image":false},"product_cat":[1490],"product_tag":[],"yst_prominent_words":[],"class_list":{"0":"post-33226","1":"product","2":"type-product","3":"status-publish","4":"has-post-thumbnail","6":"product_cat-b22-spuldzes","8":"first","9":"outofstock","10":"taxable","11":"shipping-taxable","12":"purchasable","13":"product-type-simple"},"jetpack_sharing_enabled":true,"_links":{"self":[{"href":"https:\/\/ddt.lv\/lv\/wp-json\/wp\/v2\/product\/33226"}],"collection":[{"href":"https:\/\/ddt.lv\/lv\/wp-json\/wp\/v2\/product"}],"about":[{"href":"https:\/\/ddt.lv\/lv\/wp-json\/wp\/v2\/types\/product"}],"replies":[{"embeddable":true,"href":"https:\/\/ddt.lv\/lv\/wp-json\/wp\/v2\/comments?post=33226"}],"wp:featuredmedia":[{"embeddable":true,"href":"https:\/\/ddt.lv\/lv\/wp-json\/wp\/v2\/media\/33239"}],"wp:attachment":[{"href":"https:\/\/ddt.lv\/lv\/wp-json\/wp\/v2\/media?parent=33226"}],"wp:term":[{"taxonomy":"product_cat","embeddable":true,"href":"https:\/\/ddt.lv\/lv\/wp-json\/wp\/v2\/product_cat?post=33226"},{"taxonomy":"product_tag","embeddable":true,"href":"https:\/\/ddt.lv\/lv\/wp-json\/wp\/v2\/product_tag?post=33226"},{"taxonomy":"yst_prominent_words","embeddable":true,"href":"https:\/\/ddt.lv\/lv\/wp-json\/wp\/v2\/yst_prominent_words?post=33226"}],"curies":[{"name":"wp","href":"https:\/\/api.w.org\/{rel}","templated":true}]}}