{"id":33225,"date":"2022-03-30T13:00:37","date_gmt":"2022-03-30T10:00:37","guid":{"rendered":"https:\/\/ddt.lv\/lv\/product\/toledo-candle-frost-b22-3w-240v-250lm-2700k-spuldze-sylvania\/"},"modified":"2026-04-13T10:05:36","modified_gmt":"2026-04-13T07:05:36","slug":"toledo-candle-frost-b22-3w-240v-250lm-2700k-spuldze-sylvania","status":"publish","type":"product","link":"https:\/\/ddt.lv\/lv\/product\/toledo-candle-frost-b22-3w-240v-250lm-2700k-spuldze-sylvania\/","title":{"rendered":"ToLEDo Candle Frost B22 3W 240V 250lm 2700K spuldze Sylvania"},"content":{"rendered":"<p>\u2022 Kompakts un elegants dizains<br \/>\n\u2022 Piem\u0113rots halog\u0113nu, kv\u0113lspuld\u017eu un kompakto dienasgaismas sve\u010du spuld\u017eu nomai\u0146a<br \/>\n\u2022 T\u016bl\u012bt\u0113ja gaisma, nospie\u017eot sl\u0113dzi<br \/>\n\u2022 Vienm\u0113r\u012bgs gaismas sadal\u012bjums<br \/>\n\u2022 Laba kr\u0101su atveide (CRI 80)<br \/>\n\u2022 Lieliski piem\u0113rots viesn\u012bc\u0101m, restor\u0101niem, vestibiliem, koridoriem, k\u0101p\u0146u telp\u0101m, uz\u0146em\u0161anas zon\u0101m<br \/>\n\u2022 Zem\u0101kas uztur\u0113\u0161anas izmaksas<br \/>\n\u2022 A+ ener\u0123ijas reitings<br \/>\nV\u0101ci\u0146\u0161\/b\u0101ze B22.<br \/>\nGaismas pl\u016bsma (lm) 250.<br \/>\nKr\u0101su temperat\u016bra (K) 2700.<br \/>\nCRI (Ra) 80.<br \/>\nStara le\u0146\u0137is (\u00b0) 180.<br \/>\nL\u016bmena uztur\u0113\u0161ana nomin\u0101l\u0101 m\u016b\u017ea beig\u0101s (%) 70.<br \/>\nJauda (W) 3.<br \/>\nEkvivalents vats (W) 25.<\/p>","protected":false},"excerpt":{"rendered":"<p>\u2022 Kompakts un elegants dizains \u2022 Piem\u0113rots halog\u0113nu, kv\u0113lspuld\u017eu un kompakto dienasgaismas sve\u010du spuld\u017eu nomai\u0146a \u2022 T\u016bl\u012bt\u0113ja gaisma, nospie\u017eot sl\u0113dzi \u2022 Vienm\u0113r\u012bgs gaismas sadal\u012bjums \u2022 Laba kr\u0101su atveide (CRI 80) \u2022 Lieliski piem\u0113rots viesn\u012bc\u0101m, restor\u0101niem, vestibiliem, koridoriem, k\u0101p\u0146u telp\u0101m, uz\u0146em\u0161anas zon\u0101m \u2022 Zem\u0101kas uztur\u0113\u0161anas izmaksas \u2022 A+ ener\u0123ijas reitings V\u0101ci\u0146\u0161\/b\u0101ze B22. Gaismas pl\u016bsma (lm) 250. [&hellip;]<\/p>\n","protected":false},"featured_media":33240,"comment_status":"closed","ping_status":"closed","template":"","meta":{"inline_featured_image":false},"product_cat":[1490],"product_tag":[],"yst_prominent_words":[],"class_list":{"0":"post-33225","1":"product","2":"type-product","3":"status-publish","4":"has-post-thumbnail","6":"product_cat-b22-spuldzes","8":"first","9":"outofstock","10":"taxable","11":"shipping-taxable","12":"purchasable","13":"product-type-simple"},"jetpack_sharing_enabled":true,"_links":{"self":[{"href":"https:\/\/ddt.lv\/lv\/wp-json\/wp\/v2\/product\/33225"}],"collection":[{"href":"https:\/\/ddt.lv\/lv\/wp-json\/wp\/v2\/product"}],"about":[{"href":"https:\/\/ddt.lv\/lv\/wp-json\/wp\/v2\/types\/product"}],"replies":[{"embeddable":true,"href":"https:\/\/ddt.lv\/lv\/wp-json\/wp\/v2\/comments?post=33225"}],"wp:featuredmedia":[{"embeddable":true,"href":"https:\/\/ddt.lv\/lv\/wp-json\/wp\/v2\/media\/33240"}],"wp:attachment":[{"href":"https:\/\/ddt.lv\/lv\/wp-json\/wp\/v2\/media?parent=33225"}],"wp:term":[{"taxonomy":"product_cat","embeddable":true,"href":"https:\/\/ddt.lv\/lv\/wp-json\/wp\/v2\/product_cat?post=33225"},{"taxonomy":"product_tag","embeddable":true,"href":"https:\/\/ddt.lv\/lv\/wp-json\/wp\/v2\/product_tag?post=33225"},{"taxonomy":"yst_prominent_words","embeddable":true,"href":"https:\/\/ddt.lv\/lv\/wp-json\/wp\/v2\/yst_prominent_words?post=33225"}],"curies":[{"name":"wp","href":"https:\/\/api.w.org\/{rel}","templated":true}]}}