{"id":33191,"date":"2022-03-29T13:30:28","date_gmt":"2022-03-29T10:30:28","guid":{"rendered":"https:\/\/ddt.lv\/lv\/product\/fho-f45w-t5-aquastar-895mm-retail-luminiscenta-spuldze-sylvania\/"},"modified":"2026-04-08T14:36:56","modified_gmt":"2026-04-08T11:36:56","slug":"fho-f45w-t5-aquastar-895mm-retail-luminiscenta-spuldze-sylvania","status":"publish","type":"product","link":"https:\/\/ddt.lv\/lv\/product\/fho-f45w-t5-aquastar-895mm-retail-luminiscenta-spuldze-sylvania\/","title":{"rendered":"FHO F45W\/T5 AQUASTAR 895mm Retail luminiscent\u0101 spuldze Sylvania"},"content":{"rendered":"<p>Kr\u0101su temperat\u016bra 10 000 K, atjaunojot tropu gaismas spektru. Svaigiem un j\u016bras akv\u0101rijiem. Lieliska kombin\u0101cija ar DaylightStar. Izcili rezult\u0101ti kombin\u0101cij\u0101 ar Daylightstar.<br \/>\nTips T5.<br \/>\nV\u0101ci\u0146\u0161\/b\u0101ze G5.<br \/>\nDarba temperat\u016bras diapazons (\u00b0C) -15\u00b0C &#8211; 50\u00b0C.<br \/>\nGaismas pl\u016bsma (lm) 1900.<br \/>\nKr\u0101su temperat\u016bra (K) 10000.<br \/>\nJauda (W) 45.<br \/>\nPiedzi\u0146as str\u0101va (mA) 510.<br \/>\nVid\u0113jais kalpo\u0161anas laiks (nomin\u0101ls) (h) 15 000.<br \/>\nMaks. Garums no pamatnes l\u012bdz pamatnei (mm) &#8211; A 894.4<\/p>","protected":false},"excerpt":{"rendered":"<p>Kr\u0101su temperat\u016bra 10 000 K, atjaunojot tropu gaismas spektru. Svaigiem un j\u016bras akv\u0101rijiem. Lieliska kombin\u0101cija ar DaylightStar. Izcili rezult\u0101ti kombin\u0101cij\u0101 ar Daylightstar. Tips T5. V\u0101ci\u0146\u0161\/b\u0101ze G5. Darba temperat\u016bras diapazons (\u00b0C) -15\u00b0C &#8211; 50\u00b0C. Gaismas pl\u016bsma (lm) 1900. Kr\u0101su temperat\u016bra (K) 10000. Jauda (W) 45. Piedzi\u0146as str\u0101va (mA) 510. Vid\u0113jais kalpo\u0161anas laiks (nomin\u0101ls) (h) 15 000. [&hellip;]<\/p>\n","protected":false},"featured_media":33197,"comment_status":"closed","ping_status":"closed","template":"","meta":{"inline_featured_image":false},"product_cat":[772,886],"product_tag":[],"yst_prominent_words":[],"class_list":{"0":"post-33191","1":"product","2":"type-product","3":"status-publish","4":"has-post-thumbnail","6":"product_cat-atlaides","7":"product_cat-aquastar-augu-un-akvariju-spuldzes","9":"first","10":"instock","11":"sale","12":"taxable","13":"shipping-taxable","14":"purchasable","15":"product-type-simple"},"jetpack_sharing_enabled":true,"_links":{"self":[{"href":"https:\/\/ddt.lv\/lv\/wp-json\/wp\/v2\/product\/33191"}],"collection":[{"href":"https:\/\/ddt.lv\/lv\/wp-json\/wp\/v2\/product"}],"about":[{"href":"https:\/\/ddt.lv\/lv\/wp-json\/wp\/v2\/types\/product"}],"replies":[{"embeddable":true,"href":"https:\/\/ddt.lv\/lv\/wp-json\/wp\/v2\/comments?post=33191"}],"wp:featuredmedia":[{"embeddable":true,"href":"https:\/\/ddt.lv\/lv\/wp-json\/wp\/v2\/media\/33197"}],"wp:attachment":[{"href":"https:\/\/ddt.lv\/lv\/wp-json\/wp\/v2\/media?parent=33191"}],"wp:term":[{"taxonomy":"product_cat","embeddable":true,"href":"https:\/\/ddt.lv\/lv\/wp-json\/wp\/v2\/product_cat?post=33191"},{"taxonomy":"product_tag","embeddable":true,"href":"https:\/\/ddt.lv\/lv\/wp-json\/wp\/v2\/product_tag?post=33191"},{"taxonomy":"yst_prominent_words","embeddable":true,"href":"https:\/\/ddt.lv\/lv\/wp-json\/wp\/v2\/yst_prominent_words?post=33191"}],"curies":[{"name":"wp","href":"https:\/\/api.w.org\/{rel}","templated":true}]}}