{"id":33189,"date":"2022-03-29T13:30:27","date_gmt":"2022-03-29T10:30:27","guid":{"rendered":"https:\/\/ddt.lv\/lv\/product\/fho-f28w-t5-aquastar-retail-590mm-luminiscenta-spuldze-sylvania\/"},"modified":"2026-04-13T09:46:50","modified_gmt":"2026-04-13T06:46:50","slug":"fho-f28w-t5-aquastar-retail-590mm-luminiscenta-spuldze-sylvania","status":"publish","type":"product","link":"https:\/\/ddt.lv\/lv\/product\/fho-f28w-t5-aquastar-retail-590mm-luminiscenta-spuldze-sylvania\/","title":{"rendered":"FHO F28W\/T5 AQUASTAR Retail 590mm luminiscent\u0101 spuldze Sylvania"},"content":{"rendered":"<p>Akv\u0101riju spuldze Sylvania AQUASTAR 28W, L 590mm, D 16mm ir iztur\u012bga dienasgaismas spuldze, kas rada dabiskajai tropisk\u0101s zonas gaismai l\u012bdz\u012bgus apst\u0101k\u013cus, atbilsto\u0161us zivju un kora\u013c\u013cu popul\u0101cijas vajadz\u012bb\u0101m (10 000 K). Piem\u0113rota j\u016bras un sald\u016bdens akv\u0101rijiem. Stimul\u0113 kora\u013c\u013cu un augu aug\u0161anu j\u016bras un sald\u016bdens akv\u0101rijos. Spuldzes gaismas temperat\u016bra ir 10000K, kas imit\u0113 tropisko spektru. Dabisk\u0101 starojuma proporcija spektra zilajos un sarkanajos apgabalos stimul\u0113 augu un kora\u013c\u013cu aug\u0161anu akv\u0101rij\u0101. Ilgsto\u0161a ekspluat\u0101cij\u0101 un pilna spektra spuldze, tai ir izcilas kr\u0101su \u012bpa\u0161\u012bbas. Lieliski rezult\u0101ti, kombin\u0113jot kop\u0101 ar Sylvania Daylightstar spuldzi. Nodro\u0161ina gaismas ener\u0123iju kora\u013c\u013ciem un citiem bezmugurkaulniekiem, veicinot to strauju aug\u0161anu.<\/p>","protected":false},"excerpt":{"rendered":"<p>Akv\u0101riju spuldze Sylvania AQUASTAR 28W, L 590mm, D 16mm ir iztur\u012bga dienasgaismas spuldze, kas rada dabiskajai tropisk\u0101s zonas gaismai l\u012bdz\u012bgus apst\u0101k\u013cus, atbilsto\u0161us zivju un kora\u013c\u013cu popul\u0101cijas vajadz\u012bb\u0101m (10 000 K). Piem\u0113rota j\u016bras un sald\u016bdens akv\u0101rijiem. Stimul\u0113 kora\u013c\u013cu un augu aug\u0161anu j\u016bras un sald\u016bdens akv\u0101rijos. Spuldzes gaismas temperat\u016bra ir 10000K, kas imit\u0113 tropisko spektru. Dabisk\u0101 starojuma [&hellip;]<\/p>\n","protected":false},"featured_media":33197,"comment_status":"closed","ping_status":"closed","template":"","meta":{"inline_featured_image":false},"product_cat":[886],"product_tag":[],"yst_prominent_words":[],"class_list":{"0":"post-33189","1":"product","2":"type-product","3":"status-publish","4":"has-post-thumbnail","6":"product_cat-aquastar-augu-un-akvariju-spuldzes","8":"first","9":"instock","10":"taxable","11":"shipping-taxable","12":"purchasable","13":"product-type-simple"},"jetpack_sharing_enabled":true,"_links":{"self":[{"href":"https:\/\/ddt.lv\/lv\/wp-json\/wp\/v2\/product\/33189"}],"collection":[{"href":"https:\/\/ddt.lv\/lv\/wp-json\/wp\/v2\/product"}],"about":[{"href":"https:\/\/ddt.lv\/lv\/wp-json\/wp\/v2\/types\/product"}],"replies":[{"embeddable":true,"href":"https:\/\/ddt.lv\/lv\/wp-json\/wp\/v2\/comments?post=33189"}],"wp:featuredmedia":[{"embeddable":true,"href":"https:\/\/ddt.lv\/lv\/wp-json\/wp\/v2\/media\/33197"}],"wp:attachment":[{"href":"https:\/\/ddt.lv\/lv\/wp-json\/wp\/v2\/media?parent=33189"}],"wp:term":[{"taxonomy":"product_cat","embeddable":true,"href":"https:\/\/ddt.lv\/lv\/wp-json\/wp\/v2\/product_cat?post=33189"},{"taxonomy":"product_tag","embeddable":true,"href":"https:\/\/ddt.lv\/lv\/wp-json\/wp\/v2\/product_tag?post=33189"},{"taxonomy":"yst_prominent_words","embeddable":true,"href":"https:\/\/ddt.lv\/lv\/wp-json\/wp\/v2\/yst_prominent_words?post=33189"}],"curies":[{"name":"wp","href":"https:\/\/api.w.org\/{rel}","templated":true}]}}