{"id":33187,"date":"2022-03-29T13:30:26","date_gmt":"2022-03-29T10:30:26","guid":{"rendered":"https:\/\/ddt.lv\/lv\/product\/f14w-174-aquastar-retail-t8-luminiscenta-spuldze-sylvania\/"},"modified":"2026-04-08T14:27:08","modified_gmt":"2026-04-08T11:27:08","slug":"f14w-174-aquastar-retail-t8-luminiscenta-spuldze-sylvania","status":"publish","type":"product","link":"https:\/\/ddt.lv\/lv\/product\/f14w-174-aquastar-retail-t8-luminiscenta-spuldze-sylvania\/","title":{"rendered":"F14W\/174  AQUASTAR Retail T8 luminiscent\u0101 spuldze Sylvania"},"content":{"rendered":"<p>T8 dienasgaismas lampa &#8211; jauda: 14 vati. &#8211; Garums: 361 mm.<br \/>\nKr\u0101su temperat\u016bra tiek model\u0113ta p\u0113c tropisk\u0101s gaismas spektra.<br \/>\nLieliska gaismas atdeve un kr\u0101su atveide.<br \/>\nIzce\u013c zivis, \u016bdensaugus un kora\u013c\u013cus.<br \/>\nPastiprina zivju un \u016bdensaugu dabisk\u0101s kr\u0101sas akv\u0101rijos.<\/p>","protected":false},"excerpt":{"rendered":"<p>T8 dienasgaismas lampa &#8211; jauda: 14 vati. &#8211; Garums: 361 mm. Kr\u0101su temperat\u016bra tiek model\u0113ta p\u0113c tropisk\u0101s gaismas spektra. Lieliska gaismas atdeve un kr\u0101su atveide. Izce\u013c zivis, \u016bdensaugus un kora\u013c\u013cus. Pastiprina zivju un \u016bdensaugu dabisk\u0101s kr\u0101sas akv\u0101rijos.<\/p>\n","protected":false},"featured_media":33205,"comment_status":"closed","ping_status":"closed","template":"","meta":{"inline_featured_image":false},"product_cat":[886],"product_tag":[],"yst_prominent_words":[],"class_list":{"0":"post-33187","1":"product","2":"type-product","3":"status-publish","4":"has-post-thumbnail","6":"product_cat-aquastar-augu-un-akvariju-spuldzes","8":"first","9":"outofstock","10":"taxable","11":"shipping-taxable","12":"purchasable","13":"product-type-simple"},"jetpack_sharing_enabled":true,"_links":{"self":[{"href":"https:\/\/ddt.lv\/lv\/wp-json\/wp\/v2\/product\/33187"}],"collection":[{"href":"https:\/\/ddt.lv\/lv\/wp-json\/wp\/v2\/product"}],"about":[{"href":"https:\/\/ddt.lv\/lv\/wp-json\/wp\/v2\/types\/product"}],"replies":[{"embeddable":true,"href":"https:\/\/ddt.lv\/lv\/wp-json\/wp\/v2\/comments?post=33187"}],"wp:featuredmedia":[{"embeddable":true,"href":"https:\/\/ddt.lv\/lv\/wp-json\/wp\/v2\/media\/33205"}],"wp:attachment":[{"href":"https:\/\/ddt.lv\/lv\/wp-json\/wp\/v2\/media?parent=33187"}],"wp:term":[{"taxonomy":"product_cat","embeddable":true,"href":"https:\/\/ddt.lv\/lv\/wp-json\/wp\/v2\/product_cat?post=33187"},{"taxonomy":"product_tag","embeddable":true,"href":"https:\/\/ddt.lv\/lv\/wp-json\/wp\/v2\/product_tag?post=33187"},{"taxonomy":"yst_prominent_words","embeddable":true,"href":"https:\/\/ddt.lv\/lv\/wp-json\/wp\/v2\/yst_prominent_words?post=33187"}],"curies":[{"name":"wp","href":"https:\/\/api.w.org\/{rel}","templated":true}]}}