{"id":33186,"date":"2022-03-29T13:30:26","date_gmt":"2022-03-29T10:30:26","guid":{"rendered":"https:\/\/ddt.lv\/lv\/product\/f15w-174-t8-aquastar-retail-luminiscenta-spuldze-sylvania\/"},"modified":"2026-04-08T14:27:31","modified_gmt":"2026-04-08T11:27:31","slug":"f15w-174-t8-aquastar-retail-luminiscenta-spuldze-sylvania","status":"publish","type":"product","link":"https:\/\/ddt.lv\/lv\/product\/f15w-174-t8-aquastar-retail-luminiscenta-spuldze-sylvania\/","title":{"rendered":"F15W\/174 T8 AQUASTAR Retail luminiscent\u0101 spuldze Sylvania"},"content":{"rendered":"<p>Kr\u0101su temperat\u016bra 10 000 K, atjaunojot tropu gaismas spektru. Svaigiem un j\u016bras akv\u0101rijiem. Lieliska kombin\u0101cija ar DaylightStar. Izcili rezult\u0101ti kombin\u0101cij\u0101 ar Daylightstar.<br \/>\nTips T8.<br \/>\nV\u0101ci\u0146\u0161\/b\u0101ze G13.<br \/>\nDarba temperat\u016bras diapazons (\u00b0C) -15\u00b0C &#8211; 40\u00b0C.<br \/>\nGaismas pl\u016bsma (lm) 650.<br \/>\nApk\u0101rt\u0113j\u0101s vides temperat\u016bra maksim\u0101lajai gaismas pl\u016bsmai (\u00b0C) 25.<br \/>\nKr\u0101su temperat\u016bra (K) 10000<br \/>\nJauda (W) 15,00.<br \/>\nProdukta spriegums (V) 55.<br \/>\nAptum\u0161ojams J\u0101.<br \/>\nPiedzi\u0146as str\u0101va (mA) 310.<br \/>\nVid\u0113jais kalpo\u0161anas laiks (nomin\u0101ls) (h) 14000.<br \/>\nProdukta nomin\u0101lais garums (mm) 450.<\/p>","protected":false},"excerpt":{"rendered":"<p>Kr\u0101su temperat\u016bra 10 000 K, atjaunojot tropu gaismas spektru. Svaigiem un j\u016bras akv\u0101rijiem. Lieliska kombin\u0101cija ar DaylightStar. Izcili rezult\u0101ti kombin\u0101cij\u0101 ar Daylightstar. Tips T8. V\u0101ci\u0146\u0161\/b\u0101ze G13. Darba temperat\u016bras diapazons (\u00b0C) -15\u00b0C &#8211; 40\u00b0C. Gaismas pl\u016bsma (lm) 650. Apk\u0101rt\u0113j\u0101s vides temperat\u016bra maksim\u0101lajai gaismas pl\u016bsmai (\u00b0C) 25. Kr\u0101su temperat\u016bra (K) 10000 Jauda (W) 15,00. Produkta spriegums (V) [&hellip;]<\/p>\n","protected":false},"featured_media":33197,"comment_status":"closed","ping_status":"closed","template":"","meta":{"inline_featured_image":false},"product_cat":[886],"product_tag":[],"yst_prominent_words":[],"class_list":{"0":"post-33186","1":"product","2":"type-product","3":"status-publish","4":"has-post-thumbnail","6":"product_cat-aquastar-augu-un-akvariju-spuldzes","8":"first","9":"outofstock","10":"taxable","11":"shipping-taxable","12":"purchasable","13":"product-type-simple"},"jetpack_sharing_enabled":true,"_links":{"self":[{"href":"https:\/\/ddt.lv\/lv\/wp-json\/wp\/v2\/product\/33186"}],"collection":[{"href":"https:\/\/ddt.lv\/lv\/wp-json\/wp\/v2\/product"}],"about":[{"href":"https:\/\/ddt.lv\/lv\/wp-json\/wp\/v2\/types\/product"}],"replies":[{"embeddable":true,"href":"https:\/\/ddt.lv\/lv\/wp-json\/wp\/v2\/comments?post=33186"}],"wp:featuredmedia":[{"embeddable":true,"href":"https:\/\/ddt.lv\/lv\/wp-json\/wp\/v2\/media\/33197"}],"wp:attachment":[{"href":"https:\/\/ddt.lv\/lv\/wp-json\/wp\/v2\/media?parent=33186"}],"wp:term":[{"taxonomy":"product_cat","embeddable":true,"href":"https:\/\/ddt.lv\/lv\/wp-json\/wp\/v2\/product_cat?post=33186"},{"taxonomy":"product_tag","embeddable":true,"href":"https:\/\/ddt.lv\/lv\/wp-json\/wp\/v2\/product_tag?post=33186"},{"taxonomy":"yst_prominent_words","embeddable":true,"href":"https:\/\/ddt.lv\/lv\/wp-json\/wp\/v2\/yst_prominent_words?post=33186"}],"curies":[{"name":"wp","href":"https:\/\/api.w.org\/{rel}","templated":true}]}}