{"id":33185,"date":"2022-03-29T13:30:25","date_gmt":"2022-03-29T10:30:25","guid":{"rendered":"https:\/\/ddt.lv\/lv\/product\/f36w-t8-coralstar-actinic-retail-luminiscenta-spuldze-sylvania\/"},"modified":"2026-04-01T00:06:21","modified_gmt":"2026-03-31T21:06:21","slug":"f36w-t8-coralstar-actinic-retail-luminiscenta-spuldze-sylvania","status":"publish","type":"product","link":"https:\/\/ddt.lv\/lv\/product\/f36w-t8-coralstar-actinic-retail-luminiscenta-spuldze-sylvania\/","title":{"rendered":"F36W\/T8 CORALSTAR\/ACTINIC Retail luminiscent\u0101 spuldze Sylvania"},"content":{"rendered":"<p>M\u0101jdz\u012bvnieku kop\u0161ana un d\u0101rzkop\u012bba. Coralstar ir paredz\u0113ts, lai reproduc\u0113tu gaismas apst\u0101k\u013cus, kas sastopami kora\u013c\u013cu rifos, izmantojot akt\u012bniski zilo gaismu, k\u0101 ar\u012b veicin\u0101tu kora\u013c\u013cu un bezmugurkaulnieku aug\u0161anu, atbalstot zooksantelu aug\u0161anu. Coralstar ir ide\u0101li piem\u0113rots kora\u013c\u013cu skat\u012b\u0161anai to patiesaj\u0101 kr\u0101s\u0101, un tas ir ide\u0101li piem\u0113rots lietojumiem, kur nepiecie\u0161ams apgaismojums, lai veicin\u0101tu kora\u013c\u013cu un bezmugurkaulnieku aug\u0161anu j\u016bras \u016bdens akv\u0101rijos.<\/p>","protected":false},"excerpt":{"rendered":"<p>M\u0101jdz\u012bvnieku kop\u0161ana un d\u0101rzkop\u012bba. Coralstar ir paredz\u0113ts, lai reproduc\u0113tu gaismas apst\u0101k\u013cus, kas sastopami kora\u013c\u013cu rifos, izmantojot akt\u012bniski zilo gaismu, k\u0101 ar\u012b veicin\u0101tu kora\u013c\u013cu un bezmugurkaulnieku aug\u0161anu, atbalstot zooksantelu aug\u0161anu. Coralstar ir ide\u0101li piem\u0113rots kora\u013c\u013cu skat\u012b\u0161anai to patiesaj\u0101 kr\u0101s\u0101, un tas ir ide\u0101li piem\u0113rots lietojumiem, kur nepiecie\u0161ams apgaismojums, lai veicin\u0101tu kora\u013c\u013cu un bezmugurkaulnieku aug\u0161anu j\u016bras \u016bdens [&hellip;]<\/p>\n","protected":false},"featured_media":33206,"comment_status":"closed","ping_status":"closed","template":"","meta":{"inline_featured_image":false},"product_cat":[887],"product_tag":[],"yst_prominent_words":[],"class_list":{"0":"post-33185","1":"product","2":"type-product","3":"status-publish","4":"has-post-thumbnail","6":"product_cat-coralstar-augu-un-akvariju-spuldzes","8":"first","9":"outofstock","10":"taxable","11":"shipping-taxable","12":"purchasable","13":"product-type-simple"},"jetpack_sharing_enabled":true,"_links":{"self":[{"href":"https:\/\/ddt.lv\/lv\/wp-json\/wp\/v2\/product\/33185"}],"collection":[{"href":"https:\/\/ddt.lv\/lv\/wp-json\/wp\/v2\/product"}],"about":[{"href":"https:\/\/ddt.lv\/lv\/wp-json\/wp\/v2\/types\/product"}],"replies":[{"embeddable":true,"href":"https:\/\/ddt.lv\/lv\/wp-json\/wp\/v2\/comments?post=33185"}],"wp:featuredmedia":[{"embeddable":true,"href":"https:\/\/ddt.lv\/lv\/wp-json\/wp\/v2\/media\/33206"}],"wp:attachment":[{"href":"https:\/\/ddt.lv\/lv\/wp-json\/wp\/v2\/media?parent=33185"}],"wp:term":[{"taxonomy":"product_cat","embeddable":true,"href":"https:\/\/ddt.lv\/lv\/wp-json\/wp\/v2\/product_cat?post=33185"},{"taxonomy":"product_tag","embeddable":true,"href":"https:\/\/ddt.lv\/lv\/wp-json\/wp\/v2\/product_tag?post=33185"},{"taxonomy":"yst_prominent_words","embeddable":true,"href":"https:\/\/ddt.lv\/lv\/wp-json\/wp\/v2\/yst_prominent_words?post=33185"}],"curies":[{"name":"wp","href":"https:\/\/api.w.org\/{rel}","templated":true}]}}