{"id":33152,"date":"2022-03-28T14:30:21","date_gmt":"2022-03-28T11:30:21","guid":{"rendered":"https:\/\/ddt.lv\/lv\/product\/fho-f54w-gro-retail-t5-1047mm-luminiscenta-spuldze-sylvania\/"},"modified":"2026-04-13T09:46:49","modified_gmt":"2026-04-13T06:46:49","slug":"fho-f54w-gro-retail-t5-1047mm-luminiscenta-spuldze-sylvania","status":"publish","type":"product","link":"https:\/\/ddt.lv\/lv\/product\/fho-f54w-gro-retail-t5-1047mm-luminiscenta-spuldze-sylvania\/","title":{"rendered":"FHO F54W\/GRO-Retail T5 1047mm luminiscent\u0101 spuldze Sylvania"},"content":{"rendered":"<p>Augsts zil\u0101 un sarkan\u0101 starojuma l\u012bmenis pal\u012bdz veicin\u0101t vesel\u012bgu augu aug\u0161anu. Uzlabotas \u016bdens augu un zivju dabisk\u0101s kr\u0101sas akv\u0101rijos. Sald\u016bdens akv\u0101riju apgaismo\u0161anai. Ieteicams ar\u012b lieto\u0161anai siltumn\u012bc\u0101s un iek\u0161telpu d\u0101rzos.<br \/>\nTips T5.<br \/>\nV\u0101ci\u0146\u0161\/b\u0101ze G5.<br \/>\nDarba temperat\u016bras diapazons (\u00b0C) -15\u00b0C &#8211; 50\u00b0C.<br \/>\nGaismas pl\u016bsma (lm) 1430.<br \/>\nGaismas kr\u0101sa Grolux.<br \/>\nJauda (W) 54.<br \/>\nVid\u0113jais kalpo\u0161anas laiks (nomin\u0101ls) (h) 15 000.<br \/>\nProdukta nomin\u0101lais garums (mm) 1050.<br \/>\nProdukta nomin\u0101lais diametrs (mm) 16.<\/p>","protected":false},"excerpt":{"rendered":"<p>Augsts zil\u0101 un sarkan\u0101 starojuma l\u012bmenis pal\u012bdz veicin\u0101t vesel\u012bgu augu aug\u0161anu. Uzlabotas \u016bdens augu un zivju dabisk\u0101s kr\u0101sas akv\u0101rijos. Sald\u016bdens akv\u0101riju apgaismo\u0161anai. Ieteicams ar\u012b lieto\u0161anai siltumn\u012bc\u0101s un iek\u0161telpu d\u0101rzos. Tips T5. V\u0101ci\u0146\u0161\/b\u0101ze G5. Darba temperat\u016bras diapazons (\u00b0C) -15\u00b0C &#8211; 50\u00b0C. Gaismas pl\u016bsma (lm) 1430. Gaismas kr\u0101sa Grolux. Jauda (W) 54. Vid\u0113jais kalpo\u0161anas laiks (nomin\u0101ls) (h) [&hellip;]<\/p>\n","protected":false},"featured_media":33154,"comment_status":"closed","ping_status":"closed","template":"","meta":{"inline_featured_image":false},"product_cat":[885],"product_tag":[],"yst_prominent_words":[],"class_list":{"0":"post-33152","1":"product","2":"type-product","3":"status-publish","4":"has-post-thumbnail","6":"product_cat-grolux-augu-un-akvariju-spuldzes","8":"first","9":"outofstock","10":"taxable","11":"shipping-taxable","12":"purchasable","13":"product-type-simple"},"jetpack_sharing_enabled":true,"_links":{"self":[{"href":"https:\/\/ddt.lv\/lv\/wp-json\/wp\/v2\/product\/33152"}],"collection":[{"href":"https:\/\/ddt.lv\/lv\/wp-json\/wp\/v2\/product"}],"about":[{"href":"https:\/\/ddt.lv\/lv\/wp-json\/wp\/v2\/types\/product"}],"replies":[{"embeddable":true,"href":"https:\/\/ddt.lv\/lv\/wp-json\/wp\/v2\/comments?post=33152"}],"wp:featuredmedia":[{"embeddable":true,"href":"https:\/\/ddt.lv\/lv\/wp-json\/wp\/v2\/media\/33154"}],"wp:attachment":[{"href":"https:\/\/ddt.lv\/lv\/wp-json\/wp\/v2\/media?parent=33152"}],"wp:term":[{"taxonomy":"product_cat","embeddable":true,"href":"https:\/\/ddt.lv\/lv\/wp-json\/wp\/v2\/product_cat?post=33152"},{"taxonomy":"product_tag","embeddable":true,"href":"https:\/\/ddt.lv\/lv\/wp-json\/wp\/v2\/product_tag?post=33152"},{"taxonomy":"yst_prominent_words","embeddable":true,"href":"https:\/\/ddt.lv\/lv\/wp-json\/wp\/v2\/yst_prominent_words?post=33152"}],"curies":[{"name":"wp","href":"https:\/\/api.w.org\/{rel}","templated":true}]}}