{"id":33149,"date":"2022-03-28T14:30:20","date_gmt":"2022-03-28T11:30:20","guid":{"rendered":"https:\/\/ddt.lv\/lv\/product\/fho-54w-t5-aquaclassic-retail-1150mm-luminiscenta-spuldze-sylvania\/"},"modified":"2026-04-13T09:57:02","modified_gmt":"2026-04-13T06:57:02","slug":"fho-54w-t5-aquaclassic-retail-1150mm-luminiscenta-spuldze-sylvania","status":"publish","type":"product","link":"https:\/\/ddt.lv\/lv\/product\/fho-54w-t5-aquaclassic-retail-1150mm-luminiscenta-spuldze-sylvania\/","title":{"rendered":"FHO 54W T5 AQUACLASSIC RETAIL 1150mm  luminiscent\u0101 spuldze Sylvania"},"content":{"rendered":"<p>Labi sabalans\u0113ts spektrs visu veidu sald\u016bdens akv\u0101rijiem. Kr\u0101su temperat\u016bra 5000K. Sald\u016bdens akv\u0101rijam.<br \/>\nTips T5.<br \/>\nV\u0101ci\u0146\u0161\/b\u0101ze G5.<br \/>\nLampas apdare mat\u0113ta\/p\u0101rkl\u0101ta.<br \/>\nDarba temperat\u016bras diapazons (\u00b0C) -15\u00b0C &#8211; 50\u00b0C.<br \/>\nGaismas pl\u016bsma (lm) 4450.<br \/>\nApk\u0101rt\u0113j\u0101s vides temperat\u016bra maksim\u0101lajai gaismas pl\u016bsmai (\u00b0C) 35.<br \/>\nKr\u0101su temperat\u016bra (K) 5000.<br \/>\nGaismas kr\u0101sa Cool White.<br \/>\nJauda (W) 54,00.<br \/>\nT\u012bkla spriegums (V) 120V.<br \/>\nT\u012bkla frekvence (Hz) 50.<br \/>\nAptum\u0161ojams .<br \/>\nPiedzi\u0146as str\u0101va (mA) 455.<br \/>\nVid\u0113jais kalpo\u0161anas laiks (nomin\u0101ls) (h) 15 000.<br \/>\nProdukta nomin\u0101lais garums (mm) 1150,0.<\/p>","protected":false},"excerpt":{"rendered":"<p>Labi sabalans\u0113ts spektrs visu veidu sald\u016bdens akv\u0101rijiem. Kr\u0101su temperat\u016bra 5000K. Sald\u016bdens akv\u0101rijam. Tips T5. V\u0101ci\u0146\u0161\/b\u0101ze G5. Lampas apdare mat\u0113ta\/p\u0101rkl\u0101ta. Darba temperat\u016bras diapazons (\u00b0C) -15\u00b0C &#8211; 50\u00b0C. Gaismas pl\u016bsma (lm) 4450. Apk\u0101rt\u0113j\u0101s vides temperat\u016bra maksim\u0101lajai gaismas pl\u016bsmai (\u00b0C) 35. Kr\u0101su temperat\u016bra (K) 5000. Gaismas kr\u0101sa Cool White. Jauda (W) 54,00. T\u012bkla spriegums (V) 120V. T\u012bkla frekvence [&hellip;]<\/p>\n","protected":false},"featured_media":33156,"comment_status":"closed","ping_status":"closed","template":"","meta":{"inline_featured_image":false},"product_cat":[772,886],"product_tag":[],"yst_prominent_words":[],"class_list":{"0":"post-33149","1":"product","2":"type-product","3":"status-publish","4":"has-post-thumbnail","6":"product_cat-atlaides","7":"product_cat-aquastar-augu-un-akvariju-spuldzes","9":"first","10":"instock","11":"sale","12":"taxable","13":"shipping-taxable","14":"purchasable","15":"product-type-simple"},"jetpack_sharing_enabled":true,"_links":{"self":[{"href":"https:\/\/ddt.lv\/lv\/wp-json\/wp\/v2\/product\/33149"}],"collection":[{"href":"https:\/\/ddt.lv\/lv\/wp-json\/wp\/v2\/product"}],"about":[{"href":"https:\/\/ddt.lv\/lv\/wp-json\/wp\/v2\/types\/product"}],"replies":[{"embeddable":true,"href":"https:\/\/ddt.lv\/lv\/wp-json\/wp\/v2\/comments?post=33149"}],"wp:featuredmedia":[{"embeddable":true,"href":"https:\/\/ddt.lv\/lv\/wp-json\/wp\/v2\/media\/33156"}],"wp:attachment":[{"href":"https:\/\/ddt.lv\/lv\/wp-json\/wp\/v2\/media?parent=33149"}],"wp:term":[{"taxonomy":"product_cat","embeddable":true,"href":"https:\/\/ddt.lv\/lv\/wp-json\/wp\/v2\/product_cat?post=33149"},{"taxonomy":"product_tag","embeddable":true,"href":"https:\/\/ddt.lv\/lv\/wp-json\/wp\/v2\/product_tag?post=33149"},{"taxonomy":"yst_prominent_words","embeddable":true,"href":"https:\/\/ddt.lv\/lv\/wp-json\/wp\/v2\/yst_prominent_words?post=33149"}],"curies":[{"name":"wp","href":"https:\/\/api.w.org\/{rel}","templated":true}]}}