{"id":33148,"date":"2022-03-28T14:30:19","date_gmt":"2022-03-28T11:30:19","guid":{"rendered":"https:\/\/ddt.lv\/lv\/product\/fho-24w-t5-marinestar-retail-15000k-luminiscenta-spuldze-sylvania\/"},"modified":"2026-04-13T09:55:40","modified_gmt":"2026-04-13T06:55:40","slug":"fho-24w-t5-marinestar-retail-15000k-luminiscenta-spuldze-sylvania","status":"publish","type":"product","link":"https:\/\/ddt.lv\/lv\/product\/fho-24w-t5-marinestar-retail-15000k-luminiscenta-spuldze-sylvania\/","title":{"rendered":"FHO 24W\/T5 MARINESTAR Retail 15000K luminiscent\u0101 spuldze Sylvania"},"content":{"rendered":"<p>Augsta kr\u0101su temperat\u016bra: 15000K. Radi\u0101cija 420 nm, lai atbalst\u012btu kora\u013c\u013cu aug\u0161anu. J\u016bras \u016bdens akv\u0101riju apgaismojums.<br \/>\nTips T5.<br \/>\nV\u0101ci\u0146\u0161\/b\u0101ze G5.<br \/>\nLampas apdare mat\u0113ta\/p\u0101rkl\u0101ta.<br \/>\nDarba temperat\u016bras diapazons (\u00b0C) -15\u00b0C &#8211; 50\u00b0C.<br \/>\nGaismas pl\u016bsma (lm) 1100.<br \/>\nGaismas pl\u016bsma (nomin\u0101l\u0101) pie 35\u00b0C (lm) 1300.<br \/>\nApk\u0101rt\u0113j\u0101s vides temperat\u016bra maksim\u0101lajai gaismas pl\u016bsmai (\u00b0C) 35.<br \/>\nKr\u0101su temperat\u016bra (K) 15000.<br \/>\nJauda (W) 24,00.<br \/>\nProdukta spriegums (V) 75.<br \/>\nAptum\u0161ojams .<br \/>\nVid\u0113jais kalpo\u0161anas laiks (nomin\u0101ls) (h) 15 000.<br \/>\nProdukta nomin\u0101lais garums (mm) 550.<\/p>","protected":false},"excerpt":{"rendered":"<p>Augsta kr\u0101su temperat\u016bra: 15000K. Radi\u0101cija 420 nm, lai atbalst\u012btu kora\u013c\u013cu aug\u0161anu. J\u016bras \u016bdens akv\u0101riju apgaismojums. Tips T5. V\u0101ci\u0146\u0161\/b\u0101ze G5. Lampas apdare mat\u0113ta\/p\u0101rkl\u0101ta. Darba temperat\u016bras diapazons (\u00b0C) -15\u00b0C &#8211; 50\u00b0C. Gaismas pl\u016bsma (lm) 1100. Gaismas pl\u016bsma (nomin\u0101l\u0101) pie 35\u00b0C (lm) 1300. Apk\u0101rt\u0113j\u0101s vides temperat\u016bra maksim\u0101lajai gaismas pl\u016bsmai (\u00b0C) 35. Kr\u0101su temperat\u016bra (K) 15000. Jauda (W) 24,00. [&hellip;]<\/p>\n","protected":false},"featured_media":33157,"comment_status":"closed","ping_status":"closed","template":"","meta":{"inline_featured_image":false},"product_cat":[772,890],"product_tag":[],"yst_prominent_words":[],"class_list":{"0":"post-33148","1":"product","2":"type-product","3":"status-publish","4":"has-post-thumbnail","6":"product_cat-atlaides","7":"product_cat-marinestar-augu-un-akvariju-spuldzes","9":"first","10":"instock","11":"sale","12":"taxable","13":"shipping-taxable","14":"purchasable","15":"product-type-simple"},"jetpack_sharing_enabled":true,"_links":{"self":[{"href":"https:\/\/ddt.lv\/lv\/wp-json\/wp\/v2\/product\/33148"}],"collection":[{"href":"https:\/\/ddt.lv\/lv\/wp-json\/wp\/v2\/product"}],"about":[{"href":"https:\/\/ddt.lv\/lv\/wp-json\/wp\/v2\/types\/product"}],"replies":[{"embeddable":true,"href":"https:\/\/ddt.lv\/lv\/wp-json\/wp\/v2\/comments?post=33148"}],"wp:featuredmedia":[{"embeddable":true,"href":"https:\/\/ddt.lv\/lv\/wp-json\/wp\/v2\/media\/33157"}],"wp:attachment":[{"href":"https:\/\/ddt.lv\/lv\/wp-json\/wp\/v2\/media?parent=33148"}],"wp:term":[{"taxonomy":"product_cat","embeddable":true,"href":"https:\/\/ddt.lv\/lv\/wp-json\/wp\/v2\/product_cat?post=33148"},{"taxonomy":"product_tag","embeddable":true,"href":"https:\/\/ddt.lv\/lv\/wp-json\/wp\/v2\/product_tag?post=33148"},{"taxonomy":"yst_prominent_words","embeddable":true,"href":"https:\/\/ddt.lv\/lv\/wp-json\/wp\/v2\/yst_prominent_words?post=33148"}],"curies":[{"name":"wp","href":"https:\/\/api.w.org\/{rel}","templated":true}]}}