{"id":32961,"date":"2022-03-02T14:30:14","date_gmt":"2022-03-02T12:30:14","guid":{"rendered":"https:\/\/ddt.lv\/lv\/product\/led-prozektors-ar-sensoru-50w-ip54-4000lm-4k-tambo-emos\/"},"modified":"2026-04-08T14:41:42","modified_gmt":"2026-04-08T11:41:42","slug":"led-prozektors-ar-sensoru-50w-ip54-4000lm-4k-tambo-emos","status":"publish","type":"product","link":"https:\/\/ddt.lv\/lv\/product\/led-prozektors-ar-sensoru-50w-ip54-4000lm-4k-tambo-emos\/","title":{"rendered":"LED pro\u017eektors ar sensoru 50W IP54 4000lm 4K TAMBO EMOS"},"content":{"rendered":"<p>50 W.<\/p>\n<p>PIR sensors .<\/p>\n<p>IP54 aizsardz\u012bba.<\/p>\n<p>430 W spuldzes nomai\u0146a.<\/p>\n<p>gaismas pl\u016bsma 4000 lm.<\/p>\n<p>TAMBO s\u0113rija. hromatisk\u0101 temperat\u016bra 4 000 K.<\/p>\n<p>gaismas kr\u0101sa neitr\u0101la balta.<\/p>\n<p>kr\u0101su render\u0113\u0161anas indekss (CRI) Ra&gt; 80.<\/p>\n<p>PIR sensora darb\u012bbas r\u0101diuss 10 m.<\/p>\n<p>darba temperat\u016bras diapazons -20\u00b0C l\u012bdz +40\u00b0C.<\/p>\n<p>kalpo\u0161anas laiks 25 000 stundas. melna kr\u0101sa.<\/p>\n<p>spriegums 220-240 V ~.<\/p>\n<p>str\u0101vas kabe\u013ca garums 30cm.<\/p>\n<p>&nbsp;<\/p>","protected":false},"excerpt":{"rendered":"<p>50 W. PIR sensors . IP54 aizsardz\u012bba. 430 W spuldzes nomai\u0146a. gaismas pl\u016bsma 4000 lm. TAMBO s\u0113rija. hromatisk\u0101 temperat\u016bra 4 000 K. gaismas kr\u0101sa neitr\u0101la balta. kr\u0101su render\u0113\u0161anas indekss (CRI) Ra&gt; 80. PIR sensora darb\u012bbas r\u0101diuss 10 m. darba temperat\u016bras diapazons -20\u00b0C l\u012bdz +40\u00b0C. kalpo\u0161anas laiks 25 000 stundas. melna kr\u0101sa. spriegums 220-240 V ~. [&hellip;]<\/p>\n","protected":false},"featured_media":32962,"comment_status":"closed","ping_status":"closed","template":"","meta":{"inline_featured_image":false},"product_cat":[908],"product_tag":[],"yst_prominent_words":[],"class_list":{"0":"post-32961","1":"product","2":"type-product","3":"status-publish","4":"has-post-thumbnail","6":"product_cat-led-prozektori","8":"first","9":"outofstock","10":"taxable","11":"shipping-taxable","12":"purchasable","13":"product-type-simple"},"jetpack_sharing_enabled":true,"_links":{"self":[{"href":"https:\/\/ddt.lv\/lv\/wp-json\/wp\/v2\/product\/32961"}],"collection":[{"href":"https:\/\/ddt.lv\/lv\/wp-json\/wp\/v2\/product"}],"about":[{"href":"https:\/\/ddt.lv\/lv\/wp-json\/wp\/v2\/types\/product"}],"replies":[{"embeddable":true,"href":"https:\/\/ddt.lv\/lv\/wp-json\/wp\/v2\/comments?post=32961"}],"wp:featuredmedia":[{"embeddable":true,"href":"https:\/\/ddt.lv\/lv\/wp-json\/wp\/v2\/media\/32962"}],"wp:attachment":[{"href":"https:\/\/ddt.lv\/lv\/wp-json\/wp\/v2\/media?parent=32961"}],"wp:term":[{"taxonomy":"product_cat","embeddable":true,"href":"https:\/\/ddt.lv\/lv\/wp-json\/wp\/v2\/product_cat?post=32961"},{"taxonomy":"product_tag","embeddable":true,"href":"https:\/\/ddt.lv\/lv\/wp-json\/wp\/v2\/product_tag?post=32961"},{"taxonomy":"yst_prominent_words","embeddable":true,"href":"https:\/\/ddt.lv\/lv\/wp-json\/wp\/v2\/yst_prominent_words?post=32961"}],"curies":[{"name":"wp","href":"https:\/\/api.w.org\/{rel}","templated":true}]}}