{"id":32960,"date":"2022-03-02T14:20:30","date_gmt":"2022-03-02T12:20:30","guid":{"rendered":"https:\/\/ddt.lv\/lv\/product\/led-gls-a60-e27-9-7w-230v-806lm-4000k-ra97-spuldze-emos\/"},"modified":"2026-04-08T14:41:42","modified_gmt":"2026-04-08T11:41:42","slug":"led-gls-a60-e27-9-7w-230v-806lm-4000k-ra97-spuldze-emos","status":"publish","type":"product","link":"https:\/\/ddt.lv\/lv\/product\/led-gls-a60-e27-9-7w-230v-806lm-4000k-ra97-spuldze-emos\/","title":{"rendered":"LED GLS A60 E27 9.7W 230V 806lm 4000K  augstas kr\u0101su iz\u0161\u0137irtsp\u0113jas Ra&gt;97 spuldze EMOS"},"content":{"rendered":"<p><\/p>\n<blockquote><p>220-240 V~\/50 Hz.<br \/>\nKontaktligzda (spuldzes tur\u0113t\u0101js)<br \/>\nE27.<br \/>\nJauda<br \/>\n10 W.<br \/>\nVecais ekvivalents<br \/>\n60 W.<br \/>\nKr\u0101su temperat\u016bra<br \/>\n4100 K (neitr\u0101la balta).<br \/>\nGaismas pl\u016bsma<br \/>\n806 lm.<br \/>\nStara le\u0146\u0137is<br \/>\n300\u00b0.<br \/>\nIesl\u0113g\u0161anas\/izsl\u0113g\u0161anas skait\u012b\u0161ana<br \/>\n25 000.<br \/>\nIzm\u0113ri<br \/>\n60 x 110 mm.<br \/>\nM\u016b\u017es<br \/>\n30 000 h.<\/p><\/blockquote>\n<p><\/p>","protected":false},"excerpt":{"rendered":"<p>220-240 V~\/50 Hz. Kontaktligzda (spuldzes tur\u0113t\u0101js) E27. Jauda 10 W. Vecais ekvivalents 60 W. Kr\u0101su temperat\u016bra 4100 K (neitr\u0101la balta). Gaismas pl\u016bsma 806 lm. Stara le\u0146\u0137is 300\u00b0. Iesl\u0113g\u0161anas\/izsl\u0113g\u0161anas skait\u012b\u0161ana 25 000. Izm\u0113ri 60 x 110 mm. M\u016b\u017es 30 000 h.<\/p>\n","protected":false},"featured_media":32968,"comment_status":"closed","ping_status":"closed","template":"","meta":{"inline_featured_image":false},"product_cat":[850],"product_tag":[],"yst_prominent_words":[],"class_list":{"0":"post-32960","1":"product","2":"type-product","3":"status-publish","4":"has-post-thumbnail","6":"product_cat-e27-spuldzes","8":"first","9":"instock","10":"taxable","11":"shipping-taxable","12":"purchasable","13":"product-type-simple"},"jetpack_sharing_enabled":true,"_links":{"self":[{"href":"https:\/\/ddt.lv\/lv\/wp-json\/wp\/v2\/product\/32960"}],"collection":[{"href":"https:\/\/ddt.lv\/lv\/wp-json\/wp\/v2\/product"}],"about":[{"href":"https:\/\/ddt.lv\/lv\/wp-json\/wp\/v2\/types\/product"}],"replies":[{"embeddable":true,"href":"https:\/\/ddt.lv\/lv\/wp-json\/wp\/v2\/comments?post=32960"}],"wp:featuredmedia":[{"embeddable":true,"href":"https:\/\/ddt.lv\/lv\/wp-json\/wp\/v2\/media\/32968"}],"wp:attachment":[{"href":"https:\/\/ddt.lv\/lv\/wp-json\/wp\/v2\/media?parent=32960"}],"wp:term":[{"taxonomy":"product_cat","embeddable":true,"href":"https:\/\/ddt.lv\/lv\/wp-json\/wp\/v2\/product_cat?post=32960"},{"taxonomy":"product_tag","embeddable":true,"href":"https:\/\/ddt.lv\/lv\/wp-json\/wp\/v2\/product_tag?post=32960"},{"taxonomy":"yst_prominent_words","embeddable":true,"href":"https:\/\/ddt.lv\/lv\/wp-json\/wp\/v2\/yst_prominent_words?post=32960"}],"curies":[{"name":"wp","href":"https:\/\/api.w.org\/{rel}","templated":true}]}}