{"id":32959,"date":"2022-03-02T14:20:29","date_gmt":"2022-03-02T12:20:29","guid":{"rendered":"https:\/\/ddt.lv\/lv\/product\/multimetrs-digitals-spailu-2v-600v-2xcr2032-emos\/"},"modified":"2026-04-06T11:02:00","modified_gmt":"2026-04-06T08:02:00","slug":"multimetrs-digitals-spailu-2v-600v-2xcr2032-emos","status":"publish","type":"product","link":"https:\/\/ddt.lv\/lv\/product\/multimetrs-digitals-spailu-2v-600v-2xcr2032-emos\/","title":{"rendered":"Multimetrs digit\u0101ls spai\u013cu 2V-600V (2xCR2032) EMOS"},"content":{"rendered":"<p>diapazona izv\u0113le autom\u0101tiska.<br \/>\nMai\u0146str\u0101vas spriegums 2\u2013600 V.<br \/>\nMai\u0146str\u0101va 2-600 A.<br \/>\nL\u012bdzstr\u0101vas spriegums 200 mV &#8211; 600 V.<br \/>\nelektrisk\u0101 pretest\u012bba 200 Ohm &#8211; 20 MOhm.<br \/>\n\u0137\u0113des nep\u0101rtraukt\u012bba .<br \/>\ndiodes p\u0101rbaude .<br \/>\nizm\u0113r\u012bt\u0101s v\u0113rt\u012bbas ieraksts .<br \/>\nautom\u0101tiska izsl\u0113g\u0161an\u0101s .<br \/>\n3,5 ciparu displejs.<br \/>\ndispleja fona apgaismojums .<br \/>\nzema akumulatora indikators .<br \/>\nizm\u0113rs 36 \u00d7 76 \u00d7 190 mm.<br \/>\nspailes multimetrs .<br \/>\nbaro\u0161anas avots 2 \u00d7 3 V CR2032 (iek\u013cauts).<\/p>","protected":false},"excerpt":{"rendered":"<p>diapazona izv\u0113le autom\u0101tiska. Mai\u0146str\u0101vas spriegums 2\u2013600 V. Mai\u0146str\u0101va 2-600 A. L\u012bdzstr\u0101vas spriegums 200 mV &#8211; 600 V. elektrisk\u0101 pretest\u012bba 200 Ohm &#8211; 20 MOhm. \u0137\u0113des nep\u0101rtraukt\u012bba . diodes p\u0101rbaude . izm\u0113r\u012bt\u0101s v\u0113rt\u012bbas ieraksts . autom\u0101tiska izsl\u0113g\u0161an\u0101s . 3,5 ciparu displejs. displeja fona apgaismojums . zema akumulatora indikators . izm\u0113rs 36 \u00d7 76 \u00d7 190 mm. [&hellip;]<\/p>\n","protected":false},"featured_media":32970,"comment_status":"closed","ping_status":"closed","template":"","meta":{"inline_featured_image":false},"product_cat":[1504],"product_tag":[],"yst_prominent_words":[],"class_list":{"0":"post-32959","1":"product","2":"type-product","3":"status-publish","4":"has-post-thumbnail","6":"product_cat-multimetri-un-testeri-merinstrumenti","8":"first","9":"outofstock","10":"taxable","11":"shipping-taxable","12":"purchasable","13":"product-type-simple"},"jetpack_sharing_enabled":true,"_links":{"self":[{"href":"https:\/\/ddt.lv\/lv\/wp-json\/wp\/v2\/product\/32959"}],"collection":[{"href":"https:\/\/ddt.lv\/lv\/wp-json\/wp\/v2\/product"}],"about":[{"href":"https:\/\/ddt.lv\/lv\/wp-json\/wp\/v2\/types\/product"}],"replies":[{"embeddable":true,"href":"https:\/\/ddt.lv\/lv\/wp-json\/wp\/v2\/comments?post=32959"}],"wp:featuredmedia":[{"embeddable":true,"href":"https:\/\/ddt.lv\/lv\/wp-json\/wp\/v2\/media\/32970"}],"wp:attachment":[{"href":"https:\/\/ddt.lv\/lv\/wp-json\/wp\/v2\/media?parent=32959"}],"wp:term":[{"taxonomy":"product_cat","embeddable":true,"href":"https:\/\/ddt.lv\/lv\/wp-json\/wp\/v2\/product_cat?post=32959"},{"taxonomy":"product_tag","embeddable":true,"href":"https:\/\/ddt.lv\/lv\/wp-json\/wp\/v2\/product_tag?post=32959"},{"taxonomy":"yst_prominent_words","embeddable":true,"href":"https:\/\/ddt.lv\/lv\/wp-json\/wp\/v2\/yst_prominent_words?post=32959"}],"curies":[{"name":"wp","href":"https:\/\/api.w.org\/{rel}","templated":true}]}}